{"id":365,"date":"2020-04-11T14:06:03","date_gmt":"2020-04-11T11:06:03","guid":{"rendered":"http:\/\/sutore.com\/product\/import-placeholder-for-1054\/"},"modified":"2026-03-31T16:34:15","modified_gmt":"2026-03-31T13:34:15","slug":"adidas-yeezy-boost-700-v3-alvah","status":"publish","type":"product","link":"https:\/\/sutore.com\/en\/product\/adidas-yeezy-boost-700-v3-alvah\/","title":{"rendered":"adidas Yeezy Boost 700 V3 Alvah"},"content":{"rendered":"","protected":false},"excerpt":{"rendered":"<p style=\"text-align: center;\">Yeezy Ailesi, \u015fimdi sutore&#8217;de bulunan adidas Yeezy Boost 700 V3 Alvah ile 700 \u00e7izgisini b\u00fcy\u00fctmeye devam ediyor. 3. nesil bu Yeezy Boost 700; \u015fekli, \u00e7izgisi, dokusu ve hatta beklentileriyle oynayarak devam eden i\u015f birliklerinden g\u00f6rd\u00fc\u011f\u00fcm\u00fcz en sofistike tasar\u0131mlardan birini bize sunuyor. Yar\u0131\u015f arabas\u0131 ve astronot k\u0131yafetini an\u0131msatan tek par\u00e7a d\u0131\u015f kabuk, yenilik\u00e7i ve \u00f6nemli hissettiriyor.<\/p>\n<p>&nbsp;<\/p>\n<p style=\"text-align: center;\">Bu Yeezy 700 V3, m\u00fchendislik \u00f6rg\u00fclerden olu\u015fan siyah ve gri bir \u00fcst i\u00e7eriyor. Nisan 2020&#8217;de piyasaya s\u00fcr\u00fclen bu model 200 dolar fiyat etiketiyle vitrinlerdeki yerini ald\u0131. Bu zaman \u00f6tesi modeli stoklar erimeden hemen sat\u0131n al.<\/p>\n<p>&nbsp;<\/p>\n<p style=\"text-align: center;\">\u00dcr\u00fcn hakk\u0131nda daha fazla bilgi almak ve \u00fcr\u00fcn\u00fcn g\u00fcncel global piyasa de\u011ferini takip etmek i\u00e7in <a href=\"https:\/\/stockx.com\/de-de\/adidas-yeezy-700-v3-alvah\" target=\"_blank\" rel=\"noopener noreferrer\">StockX<\/a> adresini ziyaret edebilirsiniz.<\/p>\n","protected":false},"featured_media":392,"template":"","meta":{"_acf_changed":false},"product_brand":[2127,1927,2003,2126],"product_cat":[74,1575,95,71,1570,1569,1571,72],"product_tag":[1327],"class_list":{"0":"post-365","1":"product","2":"type-product","3":"status-publish","4":"has-post-thumbnail","6":"product_brand-adidas-en","7":"product_brand-adidas","8":"product_brand-yeezy","9":"product_brand-yeezy-en","10":"product_cat-sneakers","11":"product_cat-700-en","12":"product_cat-95","13":"product_cat-adidas","14":"product_cat-adidas-en","15":"product_cat-sneakers-en","16":"product_cat-yeezy-en","17":"product_cat-yeezy","18":"product_tag-siyah","20":"first","21":"instock","22":"shipping-taxable","23":"purchasable","24":"product-type-variable"},"acf":[],"_links":{"self":[{"href":"https:\/\/sutore.com\/en\/wp-json\/wp\/v2\/product\/365","targetHints":{"allow":["GET"]}}],"collection":[{"href":"https:\/\/sutore.com\/en\/wp-json\/wp\/v2\/product"}],"about":[{"href":"https:\/\/sutore.com\/en\/wp-json\/wp\/v2\/types\/product"}],"wp:featuredmedia":[{"embeddable":true,"href":"https:\/\/sutore.com\/en\/wp-json\/wp\/v2\/media\/392"}],"wp:attachment":[{"href":"https:\/\/sutore.com\/en\/wp-json\/wp\/v2\/media?parent=365"}],"wp:term":[{"taxonomy":"product_brand","embeddable":true,"href":"https:\/\/sutore.com\/en\/wp-json\/wp\/v2\/product_brand?post=365"},{"taxonomy":"product_cat","embeddable":true,"href":"https:\/\/sutore.com\/en\/wp-json\/wp\/v2\/product_cat?post=365"},{"taxonomy":"product_tag","embeddable":true,"href":"https:\/\/sutore.com\/en\/wp-json\/wp\/v2\/product_tag?post=365"}],"curies":[{"name":"wp","href":"https:\/\/api.w.org\/{rel}","templated":true}]}}