{"id":36817,"date":"2021-06-05T16:46:27","date_gmt":"2021-06-05T13:46:27","guid":{"rendered":"https:\/\/sutore.com\/?post_type=product&#038;p=36817"},"modified":"2026-03-27T16:10:30","modified_gmt":"2026-03-27T13:10:30","slug":"nike-sb-dunk-low-classic-green","status":"publish","type":"product","link":"https:\/\/sutore.com\/en\/product\/nike-sb-dunk-low-classic-green\/","title":{"rendered":"Nike SB Dunk Low Classic Green"},"content":{"rendered":"<p style=\"text-align: center;\">Nike SB ve Ben &amp; Jerry, \u015fimdi sutore&#8217;de bulunan Nike SB Dunk Low Ben &amp; Jerry\u2019s Chunky Dunky ile SB tarihine ne\u015feli bir model eklemek i\u00e7in g\u00fc\u00e7lerini birle\u015ftirdi. Ben &amp; Jerry&#8217;nin \u00fcnl\u00fc renkli dondurma ambalaj\u0131ndan ilham alan bu model, yeni ve basit bir renk grubunun \u00f6tesine ge\u00e7iyor ve Dunk Low siluetinde hi\u00e7 kullan\u0131lmam\u0131\u015f benzersiz detaylar\u0131 sunuyor.<\/p>\n<p style=\"text-align: center;\">Bu Nike SB Dunk Low, bulutlu mavi g\u00f6ky\u00fcz\u00fc, inekler ve \u00e7ay\u0131rlar\u0131n yer ald\u0131\u011f\u0131 deri bir \u00fcst i\u00e7eriyor. Eriyen bir dondurmaya benzeyen yandaki sar\u0131 Nike logosu, damlay\u0131 and\u0131ran \u00e7\u0131k\u0131nt\u0131l\u0131 bir \u015fekil i\u00e7eriyor. Tie-dye i\u00e7 taban, topuktaki Ben &amp; Jerry stili Nike amblemi ve ye\u015fil taban tasar\u0131m\u0131 tamaml\u0131yor. May\u0131s 2020&#8217;de piyasaya s\u00fcr\u00fclen bu model 100 dolar fiyat etiketiyle vitrinlerdeki yerini ald\u0131. Bu leziz modeli stoklar erimeden hemen sat\u0131n al.<\/p>\n<p style=\"text-align: center;\">\u00dcr\u00fcn hakk\u0131nda daha fazla bilgi almak ve \u00fcr\u00fcn\u00fcn g\u00fcncel global piyasa de\u011ferini takip etmek i\u00e7in <a href=\"https:\/\/stockx.com\/nike-sb-dunk-low-classic-green\" target=\"_blank\" rel=\"noopener noreferrer\">StockX<\/a> adresini ziyaret edebilirsiniz.<\/p>\n","protected":false},"excerpt":{"rendered":"<p style=\"text-align: center;\">\u00dcr\u00fcn hakk\u0131nda daha fazla bilgi almak ve \u00fcr\u00fcn\u00fcn g\u00fcncel global piyasa de\u011ferini takip etmek i\u00e7in <a href=\"https:\/\/stockx.com\/nike-sb-dunk-low-classic-green\" target=\"_blank\" rel=\"noopener noreferrer\">StockX<\/a> adresini ziyaret edebilirsiniz.<\/p>\n","protected":false},"featured_media":36841,"template":"","meta":{"_acf_changed":false},"product_brand":[1928,2087],"product_cat":[74,100,1585,98,1582,1569],"product_tag":[1331],"class_list":{"0":"post-36817","1":"product","2":"type-product","3":"status-publish","4":"has-post-thumbnail","6":"product_brand-nike","7":"product_brand-nike-en","8":"product_cat-sneakers","9":"product_cat-dunk","10":"product_cat-dunk-en","11":"product_cat-nike","12":"product_cat-nike-en","13":"product_cat-sneakers-en","14":"product_tag-yesil","16":"first","17":"instock","18":"shipping-taxable","19":"purchasable","20":"product-type-variable"},"acf":[],"_links":{"self":[{"href":"https:\/\/sutore.com\/en\/wp-json\/wp\/v2\/product\/36817","targetHints":{"allow":["GET"]}}],"collection":[{"href":"https:\/\/sutore.com\/en\/wp-json\/wp\/v2\/product"}],"about":[{"href":"https:\/\/sutore.com\/en\/wp-json\/wp\/v2\/types\/product"}],"wp:featuredmedia":[{"embeddable":true,"href":"https:\/\/sutore.com\/en\/wp-json\/wp\/v2\/media\/36841"}],"wp:attachment":[{"href":"https:\/\/sutore.com\/en\/wp-json\/wp\/v2\/media?parent=36817"}],"wp:term":[{"taxonomy":"product_brand","embeddable":true,"href":"https:\/\/sutore.com\/en\/wp-json\/wp\/v2\/product_brand?post=36817"},{"taxonomy":"product_cat","embeddable":true,"href":"https:\/\/sutore.com\/en\/wp-json\/wp\/v2\/product_cat?post=36817"},{"taxonomy":"product_tag","embeddable":true,"href":"https:\/\/sutore.com\/en\/wp-json\/wp\/v2\/product_tag?post=36817"}],"curies":[{"name":"wp","href":"https:\/\/api.w.org\/{rel}","templated":true}]}}