{"id":378578,"date":"2025-04-23T20:48:02","date_gmt":"2025-04-23T17:48:02","guid":{"rendered":"https:\/\/sutore.com\/?post_type=product&#038;p=378578"},"modified":"2026-04-02T16:33:12","modified_gmt":"2026-04-02T13:33:12","slug":"nike-reactx-rejuven8-light-orewood-brown","status":"publish","type":"product","link":"https:\/\/sutore.com\/en\/product\/nike-reactx-rejuven8-light-orewood-brown\/","title":{"rendered":"Nike ReactX Rejuven8 Light Orewood Brown"},"content":{"rendered":"<p style=\"text-align: center;\">Nike ReactX Rejuven8 Light Orewood Brown, minimalizm ile zarafeti yenilik\u00e7i bir \u00e7izgide bulu\u015fturuyor. Monokrom renk paleti ve dalga dokulu saya tasar\u0131m\u0131, \u00fcst\u00fcn nefes alabilirlik ve konfor sa\u011flarken, ReactX k\u00f6p\u00fck tabanl\u0131k teknolojisi her ad\u0131mda yast\u0131klama ve destek sunuyor. Hafif yap\u0131s\u0131, nefes alabilen detaylar\u0131 ve kolay giyilebilen slip-on formu ile, Nike ReactX Rejuven8 Light Orewood Brown, g\u00fcnl\u00fck stilinize \u015f\u0131kl\u0131k ve fonksiyon katan \u2018others\u2019 kategorisinin vazge\u00e7ilmez bir par\u00e7as\u0131 olarak \u00f6ne \u00e7\u0131k\u0131yor.<\/p>\n","protected":false},"excerpt":{"rendered":"<p style=\"text-align: center;\">Nike ReactX Rejuven8 Light Orewood Brown, minimalizm ile zarafeti yenilik\u00e7i bir \u00e7izgide bulu\u015fturuyor. Monokrom renk paleti ve dalga dokulu saya tasar\u0131m\u0131, \u00fcst\u00fcn nefes alabilirlik ve konfor sa\u011flarken, ReactX k\u00f6p\u00fck tabanl\u0131k teknolojisi her ad\u0131mda yast\u0131klama ve destek sunuyor. Hafif yap\u0131s\u0131, nefes alabilen detaylar\u0131 ve kolay giyilebilen slip-on formu ile, Nike ReactX Rejuven8 Light Orewood Brown, g\u00fcnl\u00fck stilinize \u015f\u0131kl\u0131k ve fonksiyon katan \u2018others\u2019 kategorisinin vazge\u00e7ilmez bir par\u00e7as\u0131 olarak \u00f6ne \u00e7\u0131k\u0131yor.<\/p>\n","protected":false},"featured_media":378585,"template":"","meta":{"_acf_changed":false},"product_brand":[2087,1928],"product_cat":[101,1582,98,1586,74,1569],"product_tag":[1328],"class_list":{"0":"post-378578","1":"product","2":"type-product","3":"status-publish","4":"has-post-thumbnail","6":"product_brand-nike-en","7":"product_brand-nike","8":"product_cat-others-nike","9":"product_cat-nike-en","10":"product_cat-nike","11":"product_cat-others-nike-en","12":"product_cat-sneakers","13":"product_cat-sneakers-en","14":"product_tag-beyaz","16":"first","17":"instock","18":"shipping-taxable","19":"purchasable","20":"product-type-variable"},"acf":[],"_links":{"self":[{"href":"https:\/\/sutore.com\/en\/wp-json\/wp\/v2\/product\/378578","targetHints":{"allow":["GET"]}}],"collection":[{"href":"https:\/\/sutore.com\/en\/wp-json\/wp\/v2\/product"}],"about":[{"href":"https:\/\/sutore.com\/en\/wp-json\/wp\/v2\/types\/product"}],"wp:featuredmedia":[{"embeddable":true,"href":"https:\/\/sutore.com\/en\/wp-json\/wp\/v2\/media\/378585"}],"wp:attachment":[{"href":"https:\/\/sutore.com\/en\/wp-json\/wp\/v2\/media?parent=378578"}],"wp:term":[{"taxonomy":"product_brand","embeddable":true,"href":"https:\/\/sutore.com\/en\/wp-json\/wp\/v2\/product_brand?post=378578"},{"taxonomy":"product_cat","embeddable":true,"href":"https:\/\/sutore.com\/en\/wp-json\/wp\/v2\/product_cat?post=378578"},{"taxonomy":"product_tag","embeddable":true,"href":"https:\/\/sutore.com\/en\/wp-json\/wp\/v2\/product_tag?post=378578"}],"curies":[{"name":"wp","href":"https:\/\/api.w.org\/{rel}","templated":true}]}}