{"id":379098,"date":"2025-05-01T01:56:20","date_gmt":"2025-04-30T22:56:20","guid":{"rendered":"https:\/\/sutore.com\/?post_type=product&#038;p=379098"},"modified":"2026-04-04T05:01:17","modified_gmt":"2026-04-04T02:01:17","slug":"nike-kobe-9-em-low-protro-mambacita","status":"publish","type":"product","link":"https:\/\/sutore.com\/en\/product\/nike-kobe-9-em-low-protro-mambacita\/","title":{"rendered":"Nike Kobe 9 EM Low Protro Mambacita"},"content":{"rendered":"<p style=\"text-align: center;\">Nike Kobe 9 EM Low Protro Mambacita sneaker, Gigi Bryant\u2019\u0131n miras\u0131na sayg\u0131 duru\u015funda bulunan zarif bir tasar\u0131m olarak \u00f6ne \u00e7\u0131k\u0131yor. Siyah-beyaz renk paletindeki nefes alabilen \u00f6rg\u00fc \u00fcst k\u0131s\u0131m ve metalik alt\u0131n detaylar, hem estetik hem sportif bir \u015f\u0131kl\u0131k vadediyor. \u201cGigi\u201d nak\u0131\u015flar\u0131, topukta alt\u0131n kalp ve 2 numara, \u00f6zel \u201cMambacita\u201d kutusu ve ekstra siyah ba\u011fc\u0131klar ile tamamlanan bu model, kobe tutkunlar\u0131na ve nike koleksiyonerlerine e\u015fsiz bir de\u011fer sunuyor.<\/p>\n","protected":false},"excerpt":{"rendered":"<p style=\"text-align: center;\">Nike Kobe 9 EM Low Protro Mambacita sneaker, Gigi Bryant\u2019\u0131n miras\u0131na sayg\u0131 duru\u015funda bulunan zarif bir tasar\u0131m olarak \u00f6ne \u00e7\u0131k\u0131yor. Siyah-beyaz renk paletindeki nefes alabilen \u00f6rg\u00fc \u00fcst k\u0131s\u0131m ve metalik alt\u0131n detaylar, hem estetik hem sportif bir \u015f\u0131kl\u0131k vadediyor. \u201cGigi\u201d nak\u0131\u015flar\u0131, topukta alt\u0131n kalp ve 2 numara, \u00f6zel \u201cMambacita\u201d kutusu ve ekstra siyah ba\u011fc\u0131klar ile tamamlanan bu model, kobe tutkunlar\u0131na ve nike koleksiyonerlerine e\u015fsiz bir de\u011fer sunuyor.<\/p>\n","protected":false},"featured_media":379105,"template":"","meta":{"_acf_changed":false},"product_brand":[1928,2087],"product_cat":[1880,1885,98,1582,74,1569],"product_tag":[1327],"class_list":{"0":"post-379098","1":"product","2":"type-product","3":"status-publish","4":"has-post-thumbnail","6":"product_brand-nike","7":"product_brand-nike-en","8":"product_cat-kobe","9":"product_cat-kobe-en","10":"product_cat-nike","11":"product_cat-nike-en","12":"product_cat-sneakers","13":"product_cat-sneakers-en","14":"product_tag-siyah","16":"first","17":"instock","18":"shipping-taxable","19":"purchasable","20":"product-type-variable"},"acf":[],"_links":{"self":[{"href":"https:\/\/sutore.com\/en\/wp-json\/wp\/v2\/product\/379098","targetHints":{"allow":["GET"]}}],"collection":[{"href":"https:\/\/sutore.com\/en\/wp-json\/wp\/v2\/product"}],"about":[{"href":"https:\/\/sutore.com\/en\/wp-json\/wp\/v2\/types\/product"}],"wp:featuredmedia":[{"embeddable":true,"href":"https:\/\/sutore.com\/en\/wp-json\/wp\/v2\/media\/379105"}],"wp:attachment":[{"href":"https:\/\/sutore.com\/en\/wp-json\/wp\/v2\/media?parent=379098"}],"wp:term":[{"taxonomy":"product_brand","embeddable":true,"href":"https:\/\/sutore.com\/en\/wp-json\/wp\/v2\/product_brand?post=379098"},{"taxonomy":"product_cat","embeddable":true,"href":"https:\/\/sutore.com\/en\/wp-json\/wp\/v2\/product_cat?post=379098"},{"taxonomy":"product_tag","embeddable":true,"href":"https:\/\/sutore.com\/en\/wp-json\/wp\/v2\/product_tag?post=379098"}],"curies":[{"name":"wp","href":"https:\/\/api.w.org\/{rel}","templated":true}]}}