{"id":379985,"date":"2025-05-09T12:29:53","date_gmt":"2025-05-09T09:29:53","guid":{"rendered":"https:\/\/sutore.com\/?post_type=product&#038;p=379985"},"modified":"2026-04-03T16:45:09","modified_gmt":"2026-04-03T13:45:09","slug":"fc-barcelona-x-travis-scott-limited-edition-match-home-2024-25-jersey","status":"publish","type":"product","link":"https:\/\/sutore.com\/en\/product\/fc-barcelona-x-travis-scott-limited-edition-match-home-2024-25-jersey\/","title":{"rendered":"FC Barcelona x Travis Scott Limited Edition Match Home 2024\/25 Jersey"},"content":{"rendered":"<p style=\"text-align: center;\">FC Barcelona x Travis Scott Limited Edition Match Home 2024\/25 Jersey Blue\/Scarlet formas\u0131, futbol ve moda tutkunlar\u0131 i\u00e7in \u00f6zel bir se\u00e7enektir. Bu s\u0131n\u0131rl\u0131 \u00fcretim forma, Travis Scott&#8217;un e\u015fsiz tarz\u0131n\u0131 FC Barcelona&#8217;n\u0131n tarihi renkleri Blue ve Scarlet ile birle\u015ftiriyor. Futbol hayranlar\u0131n\u0131n ve koleksiyonerlerin ka\u00e7\u0131rmamas\u0131 gereken bir par\u00e7a. Y\u00fcksek kaliteli malzemeleriyle sahada ve trib\u00fcnde konfor sa\u011flar. FC Barcelona tutkunuysan\u0131z veya Travis Scott stiline ilgi duyuyorsan\u0131z, bu formay\u0131 hemen ke\u015ffedin.<\/p>\n","protected":false},"excerpt":{"rendered":"<p style=\"text-align: center;\">FC Barcelona x Travis Scott Limited Edition Match Home 2024\/25 Jersey Blue\/Scarlet formas\u0131, futbol ve moda tutkunlar\u0131 i\u00e7in \u00f6zel bir se\u00e7enektir. Bu s\u0131n\u0131rl\u0131 \u00fcretim forma, Travis Scott&#8217;un e\u015fsiz tarz\u0131n\u0131 FC Barcelona&#8217;n\u0131n tarihi renkleri Blue ve Scarlet ile birle\u015ftiriyor. Futbol hayranlar\u0131n\u0131n ve koleksiyonerlerin ka\u00e7\u0131rmamas\u0131 gereken bir par\u00e7a. Y\u00fcksek kaliteli malzemeleriyle sahada ve trib\u00fcnde konfor sa\u011flar. FC Barcelona tutkunuysan\u0131z veya Travis Scott stiline ilgi duyuyorsan\u0131z, bu formay\u0131 hemen ke\u015ffedin.<\/p>\n","protected":false},"featured_media":379988,"template":"","meta":{"_acf_changed":false},"product_brand":[2087,1928,2008,2117],"product_cat":[1564,714,2179,2155],"product_tag":[1332],"class_list":{"0":"post-379985","1":"product","2":"type-product","3":"status-publish","4":"has-post-thumbnail","6":"product_brand-nike-en","7":"product_brand-nike","8":"product_brand-travis-scott","9":"product_brand-travis-scott-en","10":"product_cat-apparels-en","11":"product_cat-apparels","12":"product_cat-tops-en","13":"product_cat-tops","14":"product_tag-mavi","16":"first","17":"outofstock","18":"shipping-taxable","19":"product-type-variable"},"acf":[],"_links":{"self":[{"href":"https:\/\/sutore.com\/en\/wp-json\/wp\/v2\/product\/379985","targetHints":{"allow":["GET"]}}],"collection":[{"href":"https:\/\/sutore.com\/en\/wp-json\/wp\/v2\/product"}],"about":[{"href":"https:\/\/sutore.com\/en\/wp-json\/wp\/v2\/types\/product"}],"wp:featuredmedia":[{"embeddable":true,"href":"https:\/\/sutore.com\/en\/wp-json\/wp\/v2\/media\/379988"}],"wp:attachment":[{"href":"https:\/\/sutore.com\/en\/wp-json\/wp\/v2\/media?parent=379985"}],"wp:term":[{"taxonomy":"product_brand","embeddable":true,"href":"https:\/\/sutore.com\/en\/wp-json\/wp\/v2\/product_brand?post=379985"},{"taxonomy":"product_cat","embeddable":true,"href":"https:\/\/sutore.com\/en\/wp-json\/wp\/v2\/product_cat?post=379985"},{"taxonomy":"product_tag","embeddable":true,"href":"https:\/\/sutore.com\/en\/wp-json\/wp\/v2\/product_tag?post=379985"}],"curies":[{"name":"wp","href":"https:\/\/api.w.org\/{rel}","templated":true}]}}