{"id":384239,"date":"2025-04-03T18:28:27","date_gmt":"2025-04-03T15:28:27","guid":{"rendered":"https:\/\/sutore.com\/?post_type=product&#038;p=384239"},"modified":"2026-03-31T20:45:48","modified_gmt":"2026-03-31T17:45:48","slug":"balenciaga-oversized-round-acetate-sunglasses-black-grey","status":"publish","type":"product","link":"https:\/\/sutore.com\/en\/product\/balenciaga-oversized-round-acetate-sunglasses-black-grey\/","title":{"rendered":"Balenciaga Oversized Round Acetate Sunglasses Black\/Grey"},"content":{"rendered":"<p style=\"text-align: center;\">Balenciaga Oversized Round Acetate Sunglasses, \u015f\u0131kl\u0131\u011f\u0131n ve modern tasar\u0131m\u0131n bulu\u015fma noktas\u0131. Siyah ve gri tonlar\u0131nda sunulan bu g\u00f6zl\u00fckler, cesur ve sofistike bir stil arayanlar i\u00e7in ideal. Y\u00fcksek kaliteli asetat malzemesinden \u00fcretilmi\u015f bu g\u00f6zl\u00fckler, hem dayan\u0131kl\u0131l\u0131\u011f\u0131 hem de hafifli\u011fi ile \u00f6ne \u00e7\u0131k\u0131yor. Geni\u015f \u00e7er\u00e7evesiyle zamans\u0131z bir g\u00f6r\u00fcn\u00fcm sunarken, UV korumal\u0131 lensleri g\u00f6zlerinizi g\u00fcne\u015fin zararl\u0131 \u0131\u015f\u0131nlar\u0131ndan korur. Balenciaga&#8217;n\u0131n ikonik logosu, g\u00f6zl\u00fc\u011f\u00fcn saplar\u0131nda zarif bir detay olarak yer al\u0131r. G\u00fcnl\u00fck stilinize l\u00fcks ve modern bir dokunu\u015f kat\u0131n.<\/p>\n","protected":false},"excerpt":{"rendered":"<p style=\"text-align: center;\">Balenciaga Oversized Round Acetate Sunglasses, \u015f\u0131kl\u0131\u011f\u0131n ve modern tasar\u0131m\u0131n bulu\u015fma noktas\u0131. Siyah ve gri tonlar\u0131nda sunulan bu g\u00f6zl\u00fckler, cesur ve sofistike bir stil arayanlar i\u00e7in ideal. Y\u00fcksek kaliteli asetat malzemesinden \u00fcretilmi\u015f bu g\u00f6zl\u00fckler, hem dayan\u0131kl\u0131l\u0131\u011f\u0131 hem de hafifli\u011fi ile \u00f6ne \u00e7\u0131k\u0131yor. Geni\u015f \u00e7er\u00e7evesiyle zamans\u0131z bir g\u00f6r\u00fcn\u00fcm sunarken, UV korumal\u0131 lensleri g\u00f6zlerinizi g\u00fcne\u015fin zararl\u0131 \u0131\u015f\u0131nlar\u0131ndan korur. Balenciaga&#8217;n\u0131n ikonik logosu, g\u00f6zl\u00fc\u011f\u00fcn saplar\u0131nda zarif bir detay olarak yer al\u0131r. G\u00fcnl\u00fck stilinize l\u00fcks ve modern bir dokunu\u015f kat\u0131n.<\/p>\n","protected":false},"featured_media":384270,"template":"","meta":{"_acf_changed":false},"product_brand":[1964,2044],"product_cat":[1561,362,2167,2131],"product_tag":[1327],"class_list":{"0":"post-384239","1":"product","2":"type-product","3":"status-publish","4":"has-post-thumbnail","6":"product_brand-balenciaga","7":"product_brand-balenciaga-en","8":"product_cat-accessories-en","9":"product_cat-accessories","10":"product_cat-eyewear-en","11":"product_cat-eyewear","12":"product_tag-siyah","14":"first","15":"instock","16":"shipping-taxable","17":"purchasable","18":"product-type-variable"},"acf":[],"_links":{"self":[{"href":"https:\/\/sutore.com\/en\/wp-json\/wp\/v2\/product\/384239","targetHints":{"allow":["GET"]}}],"collection":[{"href":"https:\/\/sutore.com\/en\/wp-json\/wp\/v2\/product"}],"about":[{"href":"https:\/\/sutore.com\/en\/wp-json\/wp\/v2\/types\/product"}],"wp:featuredmedia":[{"embeddable":true,"href":"https:\/\/sutore.com\/en\/wp-json\/wp\/v2\/media\/384270"}],"wp:attachment":[{"href":"https:\/\/sutore.com\/en\/wp-json\/wp\/v2\/media?parent=384239"}],"wp:term":[{"taxonomy":"product_brand","embeddable":true,"href":"https:\/\/sutore.com\/en\/wp-json\/wp\/v2\/product_brand?post=384239"},{"taxonomy":"product_cat","embeddable":true,"href":"https:\/\/sutore.com\/en\/wp-json\/wp\/v2\/product_cat?post=384239"},{"taxonomy":"product_tag","embeddable":true,"href":"https:\/\/sutore.com\/en\/wp-json\/wp\/v2\/product_tag?post=384239"}],"curies":[{"name":"wp","href":"https:\/\/api.w.org\/{rel}","templated":true}]}}