{"id":39860,"date":"2019-06-06T23:06:03","date_gmt":"2019-06-06T20:06:03","guid":{"rendered":"https:\/\/sutore.com\/?post_type=product&#038;p=39860"},"modified":"2026-03-31T04:34:37","modified_gmt":"2026-03-31T01:34:37","slug":"adidas-yeezy-boost-350-v2-static-black-reflective","status":"publish","type":"product","link":"https:\/\/sutore.com\/en\/product\/adidas-yeezy-boost-350-v2-static-black-reflective\/","title":{"rendered":"adidas Yeezy Boost 350 V2 Static Black Reflective"},"content":{"rendered":"<p style=\"text-align: center;\">Yeezy Ailesi, \u015fimdi sutore&#8217;de bulunan adidas Yeezy Boost 350 V2 Black &#8216;Non-Reflective&#8217; ile siluetine y\u0131llarca etkisini koruyacak k\u00fclt bir renk grubu ekliyor. Nesiller boyu unutulmayacak bir modele haz\u0131r olun!<\/p>\n<p>&nbsp;<\/p>\n<p style=\"text-align: center;\">Bu Yeezy 350 V2, siyah taban ve siyah \u00fcst\u00fcyle beraber topuk \u00e7ekme k\u0131sm\u0131ndaki cesur diki\u015flerle f\u00fct\u00fcristtik bir tasar\u0131m sunuyor.\u00a0Entegre ba\u011fc\u0131k ve yar\u0131 saydam siyah Boost yast\u0131kl\u0131 taban uyumlu bir \u015fekilde tasar\u0131m\u0131 tamaml\u0131yor. Haziran 2019&#8217;da piyasaya s\u00fcr\u00fclen bu model 220 dolar fiyat etiketiyle vitrinlerdeki yerini ald\u0131. Bu zaman tan\u0131mayan modeli stoklar t\u00fckenmeden hemen sat\u0131n al.<\/p>\n<p>&nbsp;<\/p>\n<p style=\"text-align: center;\">\u00dcr\u00fcn hakk\u0131nda daha fazla bilgi almak ve \u00fcr\u00fcn\u00fcn g\u00fcncel global piyasa de\u011ferini takip etmek i\u00e7in <a href=\"https:\/\/stockx.com\/adidas-yeezy-boost-350-v2-static-black-reflective\" target=\"_blank\" rel=\"noopener noreferrer\">StockX<\/a> adresini ziyaret edebilirsiniz.<\/p>\n","protected":false},"excerpt":{"rendered":"<p style=\"text-align: center;\">\u00dcr\u00fcn hakk\u0131nda daha fazla bilgi almak ve \u00fcr\u00fcn\u00fcn g\u00fcncel global piyasa de\u011ferini takip etmek i\u00e7in <a href=\"https:\/\/stockx.com\/adidas-yeezy-boost-350-v2-static-black-reflective\" target=\"_blank\" rel=\"noopener noreferrer\">StockX<\/a> adresini ziyaret edebilirsiniz.<\/p>\n","protected":false},"featured_media":39883,"template":"","meta":{"_acf_changed":false},"product_brand":[2127,1927,2003,2126],"product_cat":[74,73,1572,71,1570,1569,1571,72],"product_tag":[1327],"class_list":{"0":"post-39860","1":"product","2":"type-product","3":"status-publish","4":"has-post-thumbnail","6":"product_brand-adidas-en","7":"product_brand-adidas","8":"product_brand-yeezy","9":"product_brand-yeezy-en","10":"product_cat-sneakers","11":"product_cat-73","12":"product_cat-350-en","13":"product_cat-adidas","14":"product_cat-adidas-en","15":"product_cat-sneakers-en","16":"product_cat-yeezy-en","17":"product_cat-yeezy","18":"product_tag-siyah","20":"first","21":"instock","22":"shipping-taxable","23":"purchasable","24":"product-type-variable"},"acf":[],"_links":{"self":[{"href":"https:\/\/sutore.com\/en\/wp-json\/wp\/v2\/product\/39860","targetHints":{"allow":["GET"]}}],"collection":[{"href":"https:\/\/sutore.com\/en\/wp-json\/wp\/v2\/product"}],"about":[{"href":"https:\/\/sutore.com\/en\/wp-json\/wp\/v2\/types\/product"}],"wp:featuredmedia":[{"embeddable":true,"href":"https:\/\/sutore.com\/en\/wp-json\/wp\/v2\/media\/39883"}],"wp:attachment":[{"href":"https:\/\/sutore.com\/en\/wp-json\/wp\/v2\/media?parent=39860"}],"wp:term":[{"taxonomy":"product_brand","embeddable":true,"href":"https:\/\/sutore.com\/en\/wp-json\/wp\/v2\/product_brand?post=39860"},{"taxonomy":"product_cat","embeddable":true,"href":"https:\/\/sutore.com\/en\/wp-json\/wp\/v2\/product_cat?post=39860"},{"taxonomy":"product_tag","embeddable":true,"href":"https:\/\/sutore.com\/en\/wp-json\/wp\/v2\/product_tag?post=39860"}],"curies":[{"name":"wp","href":"https:\/\/api.w.org\/{rel}","templated":true}]}}