{"id":411597,"date":"2025-05-10T02:04:57","date_gmt":"2025-05-09T23:04:57","guid":{"rendered":"https:\/\/sutore.com\/?post_type=product&#038;p=411597"},"modified":"2026-03-29T21:08:43","modified_gmt":"2026-03-29T18:08:43","slug":"pop-mart-crybaby-x-powerpuff-girls-series-vinyl-face-plush-blind-box","status":"publish","type":"product","link":"https:\/\/sutore.com\/en\/product\/pop-mart-crybaby-x-powerpuff-girls-series-vinyl-face-plush-blind-box\/","title":{"rendered":"Pop Mart CryBaby x Powerpuff Girls Series Vinyl Face Plush Blind Box"},"content":{"rendered":"<p style=\"text-align: center;\">Pop Mart CryBaby x Powerpuff Girls Series Vinyl Face Plush Blind Box, koleksiyon tutkunlar\u0131na sevimlilik ve s\u00fcrpriz dolu bir deneyim sunuyor. Bu \u00f6zel seride, Powerpuff Girls karakterlerinin her biri, CryBaby&#8217;nin \u015firin tarz\u0131yla bulu\u015fuyor. Her kutu, a\u00e7\u0131lana kadar hangi karakterin sizin olaca\u011f\u0131n\u0131 sakl\u0131yor, bu da heyecan\u0131 ikiye katl\u0131yor! Kaliteli malzemelerden \u00fcretilen bu pelu\u015f fig\u00fcrler, hem dekorasyon hem de koleksiyon ama\u00e7l\u0131 m\u00fckemmeldir. Koleksiyonunuza renk katmak ve e\u015fsiz bir par\u00e7aya sahip olmak i\u00e7in bu s\u0131n\u0131rl\u0131 say\u0131da \u00fcr\u00fcn\u00fc ka\u00e7\u0131rmay\u0131n!<\/p>\n","protected":false},"excerpt":{"rendered":"<p style=\"text-align: center;\">Pop Mart CryBaby x Powerpuff Girls Series Vinyl Face Plush Blind Box, koleksiyon tutkunlar\u0131na sevimlilik ve s\u00fcrpriz dolu bir deneyim sunuyor. Bu \u00f6zel seride, Powerpuff Girls karakterlerinin her biri, CryBaby&#8217;nin \u015firin tarz\u0131yla bulu\u015fuyor. Her kutu, a\u00e7\u0131lana kadar hangi karakterin sizin olaca\u011f\u0131n\u0131 sakl\u0131yor, bu da heyecan\u0131 ikiye katl\u0131yor! Kaliteli malzemelerden \u00fcretilen bu pelu\u015f fig\u00fcrler, hem dekorasyon hem de koleksiyon ama\u00e7l\u0131 m\u00fckemmeldir. Koleksiyonunuza renk katmak ve e\u015fsiz bir par\u00e7aya sahip olmak i\u00e7in bu s\u0131n\u0131rl\u0131 say\u0131da \u00fcr\u00fcn\u00fc ka\u00e7\u0131rmay\u0131n!<\/p>\n","protected":false},"featured_media":411604,"template":"","meta":{"_acf_changed":false},"product_brand":[1909,2097],"product_cat":[1561,362,2169,2135],"product_tag":[],"class_list":{"0":"post-411597","1":"product","2":"type-product","3":"status-publish","4":"has-post-thumbnail","6":"product_brand-pop-mart","7":"product_brand-pop-mart-en","8":"product_cat-accessories-en","9":"product_cat-accessories","10":"product_cat-collectibles-en","11":"product_cat-collectibles","13":"first","14":"instock","15":"shipping-taxable","16":"purchasable","17":"product-type-variable"},"acf":[],"_links":{"self":[{"href":"https:\/\/sutore.com\/en\/wp-json\/wp\/v2\/product\/411597","targetHints":{"allow":["GET"]}}],"collection":[{"href":"https:\/\/sutore.com\/en\/wp-json\/wp\/v2\/product"}],"about":[{"href":"https:\/\/sutore.com\/en\/wp-json\/wp\/v2\/types\/product"}],"wp:featuredmedia":[{"embeddable":true,"href":"https:\/\/sutore.com\/en\/wp-json\/wp\/v2\/media\/411604"}],"wp:attachment":[{"href":"https:\/\/sutore.com\/en\/wp-json\/wp\/v2\/media?parent=411597"}],"wp:term":[{"taxonomy":"product_brand","embeddable":true,"href":"https:\/\/sutore.com\/en\/wp-json\/wp\/v2\/product_brand?post=411597"},{"taxonomy":"product_cat","embeddable":true,"href":"https:\/\/sutore.com\/en\/wp-json\/wp\/v2\/product_cat?post=411597"},{"taxonomy":"product_tag","embeddable":true,"href":"https:\/\/sutore.com\/en\/wp-json\/wp\/v2\/product_tag?post=411597"}],"curies":[{"name":"wp","href":"https:\/\/api.w.org\/{rel}","templated":true}]}}