{"id":412056,"date":"2025-03-12T22:56:34","date_gmt":"2025-03-12T19:56:34","guid":{"rendered":"https:\/\/sutore.com\/?post_type=product&#038;p=412056"},"modified":"2026-03-27T01:34:05","modified_gmt":"2026-03-26T22:34:05","slug":"glossier-lash-slick-film-form-mascara-brown","status":"publish","type":"product","link":"https:\/\/sutore.com\/en\/product\/glossier-lash-slick-film-form-mascara-brown\/","title":{"rendered":"Glossier Lash Slick Film Form Mascara Brown"},"content":{"rendered":"<p style=\"text-align: center;\">Glossier Lash Slick Film Form Mascara Brown, kirpikleri belirgin \u015fekilde uzatarak bebek ekstansiyonlar\u0131 etkisi yarat\u0131r. Daha \u00e7ok &#8216;kirpiklerin iyi g\u00f6r\u00fcn\u00fcyor&#8217; demenizi sa\u011flar, &#8216;maskara iyi g\u00f6r\u00fcn\u00fcyor&#8217; demez. A\u011f\u0131rl\u0131ks\u0131z, esnek form\u00fcl, her bir kirpi\u011fi k\u00f6kten uca kadar kaplayan minik minik liflerle do\u011fal g\u00f6r\u00fcn\u00fcml\u00fc kald\u0131rma ve uzunluk sa\u011flar. Daha iyi g\u00f6r\u00fcnen kirpikler i\u00e7in, 12 saate kadar yerinde kalabilen, suya dayan\u0131kl\u0131 (su ge\u00e7irmez de\u011fil) form\u00fcl i\u00e7in kal\u0131n &#8211; lekelemeyen veya d\u00f6k\u00fclmeyen.<\/p>\n","protected":false},"excerpt":{"rendered":"<p style=\"text-align: center;\">Glossier Lash Slick Film Form Mascara Brown, kirpikleri belirgin \u015fekilde uzatarak bebek ekstansiyonlar\u0131 etkisi yarat\u0131r. Daha \u00e7ok &#8216;kirpiklerin iyi g\u00f6r\u00fcn\u00fcyor&#8217; demenizi sa\u011flar, &#8216;maskara iyi g\u00f6r\u00fcn\u00fcyor&#8217; demez. A\u011f\u0131rl\u0131ks\u0131z, esnek form\u00fcl, her bir kirpi\u011fi k\u00f6kten uca kadar kaplayan minik minik liflerle do\u011fal g\u00f6r\u00fcn\u00fcml\u00fc kald\u0131rma ve uzunluk sa\u011flar. Daha iyi g\u00f6r\u00fcnen kirpikler i\u00e7in, 12 saate kadar yerinde kalabilen, suya dayan\u0131kl\u0131 (su ge\u00e7irmez de\u011fil) form\u00fcl i\u00e7in kal\u0131n &#8211; lekelemeyen veya d\u00f6k\u00fclmeyen.<\/p>\n","protected":false},"featured_media":412120,"template":"","meta":{"_acf_changed":false},"product_brand":[2207,2208],"product_cat":[2159,2161,2142,2141],"product_tag":[],"class_list":{"0":"post-412056","1":"product","2":"type-product","3":"status-publish","4":"has-post-thumbnail","6":"product_brand-glossier","7":"product_brand-glossier-en","8":"product_cat-cosmetics-en","9":"product_cat-eye-en","10":"product_cat-eye","11":"product_cat-cosmetics","13":"first","14":"instock","15":"shipping-taxable","16":"purchasable","17":"product-type-variable"},"acf":[],"_links":{"self":[{"href":"https:\/\/sutore.com\/en\/wp-json\/wp\/v2\/product\/412056","targetHints":{"allow":["GET"]}}],"collection":[{"href":"https:\/\/sutore.com\/en\/wp-json\/wp\/v2\/product"}],"about":[{"href":"https:\/\/sutore.com\/en\/wp-json\/wp\/v2\/types\/product"}],"wp:featuredmedia":[{"embeddable":true,"href":"https:\/\/sutore.com\/en\/wp-json\/wp\/v2\/media\/412120"}],"wp:attachment":[{"href":"https:\/\/sutore.com\/en\/wp-json\/wp\/v2\/media?parent=412056"}],"wp:term":[{"taxonomy":"product_brand","embeddable":true,"href":"https:\/\/sutore.com\/en\/wp-json\/wp\/v2\/product_brand?post=412056"},{"taxonomy":"product_cat","embeddable":true,"href":"https:\/\/sutore.com\/en\/wp-json\/wp\/v2\/product_cat?post=412056"},{"taxonomy":"product_tag","embeddable":true,"href":"https:\/\/sutore.com\/en\/wp-json\/wp\/v2\/product_tag?post=412056"}],"curies":[{"name":"wp","href":"https:\/\/api.w.org\/{rel}","templated":true}]}}