{"id":412786,"date":"2024-08-23T00:47:59","date_gmt":"2024-08-22T21:47:59","guid":{"rendered":"https:\/\/sutore.com\/?post_type=product&#038;p=412786"},"modified":"2026-04-03T16:45:11","modified_gmt":"2026-04-03T13:45:11","slug":"travis-scott-cactus-jack-x-sp5der-days-before-rodeo-iii-tee-white","status":"publish","type":"product","link":"https:\/\/sutore.com\/en\/product\/travis-scott-cactus-jack-x-sp5der-days-before-rodeo-iii-tee-white\/","title":{"rendered":"Travis Scott Cactus Jack x Sp5der Days Before Rodeo III Tee White"},"content":{"rendered":"<p style=\"text-align: center;\">Travis Scott Cactus Jack x Sp5der Days Before Rodeo III Tee White, ikonik tarz\u0131 ve s\u0131n\u0131rl\u0131 \u00fcretimiyle \u00f6ne \u00e7\u0131k\u0131yor. Y\u00fcksek kaliteli pamuktan \u00fcretilen beyaz ti\u015f\u00f6rt, \u00f6n ve arka k\u0131sm\u0131ndaki benzersiz grafik bask\u0131lar\u0131yla dikkat \u00e7ekiyor. G\u00fcndelik ve sokak modas\u0131 i\u00e7in m\u00fckemmel olan bu \u00f6zel koleksiyon par\u00e7as\u0131, Travis Scott ve Sp5der i\u015f birli\u011finin e\u015fsiz havas\u0131n\u0131 yans\u0131t\u0131yor. Unisex tasar\u0131m\u0131 sayesinde her stile uyum sa\u011flar. Koleksiyonunuza de\u011fer katmak ve stilinizi vurgulamak i\u00e7in m\u00fckemmel bir se\u00e7im!<\/p>\n","protected":false},"excerpt":{"rendered":"<p style=\"text-align: center;\">Travis Scott Cactus Jack x Sp5der Days Before Rodeo III Tee White, ikonik tarz\u0131 ve s\u0131n\u0131rl\u0131 \u00fcretimiyle \u00f6ne \u00e7\u0131k\u0131yor. Y\u00fcksek kaliteli pamuktan \u00fcretilen beyaz ti\u015f\u00f6rt, \u00f6n ve arka k\u0131sm\u0131ndaki benzersiz grafik bask\u0131lar\u0131yla dikkat \u00e7ekiyor. G\u00fcndelik ve sokak modas\u0131 i\u00e7in m\u00fckemmel olan bu \u00f6zel koleksiyon par\u00e7as\u0131, Travis Scott ve Sp5der i\u015f birli\u011finin e\u015fsiz havas\u0131n\u0131 yans\u0131t\u0131yor. Unisex tasar\u0131m\u0131 sayesinde her stile uyum sa\u011flar. Koleksiyonunuza de\u011fer katmak ve stilinizi vurgulamak i\u00e7in m\u00fckemmel bir se\u00e7im!<\/p>\n","protected":false},"featured_media":412787,"template":"","meta":{"_acf_changed":false},"product_brand":[1998,2129,2008,2117],"product_cat":[1564,714,2179,2155],"product_tag":[1328],"class_list":{"0":"post-412786","1":"product","2":"type-product","3":"status-publish","4":"has-post-thumbnail","6":"product_brand-sp5der","7":"product_brand-sp5der-en","8":"product_brand-travis-scott","9":"product_brand-travis-scott-en","10":"product_cat-apparels-en","11":"product_cat-apparels","12":"product_cat-tops-en","13":"product_cat-tops","14":"product_tag-beyaz","16":"first","17":"outofstock","18":"shipping-taxable","19":"product-type-variable"},"acf":[],"_links":{"self":[{"href":"https:\/\/sutore.com\/en\/wp-json\/wp\/v2\/product\/412786","targetHints":{"allow":["GET"]}}],"collection":[{"href":"https:\/\/sutore.com\/en\/wp-json\/wp\/v2\/product"}],"about":[{"href":"https:\/\/sutore.com\/en\/wp-json\/wp\/v2\/types\/product"}],"wp:featuredmedia":[{"embeddable":true,"href":"https:\/\/sutore.com\/en\/wp-json\/wp\/v2\/media\/412787"}],"wp:attachment":[{"href":"https:\/\/sutore.com\/en\/wp-json\/wp\/v2\/media?parent=412786"}],"wp:term":[{"taxonomy":"product_brand","embeddable":true,"href":"https:\/\/sutore.com\/en\/wp-json\/wp\/v2\/product_brand?post=412786"},{"taxonomy":"product_cat","embeddable":true,"href":"https:\/\/sutore.com\/en\/wp-json\/wp\/v2\/product_cat?post=412786"},{"taxonomy":"product_tag","embeddable":true,"href":"https:\/\/sutore.com\/en\/wp-json\/wp\/v2\/product_tag?post=412786"}],"curies":[{"name":"wp","href":"https:\/\/api.w.org\/{rel}","templated":true}]}}