{"id":41885,"date":"2021-11-09T15:11:28","date_gmt":"2021-11-09T12:11:28","guid":{"rendered":"https:\/\/sutore.com\/?post_type=product&#038;p=41885"},"modified":"2026-04-02T18:01:16","modified_gmt":"2026-04-02T15:01:16","slug":"nike-air-jordan-1-mid-coral-chalk-gs","status":"publish","type":"product","link":"https:\/\/sutore.com\/en\/product\/nike-air-jordan-1-mid-coral-chalk-gs\/","title":{"rendered":"Nike Air Jordan 1 Mid Coral Chalk (GS)"},"content":{"rendered":"<p style=\"text-align: center\">Jordan Ailesi, \u015fimdi sutore\u2019de bulunan Nike Air Jordan 1 Mid White Laser Orange Deep Royal Blue (GS) ile pop\u00fcler serisine yeni bir renk grubu ekliyor. Yaza gelen fresh dokunu\u015f!<\/p>\n<p>&nbsp;<\/p>\n<p style=\"text-align: center\">Bu Jordan 1, mavi ve turuncu kaplamalar\u0131 olan beyaz deri bir \u00fcst i\u00e7eriyor. Yandaki beyaz Nike logosu, diki\u015fli orta taban ve mavi d\u0131\u015f taban tasar\u0131m\u0131 tamaml\u0131yor. Temmuz 2020\u2019de piyasaya s\u00fcr\u00fclen bu model 90 dolar fiyat etiketiyle vitrinlerdeki yerini ald\u0131. Bu ferahlat\u0131c\u0131 stili stoklar kurumadan hemen sat\u0131n al.<\/p>\n<p>&nbsp;<\/p>\n<p style=\"text-align: center\">\u00dcr\u00fcn hakk\u0131nda daha fazla bilgi almak ve \u00fcr\u00fcn\u00fcn g\u00fcncel global piyasa de\u011ferini takip etmek i\u00e7in <a href=\"https:\/\/stockx.com\/air-jordan-1-mid-coral-chalk-gs\" target=\"_blank\" rel=\"noopener noreferrer\">StockX<\/a> adresini ziyaret edebilirsiniz.<\/p>\n","protected":false},"excerpt":{"rendered":"<p style=\"text-align: center\">\u00dcr\u00fcn hakk\u0131nda daha fazla bilgi almak ve \u00fcr\u00fcn\u00fcn g\u00fcncel global piyasa de\u011ferini takip etmek i\u00e7in <a href=\"https:\/\/stockx.com\/air-jordan-1-mid-coral-chalk-gs\" target=\"_blank\" rel=\"noopener noreferrer\">StockX<\/a> adresini ziyaret edebilirsiniz.<\/p>\n","protected":false},"featured_media":41894,"template":"","meta":{"_acf_changed":false},"product_brand":[2019,2041,1928,2087],"product_cat":[74,96,1577,944,1580,1569],"product_tag":[1330],"class_list":{"0":"post-41885","1":"product","2":"type-product","3":"status-publish","4":"has-post-thumbnail","6":"product_brand-air-jordan","7":"product_brand-air-jordan-en","8":"product_brand-nike","9":"product_brand-nike-en","10":"product_cat-sneakers","11":"product_cat-air-jordan","12":"product_cat-air-jordan-en","13":"product_cat-mid","14":"product_cat-mid-en","15":"product_cat-sneakers-en","16":"product_tag-pembe","18":"first","19":"instock","20":"shipping-taxable","21":"purchasable","22":"product-type-variable"},"acf":[],"_links":{"self":[{"href":"https:\/\/sutore.com\/en\/wp-json\/wp\/v2\/product\/41885","targetHints":{"allow":["GET"]}}],"collection":[{"href":"https:\/\/sutore.com\/en\/wp-json\/wp\/v2\/product"}],"about":[{"href":"https:\/\/sutore.com\/en\/wp-json\/wp\/v2\/types\/product"}],"wp:featuredmedia":[{"embeddable":true,"href":"https:\/\/sutore.com\/en\/wp-json\/wp\/v2\/media\/41894"}],"wp:attachment":[{"href":"https:\/\/sutore.com\/en\/wp-json\/wp\/v2\/media?parent=41885"}],"wp:term":[{"taxonomy":"product_brand","embeddable":true,"href":"https:\/\/sutore.com\/en\/wp-json\/wp\/v2\/product_brand?post=41885"},{"taxonomy":"product_cat","embeddable":true,"href":"https:\/\/sutore.com\/en\/wp-json\/wp\/v2\/product_cat?post=41885"},{"taxonomy":"product_tag","embeddable":true,"href":"https:\/\/sutore.com\/en\/wp-json\/wp\/v2\/product_tag?post=41885"}],"curies":[{"name":"wp","href":"https:\/\/api.w.org\/{rel}","templated":true}]}}