{"id":422549,"date":"2025-07-11T15:34:18","date_gmt":"2025-07-11T12:34:18","guid":{"rendered":"https:\/\/sutore.com\/?post_type=product&#038;p=422549"},"modified":"2026-04-02T16:26:44","modified_gmt":"2026-04-02T13:26:44","slug":"nike-air-max-95-og-levis-obsidian","status":"publish","type":"product","link":"https:\/\/sutore.com\/en\/product\/nike-air-max-95-og-levis-obsidian\/","title":{"rendered":"Nike Air Max 95 OG Levis Obsidian"},"content":{"rendered":"<p style=\"text-align: center;\">Nike Air Max 95 OG Levis Obsidian, ikonik Air Max 95 tasar\u0131m\u0131 ile Levi\u2019s i\u015fbirli\u011fini bir araya getiriyor. \u00dcst d\u00fczey denim materyaller, Obsidian mavisi tonlar\u0131 ve e\u015fsiz Levi\u2019s detaylar\u0131 ile g\u00f6z al\u0131c\u0131 bir stil sunar. Hem konforlu hava taban\u0131 teknolojisi hem de y\u00fcksek kaliteli diki\u015f yap\u0131s\u0131 ile \u00f6ne \u00e7\u0131kar. G\u00fcndelik ve sokak modas\u0131nda dikkat \u00e7eken bu sneaker, koleksiyonerlere ve sneaker tutkunlar\u0131na \u00f6zel, s\u0131n\u0131rl\u0131 say\u0131da \u00fcretilmi\u015ftir. Nike Air Max 95 OG Levis Obsidian ile tarz\u0131n\u0131z\u0131 benzersiz bir seviyeye ta\u015f\u0131y\u0131n!<\/p>\n","protected":false},"excerpt":{"rendered":"<p style=\"text-align: center;\">Nike Air Max 95 OG Levis Obsidian, ikonik Air Max 95 tasar\u0131m\u0131 ile Levi\u2019s i\u015fbirli\u011fini bir araya getiriyor. \u00dcst d\u00fczey denim materyaller, Obsidian mavisi tonlar\u0131 ve e\u015fsiz Levi\u2019s detaylar\u0131 ile g\u00f6z al\u0131c\u0131 bir stil sunar. Hem konforlu hava taban\u0131 teknolojisi hem de y\u00fcksek kaliteli diki\u015f yap\u0131s\u0131 ile \u00f6ne \u00e7\u0131kar. G\u00fcndelik ve sokak modas\u0131nda dikkat \u00e7eken bu sneaker, koleksiyonerlere ve sneaker tutkunlar\u0131na \u00f6zel, s\u0131n\u0131rl\u0131 say\u0131da \u00fcretilmi\u015ftir. Nike Air Max 95 OG Levis Obsidian ile tarz\u0131n\u0131z\u0131 benzersiz bir seviyeye ta\u015f\u0131y\u0131n!<\/p>\n","protected":false},"featured_media":422560,"template":"","meta":{"_acf_changed":false},"product_brand":[2225,2226,1928,2087],"product_cat":[99,1584,1582,98,74,1569],"product_tag":[1332],"class_list":{"0":"post-422549","1":"product","2":"type-product","3":"status-publish","4":"has-post-thumbnail","6":"product_brand-levis","7":"product_brand-levis-en","8":"product_brand-nike","9":"product_brand-nike-en","10":"product_cat-air-max","11":"product_cat-air-max-en","12":"product_cat-nike-en","13":"product_cat-nike","14":"product_cat-sneakers","15":"product_cat-sneakers-en","16":"product_tag-mavi","18":"first","19":"instock","20":"shipping-taxable","21":"purchasable","22":"product-type-variable"},"acf":[],"_links":{"self":[{"href":"https:\/\/sutore.com\/en\/wp-json\/wp\/v2\/product\/422549","targetHints":{"allow":["GET"]}}],"collection":[{"href":"https:\/\/sutore.com\/en\/wp-json\/wp\/v2\/product"}],"about":[{"href":"https:\/\/sutore.com\/en\/wp-json\/wp\/v2\/types\/product"}],"wp:featuredmedia":[{"embeddable":true,"href":"https:\/\/sutore.com\/en\/wp-json\/wp\/v2\/media\/422560"}],"wp:attachment":[{"href":"https:\/\/sutore.com\/en\/wp-json\/wp\/v2\/media?parent=422549"}],"wp:term":[{"taxonomy":"product_brand","embeddable":true,"href":"https:\/\/sutore.com\/en\/wp-json\/wp\/v2\/product_brand?post=422549"},{"taxonomy":"product_cat","embeddable":true,"href":"https:\/\/sutore.com\/en\/wp-json\/wp\/v2\/product_cat?post=422549"},{"taxonomy":"product_tag","embeddable":true,"href":"https:\/\/sutore.com\/en\/wp-json\/wp\/v2\/product_tag?post=422549"}],"curies":[{"name":"wp","href":"https:\/\/api.w.org\/{rel}","templated":true}]}}