{"id":42500,"date":"2021-09-01T01:06:03","date_gmt":"2021-08-31T22:06:03","guid":{"rendered":"https:\/\/sutore.com\/?post_type=product&#038;p=42500"},"modified":"2026-03-27T16:04:32","modified_gmt":"2026-03-27T13:04:32","slug":"new-balance-550-white-royal-black","status":"publish","type":"product","link":"https:\/\/sutore.com\/en\/product\/new-balance-550-white-royal-black\/","title":{"rendered":"New Balance 550 White Royal Black"},"content":{"rendered":"<p style=\"text-align: center;\">Comme des Garcons, \u015fimdi sutore&#8217;de bulunan Converse Chuck Taylor All-Star 70s Hi Comme des Garcons PLAY Black ile Converse&#8217;le olan i\u015f birli\u011fini yineliyor. Bu fresh seri, standart renk gruplar\u0131n\u0131 geri getiriyor.<\/p>\n<p style=\"text-align: center;\">Bu Converse, beyaz topuk detay\u0131yla birlikte siyah kuma\u015f bir \u00fcst i\u00e7eriyor. Kau\u00e7uk taban ve topuktaki k\u0131rm\u0131z\u0131 kalp tasar\u0131m\u0131 tamaml\u0131yor. Mart 2019&#8217;da piyasaya s\u00fcr\u00fclen bu model 125 dolar fiyat etiketiyle vitrinlerdeki yerini ald\u0131. Bu ne\u015feli modeli stoklar \u00fcz\u00fclmeden hemen sat\u0131n al.<\/p>\n<p style=\"text-align: center;\">\u00dcr\u00fcn hakk\u0131nda daha fazla bilgi almak ve \u00fcr\u00fcn\u00fcn g\u00fcncel global piyasa de\u011ferini takip etmek i\u00e7in <a href=\"https:\/\/stockx.com\/new-balance-550-white-royal-black\" target=\"_blank\" rel=\"noopener noreferrer\">StockX<\/a> adresini ziyaret edebilirsiniz.<\/p>\n","protected":false},"excerpt":{"rendered":"<p style=\"text-align: center;\">\u00dcr\u00fcn hakk\u0131nda daha fazla bilgi almak ve \u00fcr\u00fcn\u00fcn g\u00fcncel global piyasa de\u011ferini takip etmek i\u00e7in <a href=\"https:\/\/stockx.com\/new-balance-550-white-royal-black\" target=\"_blank\" rel=\"noopener\">StockX<\/a> adresini ziyaret edebilirsiniz.<\/p>\n","protected":false},"featured_media":42524,"template":"","meta":{"_acf_changed":false},"product_brand":[2086,1980],"product_cat":[74,1801,1807,1588,109,1569],"product_tag":[1328,1332],"class_list":{"0":"post-42500","1":"product","2":"type-product","3":"status-publish","4":"has-post-thumbnail","6":"product_brand-new-balance-en","7":"product_brand-new-balance","8":"product_cat-sneakers","9":"product_cat-1801","10":"product_cat-550-en","11":"product_cat-new-balance-en","12":"product_cat-new-balance","13":"product_cat-sneakers-en","14":"product_tag-beyaz","15":"product_tag-mavi","17":"first","18":"instock","19":"shipping-taxable","20":"purchasable","21":"product-type-variable"},"acf":[],"_links":{"self":[{"href":"https:\/\/sutore.com\/en\/wp-json\/wp\/v2\/product\/42500","targetHints":{"allow":["GET"]}}],"collection":[{"href":"https:\/\/sutore.com\/en\/wp-json\/wp\/v2\/product"}],"about":[{"href":"https:\/\/sutore.com\/en\/wp-json\/wp\/v2\/types\/product"}],"wp:featuredmedia":[{"embeddable":true,"href":"https:\/\/sutore.com\/en\/wp-json\/wp\/v2\/media\/42524"}],"wp:attachment":[{"href":"https:\/\/sutore.com\/en\/wp-json\/wp\/v2\/media?parent=42500"}],"wp:term":[{"taxonomy":"product_brand","embeddable":true,"href":"https:\/\/sutore.com\/en\/wp-json\/wp\/v2\/product_brand?post=42500"},{"taxonomy":"product_cat","embeddable":true,"href":"https:\/\/sutore.com\/en\/wp-json\/wp\/v2\/product_cat?post=42500"},{"taxonomy":"product_tag","embeddable":true,"href":"https:\/\/sutore.com\/en\/wp-json\/wp\/v2\/product_tag?post=42500"}],"curies":[{"name":"wp","href":"https:\/\/api.w.org\/{rel}","templated":true}]}}