{"id":439420,"date":"2025-06-26T00:43:41","date_gmt":"2025-06-25T21:43:41","guid":{"rendered":"https:\/\/sutore.com\/?post_type=product&#038;p=439420"},"modified":"2026-04-03T16:45:10","modified_gmt":"2026-04-03T13:45:10","slug":"supreme-dean-blunt-tee-black","status":"publish","type":"product","link":"https:\/\/sutore.com\/en\/product\/supreme-dean-blunt-tee-black\/","title":{"rendered":"Supreme Dean Blunt Tee Black"},"content":{"rendered":"<p style=\"text-align: center;\">Supreme Dean Blunt Tee Black, sokak modas\u0131n\u0131n vazge\u00e7ilmez par\u00e7as\u0131! Y\u00fcksek kaliteli pamuk kuma\u015f\u0131 ve ikonik Dean Blunt bask\u0131s\u0131yla dikkat \u00e7eker. Rahat kesimiyle her kombine m\u00fckemmel uyum sa\u011flar. S\u0131n\u0131rl\u0131 say\u0131da \u00fcretilen bu siyah ti\u015f\u00f6rt, hem tarz\u0131n\u0131z\u0131 g\u00fc\u00e7lendirir hem de koleksiyon de\u011feri sunar. G\u00fcnl\u00fck kullan\u0131ma ve \u00f6zel g\u00fcnlere uygundur. \u015eimdi Supreme Dean Blunt Tee Black ile tarz\u0131n\u0131z\u0131 bir ad\u0131m \u00f6ne \u00e7\u0131kar\u0131n!<\/p>\n","protected":false},"excerpt":{"rendered":"<p style=\"text-align: center;\">Supreme Dean Blunt Tee Black, sokak modas\u0131n\u0131n vazge\u00e7ilmez par\u00e7as\u0131! Y\u00fcksek kaliteli pamuk kuma\u015f\u0131 ve ikonik Dean Blunt bask\u0131s\u0131yla dikkat \u00e7eker. Rahat kesimiyle her kombine m\u00fckemmel uyum sa\u011flar. S\u0131n\u0131rl\u0131 say\u0131da \u00fcretilen bu siyah ti\u015f\u00f6rt, hem tarz\u0131n\u0131z\u0131 g\u00fc\u00e7lendirir hem de koleksiyon de\u011feri sunar. G\u00fcnl\u00fck kullan\u0131ma ve \u00f6zel g\u00fcnlere uygundur. \u015eimdi Supreme Dean Blunt Tee Black ile tarz\u0131n\u0131z\u0131 bir ad\u0131m \u00f6ne \u00e7\u0131kar\u0131n!<\/p>\n","protected":false},"featured_media":439439,"template":"","meta":{"_acf_changed":false},"product_brand":[1942,1986],"product_cat":[1564,714,2179,2155],"product_tag":[1327],"class_list":{"0":"post-439420","1":"product","2":"type-product","3":"status-publish","4":"has-post-thumbnail","6":"product_brand-supreme","7":"product_brand-supreme-en","8":"product_cat-apparels-en","9":"product_cat-apparels","10":"product_cat-tops-en","11":"product_cat-tops","12":"product_tag-siyah","14":"first","15":"outofstock","16":"shipping-taxable","17":"product-type-variable"},"acf":[],"_links":{"self":[{"href":"https:\/\/sutore.com\/en\/wp-json\/wp\/v2\/product\/439420","targetHints":{"allow":["GET"]}}],"collection":[{"href":"https:\/\/sutore.com\/en\/wp-json\/wp\/v2\/product"}],"about":[{"href":"https:\/\/sutore.com\/en\/wp-json\/wp\/v2\/types\/product"}],"wp:featuredmedia":[{"embeddable":true,"href":"https:\/\/sutore.com\/en\/wp-json\/wp\/v2\/media\/439439"}],"wp:attachment":[{"href":"https:\/\/sutore.com\/en\/wp-json\/wp\/v2\/media?parent=439420"}],"wp:term":[{"taxonomy":"product_brand","embeddable":true,"href":"https:\/\/sutore.com\/en\/wp-json\/wp\/v2\/product_brand?post=439420"},{"taxonomy":"product_cat","embeddable":true,"href":"https:\/\/sutore.com\/en\/wp-json\/wp\/v2\/product_cat?post=439420"},{"taxonomy":"product_tag","embeddable":true,"href":"https:\/\/sutore.com\/en\/wp-json\/wp\/v2\/product_tag?post=439420"}],"curies":[{"name":"wp","href":"https:\/\/api.w.org\/{rel}","templated":true}]}}