{"id":440913,"date":"2025-07-25T16:19:42","date_gmt":"2025-07-25T13:19:42","guid":{"rendered":"https:\/\/sutore.com\/?post_type=product&#038;p=440913"},"modified":"2026-03-09T01:54:11","modified_gmt":"2026-03-08T22:54:11","slug":"pop-mart-crybaby-shiny-shiny-series-earphone-case-brown","status":"publish","type":"product","link":"https:\/\/sutore.com\/en\/product\/pop-mart-crybaby-shiny-shiny-series-earphone-case-brown\/","title":{"rendered":"Pop Mart CRYBABY SHINY SHINY Series Earphone Case Brown"},"content":{"rendered":"<p style=\"text-align: center;\">Pop Mart CRYBABY SHINY SHINY Serisi Earphone Case Brown, tarz\u0131n\u0131za \u015f\u0131kl\u0131k katarken kulakl\u0131klar\u0131n\u0131z\u0131 koruyor. Y\u00fcksek kaliteli, dayan\u0131kl\u0131 malzemeden \u00fcretilmi\u015ftir ve \u00e7izilmelere kar\u015f\u0131 etkili bir koruma sa\u011flar. Tasar\u0131m\u0131ndaki parlak detaylar, modern ve e\u011flenceli bir g\u00f6r\u00fcn\u00fcm sunar. Kompakt boyutu sayesinde \u00e7antan\u0131zda kolayca ta\u015f\u0131nabilir. Bu e\u015fsiz aksesuar, Pop Mart&#8217;\u0131n CRYBABY koleksiyonunun ikonik sanatsal dokunu\u015flar\u0131n\u0131 ta\u015f\u0131r ve mevcut kulakl\u0131k modelleriyle uyumludur. Siz de bu \u015firin ve kullan\u0131\u015fl\u0131 k\u0131l\u0131fla hem tarz\u0131n\u0131z\u0131 yans\u0131t\u0131n hem de cihazlar\u0131n\u0131z\u0131 g\u00fcvende tutun.<\/p>\n","protected":false},"excerpt":{"rendered":"<p style=\"text-align: center;\">Pop Mart CRYBABY SHINY SHINY Serisi Earphone Case Brown, tarz\u0131n\u0131za \u015f\u0131kl\u0131k katarken kulakl\u0131klar\u0131n\u0131z\u0131 koruyor. Y\u00fcksek kaliteli, dayan\u0131kl\u0131 malzemeden \u00fcretilmi\u015ftir ve \u00e7izilmelere kar\u015f\u0131 etkili bir koruma sa\u011flar. Tasar\u0131m\u0131ndaki parlak detaylar, modern ve e\u011flenceli bir g\u00f6r\u00fcn\u00fcm sunar. Kompakt boyutu sayesinde \u00e7antan\u0131zda kolayca ta\u015f\u0131nabilir. Bu e\u015fsiz aksesuar, Pop Mart&#8217;\u0131n CRYBABY koleksiyonunun ikonik sanatsal dokunu\u015flar\u0131n\u0131 ta\u015f\u0131r ve mevcut kulakl\u0131k modelleriyle uyumludur. Siz de bu \u015firin ve kullan\u0131\u015fl\u0131 k\u0131l\u0131fla hem tarz\u0131n\u0131z\u0131 yans\u0131t\u0131n hem de cihazlar\u0131n\u0131z\u0131 g\u00fcvende tutun.<\/p>\n","protected":false},"featured_media":440915,"template":"","meta":{"_acf_changed":false},"product_brand":[1909,2097],"product_cat":[1561,362,2169,2135],"product_tag":[1338],"class_list":{"0":"post-440913","1":"product","2":"type-product","3":"status-publish","4":"has-post-thumbnail","6":"product_brand-pop-mart","7":"product_brand-pop-mart-en","8":"product_cat-accessories-en","9":"product_cat-accessories","10":"product_cat-collectibles-en","11":"product_cat-collectibles","12":"product_tag-kahverengi","14":"first","15":"instock","16":"shipping-taxable","17":"purchasable","18":"product-type-variable"},"acf":[],"_links":{"self":[{"href":"https:\/\/sutore.com\/en\/wp-json\/wp\/v2\/product\/440913","targetHints":{"allow":["GET"]}}],"collection":[{"href":"https:\/\/sutore.com\/en\/wp-json\/wp\/v2\/product"}],"about":[{"href":"https:\/\/sutore.com\/en\/wp-json\/wp\/v2\/types\/product"}],"wp:featuredmedia":[{"embeddable":true,"href":"https:\/\/sutore.com\/en\/wp-json\/wp\/v2\/media\/440915"}],"wp:attachment":[{"href":"https:\/\/sutore.com\/en\/wp-json\/wp\/v2\/media?parent=440913"}],"wp:term":[{"taxonomy":"product_brand","embeddable":true,"href":"https:\/\/sutore.com\/en\/wp-json\/wp\/v2\/product_brand?post=440913"},{"taxonomy":"product_cat","embeddable":true,"href":"https:\/\/sutore.com\/en\/wp-json\/wp\/v2\/product_cat?post=440913"},{"taxonomy":"product_tag","embeddable":true,"href":"https:\/\/sutore.com\/en\/wp-json\/wp\/v2\/product_tag?post=440913"}],"curies":[{"name":"wp","href":"https:\/\/api.w.org\/{rel}","templated":true}]}}