{"id":461813,"date":"2025-06-19T00:36:42","date_gmt":"2025-06-18T21:36:42","guid":{"rendered":"https:\/\/sutore.com\/?post_type=product&#038;p=461813"},"modified":"2026-03-31T20:44:52","modified_gmt":"2026-03-31T17:44:52","slug":"pop-mart-hacipupu-gummy-bear-series-vinyl-plush-pendant-single-blind-box","status":"publish","type":"product","link":"https:\/\/sutore.com\/en\/product\/pop-mart-hacipupu-gummy-bear-series-vinyl-plush-pendant-single-blind-box\/","title":{"rendered":"Pop Mart HACIPUPU Gummy Bear Series Vinyl Plush Pendant Single Blind Box"},"content":{"rendered":"<p style=\"text-align: center;\">Pop Mart HACIPUPU Gummy Bear Series, e\u011flenceli ve sevimli tasar\u0131mlarla dolu bir koleksiyon sunuyor. Her blind box, s\u00fcrpriz bir Gummy Bear karakterini ortaya \u00e7\u0131kar\u0131yor, b\u00f6ylece her a\u00e7\u0131l\u0131\u015f bir heyecan yarat\u0131yor. Bu vinil ve pelu\u015f kolye, hem koleksiyoncular hem de hediyelik e\u015fya arayanlar i\u00e7in e\u015fsiz bir se\u00e7enek. Canl\u0131 renkler ve detayl\u0131 tasar\u0131mlar, bu fig\u00fcrleri her ya\u015ftan hayran i\u00e7in cazip k\u0131l\u0131yor.<\/p>\n","protected":false},"excerpt":{"rendered":"<p style=\"text-align: center;\">Pop Mart HACIPUPU Gummy Bear Series, e\u011flenceli ve sevimli tasar\u0131mlarla dolu bir koleksiyon sunuyor. Her blind box, s\u00fcrpriz bir Gummy Bear karakterini ortaya \u00e7\u0131kar\u0131yor, b\u00f6ylece her a\u00e7\u0131l\u0131\u015f bir heyecan yarat\u0131yor. Bu vinil ve pelu\u015f kolye, hem koleksiyoncular hem de hediyelik e\u015fya arayanlar i\u00e7in e\u015fsiz bir se\u00e7enek. Canl\u0131 renkler ve detayl\u0131 tasar\u0131mlar, bu fig\u00fcrleri her ya\u015ftan hayran i\u00e7in cazip k\u0131l\u0131yor.<\/p>\n","protected":false},"featured_media":461820,"template":"","meta":{"_acf_changed":false},"product_brand":[1909,2097],"product_cat":[1561,362,2169,2135],"product_tag":[],"class_list":{"0":"post-461813","1":"product","2":"type-product","3":"status-publish","4":"has-post-thumbnail","6":"product_brand-pop-mart","7":"product_brand-pop-mart-en","8":"product_cat-accessories-en","9":"product_cat-accessories","10":"product_cat-collectibles-en","11":"product_cat-collectibles","13":"first","14":"instock","15":"shipping-taxable","16":"purchasable","17":"product-type-variable"},"acf":[],"_links":{"self":[{"href":"https:\/\/sutore.com\/en\/wp-json\/wp\/v2\/product\/461813","targetHints":{"allow":["GET"]}}],"collection":[{"href":"https:\/\/sutore.com\/en\/wp-json\/wp\/v2\/product"}],"about":[{"href":"https:\/\/sutore.com\/en\/wp-json\/wp\/v2\/types\/product"}],"wp:featuredmedia":[{"embeddable":true,"href":"https:\/\/sutore.com\/en\/wp-json\/wp\/v2\/media\/461820"}],"wp:attachment":[{"href":"https:\/\/sutore.com\/en\/wp-json\/wp\/v2\/media?parent=461813"}],"wp:term":[{"taxonomy":"product_brand","embeddable":true,"href":"https:\/\/sutore.com\/en\/wp-json\/wp\/v2\/product_brand?post=461813"},{"taxonomy":"product_cat","embeddable":true,"href":"https:\/\/sutore.com\/en\/wp-json\/wp\/v2\/product_cat?post=461813"},{"taxonomy":"product_tag","embeddable":true,"href":"https:\/\/sutore.com\/en\/wp-json\/wp\/v2\/product_tag?post=461813"}],"curies":[{"name":"wp","href":"https:\/\/api.w.org\/{rel}","templated":true}]}}