{"id":475142,"date":"2025-08-28T13:57:24","date_gmt":"2025-08-28T10:57:24","guid":{"rendered":"https:\/\/sutore.com\/?post_type=product&#038;p=475142"},"modified":"2025-12-11T00:05:44","modified_gmt":"2025-12-10T21:05:44","slug":"pop-mart-labubu-the-monsters-pin-for-love-series-excl-secret-edition-vinyl-plush-pendant","status":"publish","type":"product","link":"https:\/\/sutore.com\/en\/product\/pop-mart-labubu-the-monsters-pin-for-love-series-excl-secret-edition-vinyl-plush-pendant\/","title":{"rendered":"Pop Mart Labubu The Monsters Pin for Love Series &#8220;!&#8221; Secret Edition Vinyl Plush Pendant"},"content":{"rendered":"<p style=\"text-align: center;\">Pop Mart Labubu The Monsters Pin for Love Series &#8220;!&#8221; Secret Edition Vinyl Plush Pendant, koleksiyoncular ve fig\u00fcr severler i\u00e7in \u00f6zel olarak tasarlanm\u0131\u015ft\u0131r. Bu benzersiz tasar\u0131m, gizemli ve g\u00f6z al\u0131c\u0131 bir g\u00f6r\u00fcn\u00fcm sunar.<\/p>\n","protected":false},"excerpt":{"rendered":"<p style=\"text-align: center;\">Pop Mart Labubu The Monsters Pin for Love Series &#8220;!&#8221; Secret Edition Vinyl Plush Pendant, koleksiyoncular ve fig\u00fcr severler i\u00e7in \u00f6zel olarak tasarlanm\u0131\u015ft\u0131r. Bu benzersiz tasar\u0131m, gizemli ve g\u00f6z al\u0131c\u0131 bir g\u00f6r\u00fcn\u00fcm sunar.<\/p>\n","protected":false},"featured_media":475143,"template":"","meta":{"_acf_changed":false},"product_brand":[1909,2097],"product_cat":[1561,362,2169,2135],"product_tag":[1331],"class_list":{"0":"post-475142","1":"product","2":"type-product","3":"status-publish","4":"has-post-thumbnail","6":"product_brand-pop-mart","7":"product_brand-pop-mart-en","8":"product_cat-accessories-en","9":"product_cat-accessories","10":"product_cat-collectibles-en","11":"product_cat-collectibles","12":"product_tag-yesil","14":"first","15":"outofstock","16":"shipping-taxable","17":"product-type-variable"},"acf":[],"_links":{"self":[{"href":"https:\/\/sutore.com\/en\/wp-json\/wp\/v2\/product\/475142","targetHints":{"allow":["GET"]}}],"collection":[{"href":"https:\/\/sutore.com\/en\/wp-json\/wp\/v2\/product"}],"about":[{"href":"https:\/\/sutore.com\/en\/wp-json\/wp\/v2\/types\/product"}],"wp:featuredmedia":[{"embeddable":true,"href":"https:\/\/sutore.com\/en\/wp-json\/wp\/v2\/media\/475143"}],"wp:attachment":[{"href":"https:\/\/sutore.com\/en\/wp-json\/wp\/v2\/media?parent=475142"}],"wp:term":[{"taxonomy":"product_brand","embeddable":true,"href":"https:\/\/sutore.com\/en\/wp-json\/wp\/v2\/product_brand?post=475142"},{"taxonomy":"product_cat","embeddable":true,"href":"https:\/\/sutore.com\/en\/wp-json\/wp\/v2\/product_cat?post=475142"},{"taxonomy":"product_tag","embeddable":true,"href":"https:\/\/sutore.com\/en\/wp-json\/wp\/v2\/product_tag?post=475142"}],"curies":[{"name":"wp","href":"https:\/\/api.w.org\/{rel}","templated":true}]}}