{"id":479031,"date":"2025-06-06T19:05:11","date_gmt":"2025-06-06T16:05:11","guid":{"rendered":"https:\/\/sutore.com\/?post_type=product&#038;p=479031"},"modified":"2026-03-27T01:34:21","modified_gmt":"2026-03-26T22:34:21","slug":"saie-glowy-super-gel-illuminizer-sunglow","status":"publish","type":"product","link":"https:\/\/sutore.com\/en\/product\/saie-glowy-super-gel-illuminizer-sunglow\/","title":{"rendered":"Saie Glowy Super Gel Illuminizer Sunglow"},"content":{"rendered":"<p style=\"text-align: center;\">Saie Glowy Super Gel Illuminizer \u201cSunglow\u201d, bronzalt\u0131 s\u0131cak tonlarda ayd\u0131nl\u0131k bir g\u00f6r\u00fcn\u00fcm sunar.<\/p>\n","protected":false},"excerpt":{"rendered":"<p style=\"text-align: center;\">Saie Glowy Super Gel Illuminizer \u201cSunglow\u201d, bronzalt\u0131 s\u0131cak tonlarda ayd\u0131nl\u0131k bir g\u00f6r\u00fcn\u00fcm sunar.<\/p>\n","protected":false},"featured_media":479048,"template":"","meta":{"_acf_changed":false},"product_brand":[2233,2234],"product_cat":[2159,2162,2141,2143],"product_tag":[],"class_list":{"0":"post-479031","1":"product","2":"type-product","3":"status-publish","4":"has-post-thumbnail","6":"product_brand-saie","7":"product_brand-saie-en","8":"product_cat-cosmetics-en","9":"product_cat-face-en","10":"product_cat-cosmetics","11":"product_cat-face","13":"first","14":"instock","15":"shipping-taxable","16":"purchasable","17":"product-type-variable"},"acf":[],"_links":{"self":[{"href":"https:\/\/sutore.com\/en\/wp-json\/wp\/v2\/product\/479031","targetHints":{"allow":["GET"]}}],"collection":[{"href":"https:\/\/sutore.com\/en\/wp-json\/wp\/v2\/product"}],"about":[{"href":"https:\/\/sutore.com\/en\/wp-json\/wp\/v2\/types\/product"}],"wp:featuredmedia":[{"embeddable":true,"href":"https:\/\/sutore.com\/en\/wp-json\/wp\/v2\/media\/479048"}],"wp:attachment":[{"href":"https:\/\/sutore.com\/en\/wp-json\/wp\/v2\/media?parent=479031"}],"wp:term":[{"taxonomy":"product_brand","embeddable":true,"href":"https:\/\/sutore.com\/en\/wp-json\/wp\/v2\/product_brand?post=479031"},{"taxonomy":"product_cat","embeddable":true,"href":"https:\/\/sutore.com\/en\/wp-json\/wp\/v2\/product_cat?post=479031"},{"taxonomy":"product_tag","embeddable":true,"href":"https:\/\/sutore.com\/en\/wp-json\/wp\/v2\/product_tag?post=479031"}],"curies":[{"name":"wp","href":"https:\/\/api.w.org\/{rel}","templated":true}]}}