{"id":480074,"date":"2025-04-12T19:53:36","date_gmt":"2025-04-12T16:53:36","guid":{"rendered":"https:\/\/sutore.com\/?post_type=product&#038;p=480074"},"modified":"2026-03-31T04:34:35","modified_gmt":"2026-03-31T01:34:35","slug":"nike-total-90-3-sp-mean-green","status":"publish","type":"product","link":"https:\/\/sutore.com\/en\/product\/nike-total-90-3-sp-mean-green\/","title":{"rendered":"Nike Total 90 3 SP Mean Green"},"content":{"rendered":"<p style=\"text-align: center;\">Nike Total 90 3 SP Mean Green, sahada cesur stil ve performans\u0131 birle\u015ftiren ikonik bir retro krampondur. Canl\u0131 Mean Green renk paleti, ofset ba\u011fc\u0131k tasar\u0131m\u0131 ve geli\u015ftirilmi\u015f vuru\u015f b\u00f6lgesiyle \u015futlarda hassasiyet ve g\u00fc\u00e7 sunar. Hafif, dayan\u0131kl\u0131 sentetik saya top kontrol\u00fcn\u00fc art\u0131r\u0131r; \u00e7ok y\u00f6nl\u00fc d\u0131\u015f taban ise dengeli tutu\u015f ve h\u0131z sa\u011flar. Koleksiyoncular ve nostalji seven futbolcular i\u00e7in ideal, konforlu ve g\u00fcvenilir bir se\u00e7enek. \u00d6zg\u00fcn T90 miras\u0131n\u0131 modern oyuna ta\u015f\u0131r.<\/p>\n","protected":false},"excerpt":{"rendered":"<p style=\"text-align: center;\">Nike Total 90 3 SP Mean Green, sahada cesur stil ve performans\u0131 birle\u015ftiren ikonik bir retro krampondur. Canl\u0131 Mean Green renk paleti, ofset ba\u011fc\u0131k tasar\u0131m\u0131 ve geli\u015ftirilmi\u015f vuru\u015f b\u00f6lgesiyle \u015futlarda hassasiyet ve g\u00fc\u00e7 sunar. Hafif, dayan\u0131kl\u0131 sentetik saya top kontrol\u00fcn\u00fc art\u0131r\u0131r; \u00e7ok y\u00f6nl\u00fc d\u0131\u015f taban ise dengeli tutu\u015f ve h\u0131z sa\u011flar. Koleksiyoncular ve nostalji seven futbolcular i\u00e7in ideal, konforlu ve g\u00fcvenilir bir se\u00e7enek. \u00d6zg\u00fcn T90 miras\u0131n\u0131 modern oyuna ta\u015f\u0131r.<\/p>\n","protected":false},"featured_media":480193,"template":"","meta":{"_acf_changed":false},"product_brand":[1928,2087],"product_cat":[101,1582,98,1586,74,1569],"product_tag":[1331],"class_list":{"0":"post-480074","1":"product","2":"type-product","3":"status-publish","4":"has-post-thumbnail","6":"product_brand-nike","7":"product_brand-nike-en","8":"product_cat-others-nike","9":"product_cat-nike-en","10":"product_cat-nike","11":"product_cat-others-nike-en","12":"product_cat-sneakers","13":"product_cat-sneakers-en","14":"product_tag-yesil","16":"first","17":"instock","18":"shipping-taxable","19":"purchasable","20":"product-type-variable"},"acf":[],"_links":{"self":[{"href":"https:\/\/sutore.com\/en\/wp-json\/wp\/v2\/product\/480074","targetHints":{"allow":["GET"]}}],"collection":[{"href":"https:\/\/sutore.com\/en\/wp-json\/wp\/v2\/product"}],"about":[{"href":"https:\/\/sutore.com\/en\/wp-json\/wp\/v2\/types\/product"}],"wp:featuredmedia":[{"embeddable":true,"href":"https:\/\/sutore.com\/en\/wp-json\/wp\/v2\/media\/480193"}],"wp:attachment":[{"href":"https:\/\/sutore.com\/en\/wp-json\/wp\/v2\/media?parent=480074"}],"wp:term":[{"taxonomy":"product_brand","embeddable":true,"href":"https:\/\/sutore.com\/en\/wp-json\/wp\/v2\/product_brand?post=480074"},{"taxonomy":"product_cat","embeddable":true,"href":"https:\/\/sutore.com\/en\/wp-json\/wp\/v2\/product_cat?post=480074"},{"taxonomy":"product_tag","embeddable":true,"href":"https:\/\/sutore.com\/en\/wp-json\/wp\/v2\/product_tag?post=480074"}],"curies":[{"name":"wp","href":"https:\/\/api.w.org\/{rel}","templated":true}]}}