{"id":480095,"date":"2025-07-08T22:53:07","date_gmt":"2025-07-08T19:53:07","guid":{"rendered":"https:\/\/sutore.com\/?post_type=product&#038;p=480095"},"modified":"2025-10-25T00:08:36","modified_gmt":"2025-10-24T21:08:36","slug":"gucci-ophidia-super-mini-shoulder-bag-blue","status":"publish","type":"product","link":"https:\/\/sutore.com\/en\/product\/gucci-ophidia-super-mini-shoulder-bag-blue\/","title":{"rendered":"Gucci Ophidia Super Mini Shoulder Bag Blue"},"content":{"rendered":"<p style=\"text-align: center;\">Gucci Ophidia Super Mini Shoulder Bag \u201cBlue GG Canvas\u201d modeli, ikonik GG Supreme canvas ve Web detaylar\u0131yla retro zarafeti modern bir formda sunar. Kompakt boyutu (H12 \u00d7 W19.5 \u00d7 D5 cm) ile minimum e\u015fyalar\u0131 stilinizle ta\u015f\u0131man\u0131za olanak tan\u0131r; ayarlanabilir kanvas ask\u0131 ve i\u00e7 cepli astar \u00f6zellikle \u015fehir i\u00e7i kullan\u0131mlar i\u00e7in idealdir.<\/p>\n","protected":false},"excerpt":{"rendered":"<p style=\"text-align: center;\">Gucci Ophidia Super Mini Shoulder Bag \u201cBlue GG Canvas\u201d modeli, ikonik GG Supreme canvas ve Web detaylar\u0131yla retro zarafeti modern bir formda sunar. Kompakt boyutu (H12 \u00d7 W19.5 \u00d7 D5 cm) ile minimum e\u015fyalar\u0131 stilinizle ta\u015f\u0131man\u0131za olanak tan\u0131r; ayarlanabilir kanvas ask\u0131 ve i\u00e7 cepli astar \u00f6zellikle \u015fehir i\u00e7i kullan\u0131mlar i\u00e7in idealdir.<\/p>\n","protected":false},"featured_media":480273,"template":"","meta":{"_acf_changed":false},"product_brand":[2069,1940],"product_cat":[1561,362,2166,2134],"product_tag":[1332],"class_list":{"0":"post-480095","1":"product","2":"type-product","3":"status-publish","4":"has-post-thumbnail","6":"product_brand-gucci-en","7":"product_brand-gucci","8":"product_cat-accessories-en","9":"product_cat-accessories","10":"product_cat-bags-en","11":"product_cat-bags","12":"product_tag-mavi","14":"first","15":"outofstock","16":"shipping-taxable","17":"product-type-variable"},"acf":[],"_links":{"self":[{"href":"https:\/\/sutore.com\/en\/wp-json\/wp\/v2\/product\/480095","targetHints":{"allow":["GET"]}}],"collection":[{"href":"https:\/\/sutore.com\/en\/wp-json\/wp\/v2\/product"}],"about":[{"href":"https:\/\/sutore.com\/en\/wp-json\/wp\/v2\/types\/product"}],"wp:featuredmedia":[{"embeddable":true,"href":"https:\/\/sutore.com\/en\/wp-json\/wp\/v2\/media\/480273"}],"wp:attachment":[{"href":"https:\/\/sutore.com\/en\/wp-json\/wp\/v2\/media?parent=480095"}],"wp:term":[{"taxonomy":"product_brand","embeddable":true,"href":"https:\/\/sutore.com\/en\/wp-json\/wp\/v2\/product_brand?post=480095"},{"taxonomy":"product_cat","embeddable":true,"href":"https:\/\/sutore.com\/en\/wp-json\/wp\/v2\/product_cat?post=480095"},{"taxonomy":"product_tag","embeddable":true,"href":"https:\/\/sutore.com\/en\/wp-json\/wp\/v2\/product_tag?post=480095"}],"curies":[{"name":"wp","href":"https:\/\/api.w.org\/{rel}","templated":true}]}}