{"id":480401,"date":"2025-08-28T05:57:05","date_gmt":"2025-08-28T02:57:05","guid":{"rendered":"https:\/\/sutore.com\/?post_type=product&#038;p=480401"},"modified":"2026-03-20T14:31:29","modified_gmt":"2026-03-20T11:31:29","slug":"supreme-vanson-leathers-gore-tex-shell-jacket-royal","status":"publish","type":"product","link":"https:\/\/sutore.com\/en\/product\/supreme-vanson-leathers-gore-tex-shell-jacket-royal\/","title":{"rendered":"Supreme Vanson Leathers GORE-TEX Shell Jacket Royal"},"content":{"rendered":"<p style=\"text-align: center;\">Supreme Vanson Leathers GORE-TEX Shell Jacket Royal, y\u00fcksek performansl\u0131 sokak stilini motosiklet miras\u0131yla bulu\u015fturur. GORE-TEX membran\u0131 sayesinde su ve r\u00fczgar ge\u00e7irmez, nefes alabilir yap\u0131 sunar. Ayarlanabilir kap\u00fc\u015fon, bantl\u0131 diki\u015fler ve \u00e7oklu fermuarl\u0131 cepler g\u00fcnl\u00fck kullan\u0131mda konfor sa\u011flar. Hafif ama dayan\u0131kl\u0131 kuma\u015f, d\u00f6rt mevsimde g\u00fcvenilir koruma verir. \u0130konik Supreme ve Vanson logolar\u0131 ile s\u0131n\u0131rl\u0131 \u00fcretim koleksiyon de\u011feri ta\u015f\u0131r. Royal mavi rengiyle dikkat \u00e7eken bu unisex ceket, \u015fehirde ve do\u011fada maksimum performans ve stil sa\u011flar.<\/p>\n","protected":false},"excerpt":{"rendered":"<p style=\"text-align: center;\">Supreme Vanson Leathers GORE-TEX Shell Jacket Royal, y\u00fcksek performansl\u0131 sokak stilini motosiklet miras\u0131yla bulu\u015fturur. GORE-TEX membran\u0131 sayesinde su ve r\u00fczgar ge\u00e7irmez, nefes alabilir yap\u0131 sunar. Ayarlanabilir kap\u00fc\u015fon, bantl\u0131 diki\u015fler ve \u00e7oklu fermuarl\u0131 cepler g\u00fcnl\u00fck kullan\u0131mda konfor sa\u011flar. Hafif ama dayan\u0131kl\u0131 kuma\u015f, d\u00f6rt mevsimde g\u00fcvenilir koruma verir. \u0130konik Supreme ve Vanson logolar\u0131 ile s\u0131n\u0131rl\u0131 \u00fcretim koleksiyon de\u011feri ta\u015f\u0131r. Royal mavi rengiyle dikkat \u00e7eken bu unisex ceket, \u015fehirde ve do\u011fada maksimum performans ve stil sa\u011flar.<\/p>\n","protected":false},"featured_media":480439,"template":"","meta":{"_acf_changed":false},"product_brand":[1942,1986],"product_cat":[1564,2154,714,2178],"product_tag":[1332],"class_list":{"0":"post-480401","1":"product","2":"type-product","3":"status-publish","4":"has-post-thumbnail","6":"product_brand-supreme","7":"product_brand-supreme-en","8":"product_cat-apparels-en","9":"product_cat-outerwear","10":"product_cat-apparels","11":"product_cat-outerwear-en","12":"product_tag-mavi","14":"first","15":"instock","16":"shipping-taxable","17":"purchasable","18":"product-type-variable"},"acf":[],"_links":{"self":[{"href":"https:\/\/sutore.com\/en\/wp-json\/wp\/v2\/product\/480401","targetHints":{"allow":["GET"]}}],"collection":[{"href":"https:\/\/sutore.com\/en\/wp-json\/wp\/v2\/product"}],"about":[{"href":"https:\/\/sutore.com\/en\/wp-json\/wp\/v2\/types\/product"}],"wp:featuredmedia":[{"embeddable":true,"href":"https:\/\/sutore.com\/en\/wp-json\/wp\/v2\/media\/480439"}],"wp:attachment":[{"href":"https:\/\/sutore.com\/en\/wp-json\/wp\/v2\/media?parent=480401"}],"wp:term":[{"taxonomy":"product_brand","embeddable":true,"href":"https:\/\/sutore.com\/en\/wp-json\/wp\/v2\/product_brand?post=480401"},{"taxonomy":"product_cat","embeddable":true,"href":"https:\/\/sutore.com\/en\/wp-json\/wp\/v2\/product_cat?post=480401"},{"taxonomy":"product_tag","embeddable":true,"href":"https:\/\/sutore.com\/en\/wp-json\/wp\/v2\/product_tag?post=480401"}],"curies":[{"name":"wp","href":"https:\/\/api.w.org\/{rel}","templated":true}]}}