{"id":481324,"date":"2022-02-19T11:11:15","date_gmt":"2022-02-19T08:11:15","guid":{"rendered":"https:\/\/sutore.com\/?post_type=product&#038;p=481324"},"modified":"2026-04-02T17:59:18","modified_gmt":"2026-04-02T14:59:18","slug":"adidas-japan-wales-bonner-cream","status":"publish","type":"product","link":"https:\/\/sutore.com\/en\/product\/adidas-japan-wales-bonner-cream\/","title":{"rendered":"adidas Japan Wales Bonner Cream"},"content":{"rendered":"<p style=\"text-align: center;\">adidas Japan Wales Bonner Cream, retro ko\u015fu miras\u0131n\u0131 modern zarafetle bulu\u015fturur. Krem tonlu \u00fcst y\u00fczey, premium deri ve s\u00fcet panellerle zenginle\u015ftirilirken, ikonik \u00fc\u00e7 bant ve ortak markal\u0131 detaylar sofistike bir g\u00f6r\u00fcn\u00fcm sunar. Yast\u0131klamal\u0131 i\u00e7 taban ve dayan\u0131kl\u0131 kau\u00e7uk d\u0131\u015f taban g\u00fcn boyu konfor ve tutu\u015f sa\u011flar. Minimalist sil\u00fcet, g\u00fcnl\u00fck stilinize ve kaps\u00fcl gard\u0131robunuza kolayca uyum sa\u011flar. \u00d6zel i\u015f birli\u011fi arayan sneaker tutkunlar\u0131 i\u00e7in rafine, zamans\u0131z ve \u00e7ok y\u00f6nl\u00fc bir se\u00e7enek.<\/p>\n","protected":false},"excerpt":{"rendered":"<p style=\"text-align: center;\">adidas Japan Wales Bonner Cream, retro ko\u015fu miras\u0131n\u0131 modern zarafetle bulu\u015fturur. Krem tonlu \u00fcst y\u00fczey, premium deri ve s\u00fcet panellerle zenginle\u015ftirilirken, ikonik \u00fc\u00e7 bant ve ortak markal\u0131 detaylar sofistike bir g\u00f6r\u00fcn\u00fcm sunar. Yast\u0131klamal\u0131 i\u00e7 taban ve dayan\u0131kl\u0131 kau\u00e7uk d\u0131\u015f taban g\u00fcn boyu konfor ve tutu\u015f sa\u011flar. Minimalist sil\u00fcet, g\u00fcnl\u00fck stilinize ve kaps\u00fcl gard\u0131robunuza kolayca uyum sa\u011flar. \u00d6zel i\u015f birli\u011fi arayan sneaker tutkunlar\u0131 i\u00e7in rafine, zamans\u0131z ve \u00e7ok y\u00f6nl\u00fc bir se\u00e7enek.<\/p>\n","protected":false},"featured_media":481383,"template":"","meta":{"_acf_changed":false},"product_brand":[2127,1927],"product_cat":[71,1570,74,1569],"product_tag":[1328],"class_list":{"0":"post-481324","1":"product","2":"type-product","3":"status-publish","4":"has-post-thumbnail","6":"product_brand-adidas-en","7":"product_brand-adidas","8":"product_cat-adidas","9":"product_cat-adidas-en","10":"product_cat-sneakers","11":"product_cat-sneakers-en","12":"product_tag-beyaz","14":"first","15":"instock","16":"shipping-taxable","17":"purchasable","18":"product-type-variable"},"acf":[],"_links":{"self":[{"href":"https:\/\/sutore.com\/en\/wp-json\/wp\/v2\/product\/481324","targetHints":{"allow":["GET"]}}],"collection":[{"href":"https:\/\/sutore.com\/en\/wp-json\/wp\/v2\/product"}],"about":[{"href":"https:\/\/sutore.com\/en\/wp-json\/wp\/v2\/types\/product"}],"wp:featuredmedia":[{"embeddable":true,"href":"https:\/\/sutore.com\/en\/wp-json\/wp\/v2\/media\/481383"}],"wp:attachment":[{"href":"https:\/\/sutore.com\/en\/wp-json\/wp\/v2\/media?parent=481324"}],"wp:term":[{"taxonomy":"product_brand","embeddable":true,"href":"https:\/\/sutore.com\/en\/wp-json\/wp\/v2\/product_brand?post=481324"},{"taxonomy":"product_cat","embeddable":true,"href":"https:\/\/sutore.com\/en\/wp-json\/wp\/v2\/product_cat?post=481324"},{"taxonomy":"product_tag","embeddable":true,"href":"https:\/\/sutore.com\/en\/wp-json\/wp\/v2\/product_tag?post=481324"}],"curies":[{"name":"wp","href":"https:\/\/api.w.org\/{rel}","templated":true}]}}