{"id":481999,"date":"2025-09-01T01:46:20","date_gmt":"2025-08-31T22:46:20","guid":{"rendered":"https:\/\/sutore.com\/?post_type=product&#038;p=481999"},"modified":"2026-04-04T04:52:43","modified_gmt":"2026-04-04T01:52:43","slug":"nike-nocta-glide-drake-white-black","status":"publish","type":"product","link":"https:\/\/sutore.com\/en\/product\/nike-nocta-glide-drake-white-black\/","title":{"rendered":"Nike NOCTA Glide Drake White Black"},"content":{"rendered":"<p style=\"text-align: center;\">Nike NOCTA Glide Drake White Black, NOCTA\u2019n\u0131n imzal\u0131 esteti\u011fini retro-f\u00fct\u00fcristik \u00e7izgilerle birle\u015ftiren \u00e7ok y\u00f6nl\u00fc bir sneaker. Siyah-beyaz kontrast\u0131, g\u00fcnl\u00fck kombinlerden sokak stiline kadar her g\u00f6r\u00fcn\u00fcme uyum sa\u011flar. Hafif \u00fcst y\u00fczey ve destekleyici yast\u0131klama g\u00fcn boyu konfor sunarken dayan\u0131kl\u0131 kau\u00e7uk d\u0131\u015f taban g\u00fcvenilir tutu\u015f sa\u011flar. Drake i\u015f birli\u011fine \u00f6zg\u00fc detaylar ve NOCTA logosu premium duru\u015fu vurgular. \u015e\u0131k, rahat ve performans odakl\u0131 bu model, gard\u0131robuna zamans\u0131z bir ekleme arayanlar i\u00e7in ideal.<\/p>\n","protected":false},"excerpt":{"rendered":"<p style=\"text-align: center;\">Nike NOCTA Glide Drake White Black, NOCTA\u2019n\u0131n imzal\u0131 esteti\u011fini retro-f\u00fct\u00fcristik \u00e7izgilerle birle\u015ftiren \u00e7ok y\u00f6nl\u00fc bir sneaker. Siyah-beyaz kontrast\u0131, g\u00fcnl\u00fck kombinlerden sokak stiline kadar her g\u00f6r\u00fcn\u00fcme uyum sa\u011flar. Hafif \u00fcst y\u00fczey ve destekleyici yast\u0131klama g\u00fcn boyu konfor sunarken dayan\u0131kl\u0131 kau\u00e7uk d\u0131\u015f taban g\u00fcvenilir tutu\u015f sa\u011flar. Drake i\u015f birli\u011fine \u00f6zg\u00fc detaylar ve NOCTA logosu premium duru\u015fu vurgular. \u015e\u0131k, rahat ve performans odakl\u0131 bu model, gard\u0131robuna zamans\u0131z bir ekleme arayanlar i\u00e7in ideal.<\/p>\n","protected":false},"featured_media":482085,"template":"","meta":{"_acf_changed":false},"product_brand":[1928,2087],"product_cat":[101,98,1582,1586,74,1569],"product_tag":[1328],"class_list":{"0":"post-481999","1":"product","2":"type-product","3":"status-publish","4":"has-post-thumbnail","6":"product_brand-nike","7":"product_brand-nike-en","8":"product_cat-others-nike","9":"product_cat-nike","10":"product_cat-nike-en","11":"product_cat-others-nike-en","12":"product_cat-sneakers","13":"product_cat-sneakers-en","14":"product_tag-beyaz","16":"first","17":"instock","18":"shipping-taxable","19":"purchasable","20":"product-type-variable"},"acf":[],"_links":{"self":[{"href":"https:\/\/sutore.com\/en\/wp-json\/wp\/v2\/product\/481999","targetHints":{"allow":["GET"]}}],"collection":[{"href":"https:\/\/sutore.com\/en\/wp-json\/wp\/v2\/product"}],"about":[{"href":"https:\/\/sutore.com\/en\/wp-json\/wp\/v2\/types\/product"}],"wp:featuredmedia":[{"embeddable":true,"href":"https:\/\/sutore.com\/en\/wp-json\/wp\/v2\/media\/482085"}],"wp:attachment":[{"href":"https:\/\/sutore.com\/en\/wp-json\/wp\/v2\/media?parent=481999"}],"wp:term":[{"taxonomy":"product_brand","embeddable":true,"href":"https:\/\/sutore.com\/en\/wp-json\/wp\/v2\/product_brand?post=481999"},{"taxonomy":"product_cat","embeddable":true,"href":"https:\/\/sutore.com\/en\/wp-json\/wp\/v2\/product_cat?post=481999"},{"taxonomy":"product_tag","embeddable":true,"href":"https:\/\/sutore.com\/en\/wp-json\/wp\/v2\/product_tag?post=481999"}],"curies":[{"name":"wp","href":"https:\/\/api.w.org\/{rel}","templated":true}]}}