{"id":482012,"date":"2025-07-22T01:50:33","date_gmt":"2025-07-21T22:50:33","guid":{"rendered":"https:\/\/sutore.com\/?post_type=product&#038;p=482012"},"modified":"2026-04-02T16:23:11","modified_gmt":"2026-04-02T13:23:11","slug":"nike-ja-3-ny-vs-ny","status":"publish","type":"product","link":"https:\/\/sutore.com\/en\/product\/nike-ja-3-ny-vs-ny\/","title":{"rendered":"Nike Ja 3 NY vs. NY"},"content":{"rendered":"<p style=\"text-align: center;\">Nike Ja 3 NY vs. NY, Ja Morant imzas\u0131n\u0131 ta\u015f\u0131yan, New York\u2019un sokak enerjisini parkeye getiren hafif ve \u00e7evik bir basketbol ayakkab\u0131s\u0131d\u0131r. H\u0131zl\u0131 ilk ad\u0131m i\u00e7in tepki veren yast\u0131klama, sert d\u00f6n\u00fc\u015flerde g\u00fcven veren kavrama ve aya\u011f\u0131 saran destek sunar. Nefes alabilen \u00fcst saya g\u00fcn boyu konfor sa\u011flar; dayan\u0131kl\u0131 d\u0131\u015f taban hem indoor hem outdoor kullan\u0131ma uygundur. Cesur renk bloklar\u0131yla stilini \u00f6ne \u00e7\u0131kar, performans\u0131n\u0131 y\u00fckselt. Nike Ja 3 NY vs. NY ile kontrol, h\u0131z ve g\u00fcven bir arada.<\/p>\n","protected":false},"excerpt":{"rendered":"<p style=\"text-align: center;\">Nike Ja 3 NY vs. NY, Ja Morant imzas\u0131n\u0131 ta\u015f\u0131yan, New York\u2019un sokak enerjisini parkeye getiren hafif ve \u00e7evik bir basketbol ayakkab\u0131s\u0131d\u0131r. H\u0131zl\u0131 ilk ad\u0131m i\u00e7in tepki veren yast\u0131klama, sert d\u00f6n\u00fc\u015flerde g\u00fcven veren kavrama ve aya\u011f\u0131 saran destek sunar. Nefes alabilen \u00fcst saya g\u00fcn boyu konfor sa\u011flar; dayan\u0131kl\u0131 d\u0131\u015f taban hem indoor hem outdoor kullan\u0131ma uygundur. Cesur renk bloklar\u0131yla stilini \u00f6ne \u00e7\u0131kar, performans\u0131n\u0131 y\u00fckselt. Nike Ja 3 NY vs. NY ile kontrol, h\u0131z ve g\u00fcven bir arada.<\/p>\n","protected":false},"featured_media":482043,"template":"","meta":{"_acf_changed":false},"product_brand":[1928,2087],"product_cat":[2360,2361,98,1582,74,1569],"product_tag":[1327],"class_list":{"0":"post-482012","1":"product","2":"type-product","3":"status-publish","4":"has-post-thumbnail","6":"product_brand-nike","7":"product_brand-nike-en","8":"product_cat-ja-morant","9":"product_cat-ja-morant-en","10":"product_cat-nike","11":"product_cat-nike-en","12":"product_cat-sneakers","13":"product_cat-sneakers-en","14":"product_tag-siyah","16":"first","17":"instock","18":"shipping-taxable","19":"purchasable","20":"product-type-variable"},"acf":[],"_links":{"self":[{"href":"https:\/\/sutore.com\/en\/wp-json\/wp\/v2\/product\/482012","targetHints":{"allow":["GET"]}}],"collection":[{"href":"https:\/\/sutore.com\/en\/wp-json\/wp\/v2\/product"}],"about":[{"href":"https:\/\/sutore.com\/en\/wp-json\/wp\/v2\/types\/product"}],"wp:featuredmedia":[{"embeddable":true,"href":"https:\/\/sutore.com\/en\/wp-json\/wp\/v2\/media\/482043"}],"wp:attachment":[{"href":"https:\/\/sutore.com\/en\/wp-json\/wp\/v2\/media?parent=482012"}],"wp:term":[{"taxonomy":"product_brand","embeddable":true,"href":"https:\/\/sutore.com\/en\/wp-json\/wp\/v2\/product_brand?post=482012"},{"taxonomy":"product_cat","embeddable":true,"href":"https:\/\/sutore.com\/en\/wp-json\/wp\/v2\/product_cat?post=482012"},{"taxonomy":"product_tag","embeddable":true,"href":"https:\/\/sutore.com\/en\/wp-json\/wp\/v2\/product_tag?post=482012"}],"curies":[{"name":"wp","href":"https:\/\/api.w.org\/{rel}","templated":true}]}}