{"id":482569,"date":"2024-09-19T16:52:41","date_gmt":"2024-09-19T13:52:41","guid":{"rendered":"https:\/\/sutore.com\/?post_type=product&#038;p=482569"},"modified":"2026-03-31T17:47:44","modified_gmt":"2026-03-31T14:47:44","slug":"goyard-saint-louis-gm-bag-red","status":"publish","type":"product","link":"https:\/\/sutore.com\/en\/product\/goyard-saint-louis-gm-bag-red\/","title":{"rendered":"Goyard Saint Louis GM Bag Red"},"content":{"rendered":"<p style=\"text-align: center;\">Goyard Saint Louis GM Bag \u201cRed\u201d, hafif Goyardine kanvas ve deri detaylar\u0131yla geni\u015f, ters-y\u00fcz (reversible) kullan\u0131m sunar. 40 \u00d7 32 \u00d7 20 cm (U \u00d7 Y \u00d7 G) \u00f6l\u00e7\u00fcleri, \u00e7ift deri sap ve \u00e7\u0131kar\u0131labilir i\u00e7 cep ile g\u00fcnl\u00fck kullan\u0131m\u0131 kolayla\u015ft\u0131r\u0131rken, ikonik chevron deseniyle zamans\u0131z bir \u015f\u0131kl\u0131k sa\u011flar.<\/p>\n","protected":false},"excerpt":{"rendered":"<p style=\"text-align: center;\">Goyard Saint Louis GM Bag \u201cRed\u201d, hafif Goyardine kanvas ve deri detaylar\u0131yla geni\u015f, ters-y\u00fcz (reversible) kullan\u0131m sunar. 40 \u00d7 32 \u00d7 20 cm (U \u00d7 Y \u00d7 G) \u00f6l\u00e7\u00fcleri, \u00e7ift deri sap ve \u00e7\u0131kar\u0131labilir i\u00e7 cep ile g\u00fcnl\u00fck kullan\u0131m\u0131 kolayla\u015ft\u0131r\u0131rken, ikonik chevron deseniyle zamans\u0131z bir \u015f\u0131kl\u0131k sa\u011flar.<\/p>\n","protected":false},"featured_media":482570,"template":"","meta":{"_acf_changed":false},"product_brand":[1946,2068],"product_cat":[1561,362,2166,2134],"product_tag":[1329],"class_list":{"0":"post-482569","1":"product","2":"type-product","3":"status-publish","4":"has-post-thumbnail","6":"product_brand-goyard","7":"product_brand-goyard-en","8":"product_cat-accessories-en","9":"product_cat-accessories","10":"product_cat-bags-en","11":"product_cat-bags","12":"product_tag-kirmizi","14":"first","15":"instock","16":"shipping-taxable","17":"purchasable","18":"product-type-variable"},"acf":[],"_links":{"self":[{"href":"https:\/\/sutore.com\/en\/wp-json\/wp\/v2\/product\/482569","targetHints":{"allow":["GET"]}}],"collection":[{"href":"https:\/\/sutore.com\/en\/wp-json\/wp\/v2\/product"}],"about":[{"href":"https:\/\/sutore.com\/en\/wp-json\/wp\/v2\/types\/product"}],"wp:featuredmedia":[{"embeddable":true,"href":"https:\/\/sutore.com\/en\/wp-json\/wp\/v2\/media\/482570"}],"wp:attachment":[{"href":"https:\/\/sutore.com\/en\/wp-json\/wp\/v2\/media?parent=482569"}],"wp:term":[{"taxonomy":"product_brand","embeddable":true,"href":"https:\/\/sutore.com\/en\/wp-json\/wp\/v2\/product_brand?post=482569"},{"taxonomy":"product_cat","embeddable":true,"href":"https:\/\/sutore.com\/en\/wp-json\/wp\/v2\/product_cat?post=482569"},{"taxonomy":"product_tag","embeddable":true,"href":"https:\/\/sutore.com\/en\/wp-json\/wp\/v2\/product_tag?post=482569"}],"curies":[{"name":"wp","href":"https:\/\/api.w.org\/{rel}","templated":true}]}}