{"id":483238,"date":"2025-09-13T22:20:11","date_gmt":"2025-09-13T19:20:11","guid":{"rendered":"https:\/\/sutore.com\/?post_type=product&#038;p=483238"},"modified":"2026-04-04T04:52:15","modified_gmt":"2026-04-04T01:52:15","slug":"nike-air-max-dn8-victor-victor-nyc","status":"publish","type":"product","link":"https:\/\/sutore.com\/en\/product\/nike-air-max-dn8-victor-victor-nyc\/","title":{"rendered":"Nike Air Max Dn8 Victor Victor NYC"},"content":{"rendered":"<p style=\"text-align: center;\">Nike Air Max Dn8 Victor Victor NYC, performans ve sokak stilini birle\u015ftiren \u00f6zel i\u015fbirli\u011fi sneaker\u2019\u0131. \u0130konik Air yast\u0131klama, hafif yap\u0131 ve esnek taban ile g\u00fcn boyu konfor sunar. Victor Victor imzal\u0131 detaylar ve NYC\u2019den ilham alan tasar\u0131m \u00e7izgileri, g\u00f6r\u00fcn\u00fcm\u00fcn\u00fcze \u00f6zg\u00fcn bir karakter katar. Spor, \u015fehir i\u00e7i kullan\u0131m ve g\u00fcnl\u00fck kombinler i\u00e7in ideal. Y\u00fcksek nefes alabilirlik, sa\u011flam tutu\u015f ve modern sil\u00fcet ile fark yarat\u0131n. Nike Air Max Dn8 Victor Victor NYC ile stilinizi ve konforunuzu bir \u00fcst seviyeye ta\u015f\u0131y\u0131n.<\/p>\n","protected":false},"excerpt":{"rendered":"<p style=\"text-align: center;\">Nike Air Max Dn8 Victor Victor NYC, performans ve sokak stilini birle\u015ftiren \u00f6zel i\u015fbirli\u011fi sneaker\u2019\u0131. \u0130konik Air yast\u0131klama, hafif yap\u0131 ve esnek taban ile g\u00fcn boyu konfor sunar. Victor Victor imzal\u0131 detaylar ve NYC\u2019den ilham alan tasar\u0131m \u00e7izgileri, g\u00f6r\u00fcn\u00fcm\u00fcn\u00fcze \u00f6zg\u00fcn bir karakter katar. Spor, \u015fehir i\u00e7i kullan\u0131m ve g\u00fcnl\u00fck kombinler i\u00e7in ideal. Y\u00fcksek nefes alabilirlik, sa\u011flam tutu\u015f ve modern sil\u00fcet ile fark yarat\u0131n. Nike Air Max Dn8 Victor Victor NYC ile stilinizi ve konforunuzu bir \u00fcst seviyeye ta\u015f\u0131y\u0131n.<\/p>\n","protected":false},"featured_media":483495,"template":"","meta":{"_acf_changed":false},"product_brand":[2087,1928],"product_cat":[99,1584,1582,98,74,1569],"product_tag":[1327],"class_list":{"0":"post-483238","1":"product","2":"type-product","3":"status-publish","4":"has-post-thumbnail","6":"product_brand-nike-en","7":"product_brand-nike","8":"product_cat-air-max","9":"product_cat-air-max-en","10":"product_cat-nike-en","11":"product_cat-nike","12":"product_cat-sneakers","13":"product_cat-sneakers-en","14":"product_tag-siyah","16":"first","17":"instock","18":"shipping-taxable","19":"purchasable","20":"product-type-variable"},"acf":[],"_links":{"self":[{"href":"https:\/\/sutore.com\/en\/wp-json\/wp\/v2\/product\/483238","targetHints":{"allow":["GET"]}}],"collection":[{"href":"https:\/\/sutore.com\/en\/wp-json\/wp\/v2\/product"}],"about":[{"href":"https:\/\/sutore.com\/en\/wp-json\/wp\/v2\/types\/product"}],"wp:featuredmedia":[{"embeddable":true,"href":"https:\/\/sutore.com\/en\/wp-json\/wp\/v2\/media\/483495"}],"wp:attachment":[{"href":"https:\/\/sutore.com\/en\/wp-json\/wp\/v2\/media?parent=483238"}],"wp:term":[{"taxonomy":"product_brand","embeddable":true,"href":"https:\/\/sutore.com\/en\/wp-json\/wp\/v2\/product_brand?post=483238"},{"taxonomy":"product_cat","embeddable":true,"href":"https:\/\/sutore.com\/en\/wp-json\/wp\/v2\/product_cat?post=483238"},{"taxonomy":"product_tag","embeddable":true,"href":"https:\/\/sutore.com\/en\/wp-json\/wp\/v2\/product_tag?post=483238"}],"curies":[{"name":"wp","href":"https:\/\/api.w.org\/{rel}","templated":true}]}}