{"id":483247,"date":"2025-09-18T00:02:06","date_gmt":"2025-09-17T21:02:06","guid":{"rendered":"https:\/\/sutore.com\/?post_type=product&#038;p=483247"},"modified":"2026-03-20T14:31:48","modified_gmt":"2026-03-20T11:31:48","slug":"supreme-swarovski-motion-logo-hooded-sweatshirt-black","status":"publish","type":"product","link":"https:\/\/sutore.com\/en\/product\/supreme-swarovski-motion-logo-hooded-sweatshirt-black\/","title":{"rendered":"Supreme Swarovski Motion Logo Hooded Sweatshirt Black"},"content":{"rendered":"<p style=\"text-align: center;\">Supreme Swarovski Motion Logo Hooded Sweatshirt Black, l\u00fcks streetwear stilini parlak kristal detaylarla bulu\u015fturur. Siyah kap\u00fc\u015fonlu sweatshirt, Swarovski ta\u015fl\u0131 Motion Logo ile g\u00f6z al\u0131c\u0131 bir etki sunar; kap\u00fc\u015fon ve kanguru cepli tasar\u0131m g\u00fcnl\u00fck konfor sa\u011flar. Yumu\u015fak, dayan\u0131kl\u0131 kuma\u015f\u0131 ve klasik kesimiyle unisex kombinlere uyumlu. S\u0131n\u0131rl\u0131 \u00fcretim ruhunu ta\u015f\u0131yan bu ikonik par\u00e7a, koleksiyonunuza prestij katar. \u015eehir stilinizi y\u00fckseltin; Supreme hoodie arayanlar i\u00e7in \u015f\u0131k ve zamans\u0131z bir se\u00e7im.<\/p>\n","protected":false},"excerpt":{"rendered":"<p style=\"text-align: center;\">Supreme Swarovski Motion Logo Hooded Sweatshirt Black, l\u00fcks streetwear stilini parlak kristal detaylarla bulu\u015fturur. Siyah kap\u00fc\u015fonlu sweatshirt, Swarovski ta\u015fl\u0131 Motion Logo ile g\u00f6z al\u0131c\u0131 bir etki sunar; kap\u00fc\u015fon ve kanguru cepli tasar\u0131m g\u00fcnl\u00fck konfor sa\u011flar. Yumu\u015fak, dayan\u0131kl\u0131 kuma\u015f\u0131 ve klasik kesimiyle unisex kombinlere uyumlu. S\u0131n\u0131rl\u0131 \u00fcretim ruhunu ta\u015f\u0131yan bu ikonik par\u00e7a, koleksiyonunuza prestij katar. \u015eehir stilinizi y\u00fckseltin; Supreme hoodie arayanlar i\u00e7in \u015f\u0131k ve zamans\u0131z bir se\u00e7im.<\/p>\n","protected":false},"featured_media":483688,"template":"","meta":{"_acf_changed":false},"product_brand":[1942,1986],"product_cat":[1564,714,2179,2155],"product_tag":[1327],"class_list":{"0":"post-483247","1":"product","2":"type-product","3":"status-publish","4":"has-post-thumbnail","6":"product_brand-supreme","7":"product_brand-supreme-en","8":"product_cat-apparels-en","9":"product_cat-apparels","10":"product_cat-tops-en","11":"product_cat-tops","12":"product_tag-siyah","14":"first","15":"instock","16":"shipping-taxable","17":"purchasable","18":"product-type-variable"},"acf":[],"_links":{"self":[{"href":"https:\/\/sutore.com\/en\/wp-json\/wp\/v2\/product\/483247","targetHints":{"allow":["GET"]}}],"collection":[{"href":"https:\/\/sutore.com\/en\/wp-json\/wp\/v2\/product"}],"about":[{"href":"https:\/\/sutore.com\/en\/wp-json\/wp\/v2\/types\/product"}],"wp:featuredmedia":[{"embeddable":true,"href":"https:\/\/sutore.com\/en\/wp-json\/wp\/v2\/media\/483688"}],"wp:attachment":[{"href":"https:\/\/sutore.com\/en\/wp-json\/wp\/v2\/media?parent=483247"}],"wp:term":[{"taxonomy":"product_brand","embeddable":true,"href":"https:\/\/sutore.com\/en\/wp-json\/wp\/v2\/product_brand?post=483247"},{"taxonomy":"product_cat","embeddable":true,"href":"https:\/\/sutore.com\/en\/wp-json\/wp\/v2\/product_cat?post=483247"},{"taxonomy":"product_tag","embeddable":true,"href":"https:\/\/sutore.com\/en\/wp-json\/wp\/v2\/product_tag?post=483247"}],"curies":[{"name":"wp","href":"https:\/\/api.w.org\/{rel}","templated":true}]}}