{"id":483526,"date":"2025-09-23T20:24:13","date_gmt":"2025-09-23T17:24:13","guid":{"rendered":"https:\/\/sutore.com\/?post_type=product&#038;p=483526"},"modified":"2025-12-12T00:27:50","modified_gmt":"2025-12-11T21:27:50","slug":"sp5der-beluga-outline-hoodie-black","status":"publish","type":"product","link":"https:\/\/sutore.com\/en\/product\/sp5der-beluga-outline-hoodie-black\/","title":{"rendered":"Sp5der Beluga Outline Hoodie Black"},"content":{"rendered":"<p style=\"text-align: center\">Sp5der Beluga Outline Hoodie Black, ikonik siyah kap\u00fc\u015fonlu sweatshirt; premium konfor, minimal Beluga Outline grafikleri ve modern streetwear tarz\u0131 sunar. Yumu\u015fak, dayan\u0131kl\u0131 kuma\u015f g\u00fcn boyu rahatl\u0131k; kanguru cep ve ayarlanabilir kap\u00fc\u015fon pratiklik sa\u011flar. Unisex tasar\u0131m\u0131 oversize ya da regular kombinlerle uyumlu, sneaker&#8217;larla kusursuz e\u015fle\u015fir. \u015eehrin temposuna uygun, \u00f6zg\u00fcn g\u00f6r\u00fcn\u00fcm isteyenler i\u00e7in ideal Sp5der hoodie.<\/p>\n","protected":false},"excerpt":{"rendered":"<p style=\"text-align: center\">Sp5der Beluga Outline Hoodie Black, ikonik siyah kap\u00fc\u015fonlu sweatshirt; premium konfor, minimal Beluga Outline grafikleri ve modern streetwear tarz\u0131 sunar. Yumu\u015fak, dayan\u0131kl\u0131 kuma\u015f g\u00fcn boyu rahatl\u0131k; kanguru cep ve ayarlanabilir kap\u00fc\u015fon pratiklik sa\u011flar. Unisex tasar\u0131m\u0131 oversize ya da regular kombinlerle uyumlu, sneaker&#8217;larla kusursuz e\u015fle\u015fir. \u015eehrin temposuna uygun, \u00f6zg\u00fcn g\u00f6r\u00fcn\u00fcm isteyenler i\u00e7in ideal Sp5der hoodie.<\/p>\n","protected":false},"featured_media":483539,"template":"","meta":{"_acf_changed":false},"product_brand":[1998,2129],"product_cat":[1564,714,2179,2155],"product_tag":[1327],"class_list":{"0":"post-483526","1":"product","2":"type-product","3":"status-publish","4":"has-post-thumbnail","6":"product_brand-sp5der","7":"product_brand-sp5der-en","8":"product_cat-apparels-en","9":"product_cat-apparels","10":"product_cat-tops-en","11":"product_cat-tops","12":"product_tag-siyah","14":"first","15":"outofstock","16":"shipping-taxable","17":"product-type-variable"},"acf":[],"_links":{"self":[{"href":"https:\/\/sutore.com\/en\/wp-json\/wp\/v2\/product\/483526","targetHints":{"allow":["GET"]}}],"collection":[{"href":"https:\/\/sutore.com\/en\/wp-json\/wp\/v2\/product"}],"about":[{"href":"https:\/\/sutore.com\/en\/wp-json\/wp\/v2\/types\/product"}],"wp:featuredmedia":[{"embeddable":true,"href":"https:\/\/sutore.com\/en\/wp-json\/wp\/v2\/media\/483539"}],"wp:attachment":[{"href":"https:\/\/sutore.com\/en\/wp-json\/wp\/v2\/media?parent=483526"}],"wp:term":[{"taxonomy":"product_brand","embeddable":true,"href":"https:\/\/sutore.com\/en\/wp-json\/wp\/v2\/product_brand?post=483526"},{"taxonomy":"product_cat","embeddable":true,"href":"https:\/\/sutore.com\/en\/wp-json\/wp\/v2\/product_cat?post=483526"},{"taxonomy":"product_tag","embeddable":true,"href":"https:\/\/sutore.com\/en\/wp-json\/wp\/v2\/product_tag?post=483526"}],"curies":[{"name":"wp","href":"https:\/\/api.w.org\/{rel}","templated":true}]}}