{"id":483835,"date":"2025-09-24T22:46:19","date_gmt":"2025-09-24T19:46:19","guid":{"rendered":"https:\/\/sutore.com\/?post_type=product&#038;p=483835"},"modified":"2026-04-04T04:48:22","modified_gmt":"2026-04-04T01:48:22","slug":"ugg-tasman-slipper-sand-dark-cherry-womens","status":"publish","type":"product","link":"https:\/\/sutore.com\/en\/product\/ugg-tasman-slipper-sand-dark-cherry-womens\/","title":{"rendered":"UGG Tasman Slipper Sand Dark Cherry (W)"},"content":{"rendered":"<p style=\"text-align: center\">UGG Tasman Slipper Sand Dark Cherry (W) kad\u0131n terli\u011fi, \u015f\u0131k tasar\u0131m\u0131 ve \u00fcst\u00fcn konforu bir araya getirir. Yumu\u015fak s\u00fcet \u00fcst y\u00fczey ve s\u0131cak, nefes alabilen astar\u0131 g\u00fcn boyu rahatl\u0131k sunar. Kaymaz, dayan\u0131kl\u0131 d\u0131\u015f taban sayesinde evde ve d\u0131\u015far\u0131da kullan\u0131m i\u00e7in idealdir. Tasman \u00f6rg\u00fc detayl\u0131 kenar, ikonik UGG stilini vurgular. G\u00fcnl\u00fck giyim, hediye veya k\u0131\u015f haz\u0131rl\u0131klar\u0131 i\u00e7in m\u00fckemmel bir se\u00e7im. Sand\/Dark Cherry renk paleti, gard\u0131robunuza zahmetsizce uyum sa\u011flar.<\/p>\n","protected":false},"excerpt":{"rendered":"<p style=\"text-align: center\">UGG Tasman Slipper Sand Dark Cherry (W) kad\u0131n terli\u011fi, \u015f\u0131k tasar\u0131m\u0131 ve \u00fcst\u00fcn konforu bir araya getirir. Yumu\u015fak s\u00fcet \u00fcst y\u00fczey ve s\u0131cak, nefes alabilen astar\u0131 g\u00fcn boyu rahatl\u0131k sunar. Kaymaz, dayan\u0131kl\u0131 d\u0131\u015f taban sayesinde evde ve d\u0131\u015far\u0131da kullan\u0131m i\u00e7in idealdir. Tasman \u00f6rg\u00fc detayl\u0131 kenar, ikonik UGG stilini vurgular. G\u00fcnl\u00fck giyim, hediye veya k\u0131\u015f haz\u0131rl\u0131klar\u0131 i\u00e7in m\u00fckemmel bir se\u00e7im. Sand\/Dark Cherry renk paleti, gard\u0131robunuza zahmetsizce uyum sa\u011flar.<\/p>\n","protected":false},"featured_media":515768,"template":"","meta":{"_acf_changed":false},"product_brand":[1989,2118],"product_cat":[74,1569,2185,2191,1797,1798],"product_tag":[1338],"class_list":{"0":"post-483835","1":"product","2":"type-product","3":"status-publish","4":"has-post-thumbnail","6":"product_brand-ugg","7":"product_brand-ugg-en","8":"product_cat-sneakers","9":"product_cat-sneakers-en","10":"product_cat-tasman","11":"product_cat-tasman-en","12":"product_cat-ugg","13":"product_cat-ugg-en","14":"product_tag-kahverengi","16":"first","17":"instock","18":"shipping-taxable","19":"purchasable","20":"product-type-variable"},"acf":[],"_links":{"self":[{"href":"https:\/\/sutore.com\/en\/wp-json\/wp\/v2\/product\/483835","targetHints":{"allow":["GET"]}}],"collection":[{"href":"https:\/\/sutore.com\/en\/wp-json\/wp\/v2\/product"}],"about":[{"href":"https:\/\/sutore.com\/en\/wp-json\/wp\/v2\/types\/product"}],"wp:featuredmedia":[{"embeddable":true,"href":"https:\/\/sutore.com\/en\/wp-json\/wp\/v2\/media\/515768"}],"wp:attachment":[{"href":"https:\/\/sutore.com\/en\/wp-json\/wp\/v2\/media?parent=483835"}],"wp:term":[{"taxonomy":"product_brand","embeddable":true,"href":"https:\/\/sutore.com\/en\/wp-json\/wp\/v2\/product_brand?post=483835"},{"taxonomy":"product_cat","embeddable":true,"href":"https:\/\/sutore.com\/en\/wp-json\/wp\/v2\/product_cat?post=483835"},{"taxonomy":"product_tag","embeddable":true,"href":"https:\/\/sutore.com\/en\/wp-json\/wp\/v2\/product_tag?post=483835"}],"curies":[{"name":"wp","href":"https:\/\/api.w.org\/{rel}","templated":true}]}}