{"id":48425,"date":"2022-03-12T09:12:25","date_gmt":"2022-03-12T06:12:25","guid":{"rendered":"https:\/\/sutore.com\/?post_type=product&#038;p=48425"},"modified":"2026-03-27T15:46:07","modified_gmt":"2026-03-27T12:46:07","slug":"adidas-yeezy-boost-350-v2-core-black-white","status":"publish","type":"product","link":"https:\/\/sutore.com\/en\/product\/adidas-yeezy-boost-350-v2-core-black-white\/","title":{"rendered":"adidas Yeezy Boost 350 V2 Core Black White"},"content":{"rendered":"<p style=\"text-align: center;\">Yeezy Ailesi, \u015fimdi sutore&#8217;de bulunan adidas Yeezy Boost 350 V2 Zyon ile pop\u00fcler serisine yeni bir renk grubu kat\u0131yor. Statik renk grubunda ilham alan bu renk 350 V2, koyu kahverengi \u015ferit ve mocha tonlar\u0131 i\u00e7in beyaz bir yan \u015ferit ile farkl\u0131la\u015f\u0131yor.<\/p>\n<p style=\"text-align: center;\">Bu Yeezy 350 V2, tonal koyu bir yan \u015ferit ile birlikte Zyon bir Primeknit \u00fcst i\u00e7eriyor. Yar\u0131 saydam Boost yast\u0131kl\u0131 taban ve krem i\u00e7 tasar\u0131m\u0131 tamaml\u0131yor. Temmuz 2020\u2019de piyasaya s\u00fcr\u00fclen bu model 220 dolar fiyat etiketiyle vitrinlerdeki yerini ald\u0131. Bu do\u011fal modeli stoklar kurumadan hemen sat\u0131n al.<\/p>\n<p style=\"text-align: center;\">\u00dcr\u00fcn hakk\u0131nda daha fazla bilgi almak ve \u00fcr\u00fcn\u00fcn g\u00fcncel global piyasa de\u011ferini takip etmek i\u00e7in <a href=\"https:\/\/stockx.com\/adidas-yeezy-boost-350-v2-core-black-white\" target=\"_blank\" rel=\"noopener noreferrer\">StockX<\/a> adresini ziyaret edebilirsiniz.<\/p>\n<p style=\"text-align: center;\">\n","protected":false},"excerpt":{"rendered":"<p style=\"text-align: center;\">\u00dcr\u00fcn hakk\u0131nda daha fazla bilgi almak ve \u00fcr\u00fcn\u00fcn g\u00fcncel global piyasa de\u011ferini takip etmek i\u00e7in <a href=\"https:\/\/stockx.com\/adidas-yeezy-boost-350-v2-core-black-white\" target=\"_blank\" rel=\"noopener noreferrer\">StockX<\/a> adresini ziyaret edebilirsiniz.<\/p>\n<p style=\"text-align: center;\">\n","protected":false},"featured_media":48448,"template":"","meta":{"_acf_changed":false},"product_brand":[2127,1927,2003,2126],"product_cat":[74,73,1572,71,1570,1569,1571,72],"product_tag":[1327],"class_list":{"0":"post-48425","1":"product","2":"type-product","3":"status-publish","4":"has-post-thumbnail","6":"product_brand-adidas-en","7":"product_brand-adidas","8":"product_brand-yeezy","9":"product_brand-yeezy-en","10":"product_cat-sneakers","11":"product_cat-73","12":"product_cat-350-en","13":"product_cat-adidas","14":"product_cat-adidas-en","15":"product_cat-sneakers-en","16":"product_cat-yeezy-en","17":"product_cat-yeezy","18":"product_tag-siyah","20":"first","21":"instock","22":"shipping-taxable","23":"purchasable","24":"product-type-variable"},"acf":[],"_links":{"self":[{"href":"https:\/\/sutore.com\/en\/wp-json\/wp\/v2\/product\/48425","targetHints":{"allow":["GET"]}}],"collection":[{"href":"https:\/\/sutore.com\/en\/wp-json\/wp\/v2\/product"}],"about":[{"href":"https:\/\/sutore.com\/en\/wp-json\/wp\/v2\/types\/product"}],"wp:featuredmedia":[{"embeddable":true,"href":"https:\/\/sutore.com\/en\/wp-json\/wp\/v2\/media\/48448"}],"wp:attachment":[{"href":"https:\/\/sutore.com\/en\/wp-json\/wp\/v2\/media?parent=48425"}],"wp:term":[{"taxonomy":"product_brand","embeddable":true,"href":"https:\/\/sutore.com\/en\/wp-json\/wp\/v2\/product_brand?post=48425"},{"taxonomy":"product_cat","embeddable":true,"href":"https:\/\/sutore.com\/en\/wp-json\/wp\/v2\/product_cat?post=48425"},{"taxonomy":"product_tag","embeddable":true,"href":"https:\/\/sutore.com\/en\/wp-json\/wp\/v2\/product_tag?post=48425"}],"curies":[{"name":"wp","href":"https:\/\/api.w.org\/{rel}","templated":true}]}}