{"id":485649,"date":"2025-09-18T17:29:43","date_gmt":"2025-09-18T14:29:43","guid":{"rendered":"https:\/\/sutore.com\/?post_type=product&#038;p=485649"},"modified":"2026-04-03T16:45:12","modified_gmt":"2026-04-03T13:45:12","slug":"supreme-dickies-cordura-hooded-work-jacket-digital-camo","status":"publish","type":"product","link":"https:\/\/sutore.com\/en\/product\/supreme-dickies-cordura-hooded-work-jacket-digital-camo\/","title":{"rendered":"Supreme Dickies Cordura Hooded Work Jacket Digital Camo"},"content":{"rendered":"<p style=\"text-align: center;\">Supreme x Dickies Cordura Hooded Work Jacket Digital Camo, dayan\u0131kl\u0131l\u0131\u011f\u0131 ve sokak stilini birle\u015ftirir. A\u015f\u0131nmaya dayan\u0131kl\u0131 Cordura kuma\u015f, su itici kaplama ve ayarlanabilir kap\u00fc\u015fonla her ko\u015fulda konfor sa\u011flar. \u00c7oklu cepler, YKK fermuar ve g\u00fc\u00e7lendirilmi\u015f diki\u015fler i\u015flevselli\u011fi art\u0131r\u0131r. Dijital kamuflaj deseni, \u015fehirde ve sahada dikkat \u00e7eker. G\u00fcnl\u00fck kullan\u0131m, i\u015f giyimi ve outdoor aktiviteleri i\u00e7in ideal, unisex fit sunar. S\u0131n\u0131rl\u0131 \u00fcretim i\u015fbirli\u011fi par\u00e7as\u0131, gard\u0131robunuza premium bir dokunu\u015f katar.<\/p>\n","protected":false},"excerpt":{"rendered":"<p style=\"text-align: center;\">Supreme x Dickies Cordura Hooded Work Jacket Digital Camo, dayan\u0131kl\u0131l\u0131\u011f\u0131 ve sokak stilini birle\u015ftirir. A\u015f\u0131nmaya dayan\u0131kl\u0131 Cordura kuma\u015f, su itici kaplama ve ayarlanabilir kap\u00fc\u015fonla her ko\u015fulda konfor sa\u011flar. \u00c7oklu cepler, YKK fermuar ve g\u00fc\u00e7lendirilmi\u015f diki\u015fler i\u015flevselli\u011fi art\u0131r\u0131r. Dijital kamuflaj deseni, \u015fehirde ve sahada dikkat \u00e7eker. G\u00fcnl\u00fck kullan\u0131m, i\u015f giyimi ve outdoor aktiviteleri i\u00e7in ideal, unisex fit sunar. S\u0131n\u0131rl\u0131 \u00fcretim i\u015fbirli\u011fi par\u00e7as\u0131, gard\u0131robunuza premium bir dokunu\u015f katar.<\/p>\n","protected":false},"featured_media":485690,"template":"","meta":{"_acf_changed":false},"product_brand":[1942,1986],"product_cat":[1564,2154,714,2178],"product_tag":[1336],"class_list":{"0":"post-485649","1":"product","2":"type-product","3":"status-publish","4":"has-post-thumbnail","6":"product_brand-supreme","7":"product_brand-supreme-en","8":"product_cat-apparels-en","9":"product_cat-outerwear","10":"product_cat-apparels","11":"product_cat-outerwear-en","12":"product_tag-cok-renk","14":"first","15":"outofstock","16":"shipping-taxable","17":"product-type-variable"},"acf":[],"_links":{"self":[{"href":"https:\/\/sutore.com\/en\/wp-json\/wp\/v2\/product\/485649","targetHints":{"allow":["GET"]}}],"collection":[{"href":"https:\/\/sutore.com\/en\/wp-json\/wp\/v2\/product"}],"about":[{"href":"https:\/\/sutore.com\/en\/wp-json\/wp\/v2\/types\/product"}],"wp:featuredmedia":[{"embeddable":true,"href":"https:\/\/sutore.com\/en\/wp-json\/wp\/v2\/media\/485690"}],"wp:attachment":[{"href":"https:\/\/sutore.com\/en\/wp-json\/wp\/v2\/media?parent=485649"}],"wp:term":[{"taxonomy":"product_brand","embeddable":true,"href":"https:\/\/sutore.com\/en\/wp-json\/wp\/v2\/product_brand?post=485649"},{"taxonomy":"product_cat","embeddable":true,"href":"https:\/\/sutore.com\/en\/wp-json\/wp\/v2\/product_cat?post=485649"},{"taxonomy":"product_tag","embeddable":true,"href":"https:\/\/sutore.com\/en\/wp-json\/wp\/v2\/product_tag?post=485649"}],"curies":[{"name":"wp","href":"https:\/\/api.w.org\/{rel}","templated":true}]}}