{"id":499456,"date":"2025-09-26T16:13:03","date_gmt":"2025-09-26T13:13:03","guid":{"rendered":"https:\/\/sutore.com\/?post_type=product&#038;p=499456"},"modified":"2025-11-19T00:22:18","modified_gmt":"2025-11-18T21:22:18","slug":"nike-x-skims-womens-matte-tricot-side-snaps-pant-currant","status":"publish","type":"product","link":"https:\/\/sutore.com\/en\/product\/nike-x-skims-womens-matte-tricot-side-snaps-pant-currant\/","title":{"rendered":"Nike x SKIMS Women&#8217;s Matte Tricot Side Snaps Pant Currant"},"content":{"rendered":"<p style=\"text-align: center;\">Nike x SKIMS Kad\u0131n Matte Tricot Side Snaps Pant \u2013 Currant, spor ve \u015f\u0131kl\u0131\u011f\u0131 tek par\u00e7ada bulu\u015fturuyor. Mat trikot kuma\u015f\u0131 esnek, p\u00fcr\u00fczs\u00fcz ve hafif s\u0131k\u0131 bir his sunarken, y\u00fcksek bel ve d\u00fcz kesim modern bir sil\u00fcet verir. Yan \u00e7\u0131t\u00e7\u0131tlar stilini ki\u015fiselle\u015ftirmeni ve hareket \u00f6zg\u00fcrl\u00fc\u011f\u00fcn\u00fc art\u0131r\u0131r; antrenmandan g\u00fcne kadar her ana uyum sa\u011flar. Derin Currant tonuyla kombinlemesi kolay ve zamans\u0131z. G\u00fcnl\u00fck stilini y\u00fckselt, kaps\u00fcl gard\u0131robuna ikonik i\u015f birli\u011fi dokunu\u015fu ekle.<\/p>\n","protected":false},"excerpt":{"rendered":"<p style=\"text-align: center;\">Nike x SKIMS Kad\u0131n Matte Tricot Side Snaps Pant \u2013 Currant, spor ve \u015f\u0131kl\u0131\u011f\u0131 tek par\u00e7ada bulu\u015fturuyor. Mat trikot kuma\u015f\u0131 esnek, p\u00fcr\u00fczs\u00fcz ve hafif s\u0131k\u0131 bir his sunarken, y\u00fcksek bel ve d\u00fcz kesim modern bir sil\u00fcet verir. Yan \u00e7\u0131t\u00e7\u0131tlar stilini ki\u015fiselle\u015ftirmeni ve hareket \u00f6zg\u00fcrl\u00fc\u011f\u00fcn\u00fc art\u0131r\u0131r; antrenmandan g\u00fcne kadar her ana uyum sa\u011flar. Derin Currant tonuyla kombinlemesi kolay ve zamans\u0131z. G\u00fcnl\u00fck stilini y\u00fckselt, kaps\u00fcl gard\u0131robuna ikonik i\u015f birli\u011fi dokunu\u015fu ekle.<\/p>\n","protected":false},"featured_media":499703,"template":"","meta":{"_acf_changed":false},"product_brand":[2087,1928,1962,2105],"product_cat":[2180,2152,1564,2175,714,2156],"product_tag":[1329],"class_list":{"0":"post-499456","1":"product","2":"type-product","3":"status-publish","4":"has-post-thumbnail","6":"product_brand-nike-en","7":"product_brand-nike","8":"product_brand-skims","9":"product_brand-skims-en","10":"product_cat-activewear-en","11":"product_cat-bottoms","12":"product_cat-apparels-en","13":"product_cat-bottoms-en","14":"product_cat-apparels","15":"product_cat-activewear","16":"product_tag-kirmizi","18":"first","19":"outofstock","20":"shipping-taxable","21":"product-type-variable"},"acf":[],"_links":{"self":[{"href":"https:\/\/sutore.com\/en\/wp-json\/wp\/v2\/product\/499456","targetHints":{"allow":["GET"]}}],"collection":[{"href":"https:\/\/sutore.com\/en\/wp-json\/wp\/v2\/product"}],"about":[{"href":"https:\/\/sutore.com\/en\/wp-json\/wp\/v2\/types\/product"}],"wp:featuredmedia":[{"embeddable":true,"href":"https:\/\/sutore.com\/en\/wp-json\/wp\/v2\/media\/499703"}],"wp:attachment":[{"href":"https:\/\/sutore.com\/en\/wp-json\/wp\/v2\/media?parent=499456"}],"wp:term":[{"taxonomy":"product_brand","embeddable":true,"href":"https:\/\/sutore.com\/en\/wp-json\/wp\/v2\/product_brand?post=499456"},{"taxonomy":"product_cat","embeddable":true,"href":"https:\/\/sutore.com\/en\/wp-json\/wp\/v2\/product_cat?post=499456"},{"taxonomy":"product_tag","embeddable":true,"href":"https:\/\/sutore.com\/en\/wp-json\/wp\/v2\/product_tag?post=499456"}],"curies":[{"name":"wp","href":"https:\/\/api.w.org\/{rel}","templated":true}]}}