{"id":499458,"date":"2025-09-26T16:13:17","date_gmt":"2025-09-26T13:13:17","guid":{"rendered":"https:\/\/sutore.com\/?post_type=product&#038;p=499458"},"modified":"2026-03-20T19:56:44","modified_gmt":"2026-03-20T16:56:44","slug":"nike-x-skims-womens-matte-tricot-side-snaps-pant-obsidian","status":"publish","type":"product","link":"https:\/\/sutore.com\/en\/product\/nike-x-skims-womens-matte-tricot-side-snaps-pant-obsidian\/","title":{"rendered":"Nike x SKIMS Women&#8217;s Matte Tricot Side Snaps Pant Obsidian"},"content":{"rendered":"<p style=\"text-align: center;\">Nike x SKIMS Women\u2019s Matte Tricot Side Snaps Pant Obsidian, spor miras\u0131 ile l\u00fcks minimalizmi birle\u015ftirir. Mat trikot kuma\u015f yumu\u015fak, esnek ve p\u00fcr\u00fczs\u00fcz his sunar; yan \u00e7\u0131t\u00e7\u0131tl\u0131 tasar\u0131m stil ve havaland\u0131rmay\u0131 an\u0131nda ki\u015fiselle\u015ftirir. Obsidian lacivert tonu zamans\u0131zd\u0131r, antrenmandan \u015fehre ge\u00e7i\u015fi kolayla\u015ft\u0131r\u0131r. Rahat kesim hareket \u00f6zg\u00fcrl\u00fc\u011f\u00fc sa\u011flarken zarif silueti korur. Nike SKIMS i\u015fbirli\u011fiyle gelen ikonik detaylar, gard\u0131roba premium bir dokunu\u015f katar. Ko\u015fu ayakkab\u0131s\u0131, crop \u00fcst ve oversized ceketlerle kolayca e\u015fle\u015fen bu yan \u00e7\u0131t\u00e7\u0131tl\u0131 kad\u0131n pantolonu, g\u00fcnl\u00fck konfor ve \u015f\u0131k performans arayanlar i\u00e7in idealdir.<\/p>\n","protected":false},"excerpt":{"rendered":"<p style=\"text-align: center;\">Nike x SKIMS Women\u2019s Matte Tricot Side Snaps Pant Obsidian, spor miras\u0131 ile l\u00fcks minimalizmi birle\u015ftirir. Mat trikot kuma\u015f yumu\u015fak, esnek ve p\u00fcr\u00fczs\u00fcz his sunar; yan \u00e7\u0131t\u00e7\u0131tl\u0131 tasar\u0131m stil ve havaland\u0131rmay\u0131 an\u0131nda ki\u015fiselle\u015ftirir. Obsidian lacivert tonu zamans\u0131zd\u0131r, antrenmandan \u015fehre ge\u00e7i\u015fi kolayla\u015ft\u0131r\u0131r. Rahat kesim hareket \u00f6zg\u00fcrl\u00fc\u011f\u00fc sa\u011flarken zarif silueti korur. Nike SKIMS i\u015fbirli\u011fiyle gelen ikonik detaylar, gard\u0131roba premium bir dokunu\u015f katar. Ko\u015fu ayakkab\u0131s\u0131, crop \u00fcst ve oversized ceketlerle kolayca e\u015fle\u015fen bu yan \u00e7\u0131t\u00e7\u0131tl\u0131 kad\u0131n pantolonu, g\u00fcnl\u00fck konfor ve \u015f\u0131k performans arayanlar i\u00e7in idealdir.<\/p>\n","protected":false},"featured_media":499711,"template":"","meta":{"_acf_changed":false},"product_brand":[1928,2087,1962,2105],"product_cat":[2180,2152,1564,2175,714,2156],"product_tag":[1327],"class_list":{"0":"post-499458","1":"product","2":"type-product","3":"status-publish","4":"has-post-thumbnail","6":"product_brand-nike","7":"product_brand-nike-en","8":"product_brand-skims","9":"product_brand-skims-en","10":"product_cat-activewear-en","11":"product_cat-bottoms","12":"product_cat-apparels-en","13":"product_cat-bottoms-en","14":"product_cat-apparels","15":"product_cat-activewear","16":"product_tag-siyah","18":"first","19":"instock","20":"shipping-taxable","21":"purchasable","22":"product-type-variable"},"acf":[],"_links":{"self":[{"href":"https:\/\/sutore.com\/en\/wp-json\/wp\/v2\/product\/499458","targetHints":{"allow":["GET"]}}],"collection":[{"href":"https:\/\/sutore.com\/en\/wp-json\/wp\/v2\/product"}],"about":[{"href":"https:\/\/sutore.com\/en\/wp-json\/wp\/v2\/types\/product"}],"wp:featuredmedia":[{"embeddable":true,"href":"https:\/\/sutore.com\/en\/wp-json\/wp\/v2\/media\/499711"}],"wp:attachment":[{"href":"https:\/\/sutore.com\/en\/wp-json\/wp\/v2\/media?parent=499458"}],"wp:term":[{"taxonomy":"product_brand","embeddable":true,"href":"https:\/\/sutore.com\/en\/wp-json\/wp\/v2\/product_brand?post=499458"},{"taxonomy":"product_cat","embeddable":true,"href":"https:\/\/sutore.com\/en\/wp-json\/wp\/v2\/product_cat?post=499458"},{"taxonomy":"product_tag","embeddable":true,"href":"https:\/\/sutore.com\/en\/wp-json\/wp\/v2\/product_tag?post=499458"}],"curies":[{"name":"wp","href":"https:\/\/api.w.org\/{rel}","templated":true}]}}