{"id":510551,"date":"2025-10-04T13:45:38","date_gmt":"2025-10-04T10:45:38","guid":{"rendered":"https:\/\/sutore.com\/?post_type=product&#038;p=510551"},"modified":"2026-03-31T20:44:05","modified_gmt":"2026-03-31T17:44:05","slug":"louis-vuitton-skateboard-double-card-case-skateboard-pink","status":"publish","type":"product","link":"https:\/\/sutore.com\/en\/product\/louis-vuitton-skateboard-double-card-case-skateboard-pink\/","title":{"rendered":"Louis Vuitton Skateboard Double Card Case Skateboard\/Pink"},"content":{"rendered":"<p style=\"text-align: center;\">Louis Vuitton Double Card Holder \u201cPink\u201d, renkli Monogram Other canvas ve spor temal\u0131 bask\u0131s\u0131yla klasik tasar\u0131ma enerjik bir dokunu\u015f katar. \u0130\u00e7 k\u0131sm\u0131 dana derisi astarl\u0131 olup d\u00f6rt kart yuvas\u0131 ve ortada k\u00fc\u00e7\u00fck e\u015fya i\u00e7in cep i\u00e7erir. 11 \u00d7 7 \u00d7 1.5 cm \u00f6l\u00e7\u00fclerindedir.<\/p>\n","protected":false},"excerpt":{"rendered":"<p style=\"text-align: center;\">Louis Vuitton Double Card Holder \u201cPink\u201d, renkli Monogram Other canvas ve spor temal\u0131 bask\u0131s\u0131yla klasik tasar\u0131ma enerjik bir dokunu\u015f katar. \u0130\u00e7 k\u0131sm\u0131 dana derisi astarl\u0131 olup d\u00f6rt kart yuvas\u0131 ve ortada k\u00fc\u00e7\u00fck e\u015fya i\u00e7in cep i\u00e7erir. 11 \u00d7 7 \u00d7 1.5 cm \u00f6l\u00e7\u00fclerindedir.<\/p>\n","protected":false},"featured_media":511080,"template":"","meta":{"_acf_changed":false},"product_brand":[2082,1978],"product_cat":[1561,362,2133,2170],"product_tag":[1330],"class_list":{"0":"post-510551","1":"product","2":"type-product","3":"status-publish","4":"has-post-thumbnail","6":"product_brand-louis-vuitton-en","7":"product_brand-louis-vuitton","8":"product_cat-accessories-en","9":"product_cat-accessories","10":"product_cat-wallets-card-holders","11":"product_cat-wallets-card-holders-en","12":"product_tag-pembe","14":"first","15":"instock","16":"shipping-taxable","17":"purchasable","18":"product-type-variable"},"acf":[],"_links":{"self":[{"href":"https:\/\/sutore.com\/en\/wp-json\/wp\/v2\/product\/510551","targetHints":{"allow":["GET"]}}],"collection":[{"href":"https:\/\/sutore.com\/en\/wp-json\/wp\/v2\/product"}],"about":[{"href":"https:\/\/sutore.com\/en\/wp-json\/wp\/v2\/types\/product"}],"wp:featuredmedia":[{"embeddable":true,"href":"https:\/\/sutore.com\/en\/wp-json\/wp\/v2\/media\/511080"}],"wp:attachment":[{"href":"https:\/\/sutore.com\/en\/wp-json\/wp\/v2\/media?parent=510551"}],"wp:term":[{"taxonomy":"product_brand","embeddable":true,"href":"https:\/\/sutore.com\/en\/wp-json\/wp\/v2\/product_brand?post=510551"},{"taxonomy":"product_cat","embeddable":true,"href":"https:\/\/sutore.com\/en\/wp-json\/wp\/v2\/product_cat?post=510551"},{"taxonomy":"product_tag","embeddable":true,"href":"https:\/\/sutore.com\/en\/wp-json\/wp\/v2\/product_tag?post=510551"}],"curies":[{"name":"wp","href":"https:\/\/api.w.org\/{rel}","templated":true}]}}