{"id":515197,"date":"2025-10-08T10:01:22","date_gmt":"2025-10-08T07:01:22","guid":{"rendered":"https:\/\/sutore.com\/?post_type=product&#038;p=515197"},"modified":"2026-04-02T19:15:18","modified_gmt":"2026-04-02T16:15:18","slug":"rhode-peptide-eye-prep-r-icon","status":"publish","type":"product","link":"https:\/\/sutore.com\/en\/product\/rhode-peptide-eye-prep-r-icon\/","title":{"rendered":"Rhode Peptide Eye Prep R-Icon"},"content":{"rendered":"<p style=\"text-align: center;\">G\u00f6z bak\u0131m\u0131n\u0131z Rhode Peptide Eye Prep ile ba\u015flar. So\u011futucu hidrojel g\u00f6z alt\u0131 yamalar\u0131, \u015fi\u015fkinli\u011fi azalt\u0131r ve g\u00f6z altlar\u0131n\u0131 ayd\u0131nlat\u0131rken ince \u00e7izgiler ile koyu halkalar\u0131n g\u00f6r\u00fcn\u00fcm\u00fcn\u00fc hafifletmeye yard\u0131mc\u0131 olur. Rhode rutininizde, makyaj haz\u0131rl\u0131\u011f\u0131nda veya g\u00fcn i\u00e7inde ihtiya\u00e7 duydu\u011funuzda kullanabilirsiniz. Her kutuda 6 \u00e7ift patch bulunur.<\/p>\n","protected":false},"excerpt":{"rendered":"<p style=\"text-align: center;\">G\u00f6z bak\u0131m\u0131n\u0131z Rhode Peptide Eye Prep ile ba\u015flar. So\u011futucu hidrojel g\u00f6z alt\u0131 yamalar\u0131, \u015fi\u015fkinli\u011fi azalt\u0131r ve g\u00f6z altlar\u0131n\u0131 ayd\u0131nlat\u0131rken ince \u00e7izgiler ile koyu halkalar\u0131n g\u00f6r\u00fcn\u00fcm\u00fcn\u00fc hafifletmeye yard\u0131mc\u0131 olur. Rhode rutininizde, makyaj haz\u0131rl\u0131\u011f\u0131nda veya g\u00fcn i\u00e7inde ihtiya\u00e7 duydu\u011funuzda kullanabilirsiniz. Her kutuda 6 \u00e7ift patch bulunur.<\/p>\n","protected":false},"featured_media":515200,"template":"","meta":{"_acf_changed":false},"product_brand":[1982,2102],"product_cat":[2159,2161,2142,2141],"product_tag":[],"class_list":{"0":"post-515197","1":"product","2":"type-product","3":"status-publish","4":"has-post-thumbnail","6":"product_brand-rhode","7":"product_brand-rhode-en","8":"product_cat-cosmetics-en","9":"product_cat-eye-en","10":"product_cat-eye","11":"product_cat-cosmetics","13":"first","14":"instock","15":"shipping-taxable","16":"purchasable","17":"product-type-variable"},"acf":[],"_links":{"self":[{"href":"https:\/\/sutore.com\/en\/wp-json\/wp\/v2\/product\/515197","targetHints":{"allow":["GET"]}}],"collection":[{"href":"https:\/\/sutore.com\/en\/wp-json\/wp\/v2\/product"}],"about":[{"href":"https:\/\/sutore.com\/en\/wp-json\/wp\/v2\/types\/product"}],"wp:featuredmedia":[{"embeddable":true,"href":"https:\/\/sutore.com\/en\/wp-json\/wp\/v2\/media\/515200"}],"wp:attachment":[{"href":"https:\/\/sutore.com\/en\/wp-json\/wp\/v2\/media?parent=515197"}],"wp:term":[{"taxonomy":"product_brand","embeddable":true,"href":"https:\/\/sutore.com\/en\/wp-json\/wp\/v2\/product_brand?post=515197"},{"taxonomy":"product_cat","embeddable":true,"href":"https:\/\/sutore.com\/en\/wp-json\/wp\/v2\/product_cat?post=515197"},{"taxonomy":"product_tag","embeddable":true,"href":"https:\/\/sutore.com\/en\/wp-json\/wp\/v2\/product_tag?post=515197"}],"curies":[{"name":"wp","href":"https:\/\/api.w.org\/{rel}","templated":true}]}}