{"id":515848,"date":"2025-10-09T14:07:30","date_gmt":"2025-10-09T11:07:30","guid":{"rendered":"https:\/\/sutore.com\/?post_type=product&#038;p=515848"},"modified":"2026-04-02T16:09:34","modified_gmt":"2026-04-02T13:09:34","slug":"nike-lebron-23-miami-twice-translucent-outsole","status":"publish","type":"product","link":"https:\/\/sutore.com\/en\/product\/nike-lebron-23-miami-twice-translucent-outsole\/","title":{"rendered":"Nike LeBron 23 Miami Twice (Translucent Outsole)"},"content":{"rendered":"<p style=\"text-align: center;\">Nike LeBron 23 Miami Twice (Translucent Outsole), sahada patlay\u0131c\u0131 performans ve g\u00fcnl\u00fck stile canl\u0131 Miami enerjisi katar. Translucent d\u0131\u015f taban, \u00e7ok y\u00f6nl\u00fc kavrama sunarken, hafif ve nefes alabilen \u00fcst yap\u0131 dinamik destek sa\u011flar. Yast\u0131klamal\u0131 orta taban her ad\u0131mda konfor ve tepki verir. Takviyeli yan paneller stabiliteyi art\u0131r\u0131r; topuk-kemer kilidi g\u00fcven hissi sa\u011flar. Parlak pembe\/turkuaz vurgular ve premium detaylar, koleksiyonluk bir g\u00f6r\u00fcn\u00fcm yarat\u0131r. Antrenmandan soka\u011fa, LeBron miras\u0131n\u0131 modern tasar\u0131mla birle\u015ftiren bu basketbol ayakkab\u0131s\u0131, h\u0131z, denge ve stil arayanlar i\u00e7in idealdir.<\/p>\n","protected":false},"excerpt":{"rendered":"<p style=\"text-align: center;\">Nike LeBron 23 Miami Twice (Translucent Outsole), sahada patlay\u0131c\u0131 performans ve g\u00fcnl\u00fck stile canl\u0131 Miami enerjisi katar. Translucent d\u0131\u015f taban, \u00e7ok y\u00f6nl\u00fc kavrama sunarken, hafif ve nefes alabilen \u00fcst yap\u0131 dinamik destek sa\u011flar. Yast\u0131klamal\u0131 orta taban her ad\u0131mda konfor ve tepki verir. Takviyeli yan paneller stabiliteyi art\u0131r\u0131r; topuk-kemer kilidi g\u00fcven hissi sa\u011flar. Parlak pembe\/turkuaz vurgular ve premium detaylar, koleksiyonluk bir g\u00f6r\u00fcn\u00fcm yarat\u0131r. Antrenmandan soka\u011fa, LeBron miras\u0131n\u0131 modern tasar\u0131mla birle\u015ftiren bu basketbol ayakkab\u0131s\u0131, h\u0131z, denge ve stil arayanlar i\u00e7in idealdir.<\/p>\n","protected":false},"featured_media":515868,"template":"","meta":{"_acf_changed":false},"product_brand":[2087,1928],"product_cat":[1881,1884,1582,98,74,1569],"product_tag":[1330],"class_list":{"0":"post-515848","1":"product","2":"type-product","3":"status-publish","4":"has-post-thumbnail","6":"product_brand-nike-en","7":"product_brand-nike","8":"product_cat-lebron","9":"product_cat-lebron-en","10":"product_cat-nike-en","11":"product_cat-nike","12":"product_cat-sneakers","13":"product_cat-sneakers-en","14":"product_tag-pembe","16":"first","17":"instock","18":"shipping-taxable","19":"purchasable","20":"product-type-variable"},"acf":[],"_links":{"self":[{"href":"https:\/\/sutore.com\/en\/wp-json\/wp\/v2\/product\/515848","targetHints":{"allow":["GET"]}}],"collection":[{"href":"https:\/\/sutore.com\/en\/wp-json\/wp\/v2\/product"}],"about":[{"href":"https:\/\/sutore.com\/en\/wp-json\/wp\/v2\/types\/product"}],"wp:featuredmedia":[{"embeddable":true,"href":"https:\/\/sutore.com\/en\/wp-json\/wp\/v2\/media\/515868"}],"wp:attachment":[{"href":"https:\/\/sutore.com\/en\/wp-json\/wp\/v2\/media?parent=515848"}],"wp:term":[{"taxonomy":"product_brand","embeddable":true,"href":"https:\/\/sutore.com\/en\/wp-json\/wp\/v2\/product_brand?post=515848"},{"taxonomy":"product_cat","embeddable":true,"href":"https:\/\/sutore.com\/en\/wp-json\/wp\/v2\/product_cat?post=515848"},{"taxonomy":"product_tag","embeddable":true,"href":"https:\/\/sutore.com\/en\/wp-json\/wp\/v2\/product_tag?post=515848"}],"curies":[{"name":"wp","href":"https:\/\/api.w.org\/{rel}","templated":true}]}}