{"id":515939,"date":"2025-10-09T11:20:26","date_gmt":"2025-10-09T08:20:26","guid":{"rendered":"https:\/\/sutore.com\/?post_type=product&#038;p=515939"},"modified":"2026-04-03T16:45:11","modified_gmt":"2026-04-03T13:45:11","slug":"supreme-floral-soccer-short-black","status":"publish","type":"product","link":"https:\/\/sutore.com\/en\/product\/supreme-floral-soccer-short-black\/","title":{"rendered":"Supreme Floral Soccer Short Black"},"content":{"rendered":"<p style=\"text-align: center;\">Supreme Floral Soccer Short Black, sokak stili streetwear ile sportif konforu bulu\u015fturan \u015f\u0131k unisex bir \u015forttur. Siyah zemindeki floral detaylar modern bir g\u00f6r\u00fcn\u00fcm sunar. Hafif ve nefes alabilir kuma\u015f\u0131yla g\u00fcn boyu rahatl\u0131k, elastik bel ve ayarlanabilir kordonla esnek uyum sa\u011flar. Antrenman, g\u00fcnl\u00fck kullan\u0131m ve yaz kombinleri i\u00e7in ideal. Supreme logosu ve kaliteli i\u015f\u00e7ilikle dikkat \u00e7eker.<\/p>\n","protected":false},"excerpt":{"rendered":"<p style=\"text-align: center;\">Supreme Floral Soccer Short Black, sokak stili streetwear ile sportif konforu bulu\u015fturan \u015f\u0131k unisex bir \u015forttur. Siyah zemindeki floral detaylar modern bir g\u00f6r\u00fcn\u00fcm sunar. Hafif ve nefes alabilir kuma\u015f\u0131yla g\u00fcn boyu rahatl\u0131k, elastik bel ve ayarlanabilir kordonla esnek uyum sa\u011flar. Antrenman, g\u00fcnl\u00fck kullan\u0131m ve yaz kombinleri i\u00e7in ideal. Supreme logosu ve kaliteli i\u015f\u00e7ilikle dikkat \u00e7eker.<\/p>\n","protected":false},"featured_media":516007,"template":"","meta":{"_acf_changed":false},"product_brand":[1942,1986],"product_cat":[2152,1564,2175,714],"product_tag":[1327],"class_list":{"0":"post-515939","1":"product","2":"type-product","3":"status-publish","4":"has-post-thumbnail","6":"product_brand-supreme","7":"product_brand-supreme-en","8":"product_cat-bottoms","9":"product_cat-apparels-en","10":"product_cat-bottoms-en","11":"product_cat-apparels","12":"product_tag-siyah","14":"first","15":"outofstock","16":"shipping-taxable","17":"product-type-variable"},"acf":[],"_links":{"self":[{"href":"https:\/\/sutore.com\/en\/wp-json\/wp\/v2\/product\/515939","targetHints":{"allow":["GET"]}}],"collection":[{"href":"https:\/\/sutore.com\/en\/wp-json\/wp\/v2\/product"}],"about":[{"href":"https:\/\/sutore.com\/en\/wp-json\/wp\/v2\/types\/product"}],"wp:featuredmedia":[{"embeddable":true,"href":"https:\/\/sutore.com\/en\/wp-json\/wp\/v2\/media\/516007"}],"wp:attachment":[{"href":"https:\/\/sutore.com\/en\/wp-json\/wp\/v2\/media?parent=515939"}],"wp:term":[{"taxonomy":"product_brand","embeddable":true,"href":"https:\/\/sutore.com\/en\/wp-json\/wp\/v2\/product_brand?post=515939"},{"taxonomy":"product_cat","embeddable":true,"href":"https:\/\/sutore.com\/en\/wp-json\/wp\/v2\/product_cat?post=515939"},{"taxonomy":"product_tag","embeddable":true,"href":"https:\/\/sutore.com\/en\/wp-json\/wp\/v2\/product_tag?post=515939"}],"curies":[{"name":"wp","href":"https:\/\/api.w.org\/{rel}","templated":true}]}}