{"id":516234,"date":"2025-03-13T13:35:00","date_gmt":"2025-03-13T10:35:00","guid":{"rendered":"https:\/\/sutore.com\/?post_type=product&#038;p=516234"},"modified":"2026-01-09T00:31:03","modified_gmt":"2026-01-08T21:31:03","slug":"balmain-cellulose-acetate-headband-white","status":"publish","type":"product","link":"https:\/\/sutore.com\/en\/product\/balmain-cellulose-acetate-headband-white\/","title":{"rendered":"Balmain Cellulose Acetate Headband White"},"content":{"rendered":"<p style=\"text-align: center;\">Dayan\u0131kl\u0131 sel\u00fcloz asetattan yap\u0131lm\u0131\u015f, Balmain\u2019in imzas\u0131 olan 18K alt\u0131n kaplama \u201cB\u201d logosu ile tasarlanm\u0131\u015f k\u00fc\u00e7\u00fck boy el yap\u0131m\u0131 bir sa\u00e7 band\u0131. Kenarlarda \u015f\u0131k bir siyah rengi vard\u0131r. Son derece g\u00fc\u00e7l\u00fc ama esnek malzeme, hipoalerjenik olup sa\u00e7 ve sa\u00e7 derisine nazik bir \u015fekilde davran\u0131r. T\u00fcm sa\u00e7 tipleri i\u00e7in m\u00fckemmel bir tamamlay\u0131c\u0131 aksesuard\u0131r.<\/p>\n","protected":false},"excerpt":{"rendered":"<p style=\"text-align: center;\">Dayan\u0131kl\u0131 sel\u00fcloz asetattan yap\u0131lm\u0131\u015f, Balmain\u2019in imzas\u0131 olan 18K alt\u0131n kaplama \u201cB\u201d logosu ile tasarlanm\u0131\u015f k\u00fc\u00e7\u00fck boy el yap\u0131m\u0131 bir sa\u00e7 band\u0131. Kenarlarda \u015f\u0131k bir siyah rengi vard\u0131r. Son derece g\u00fc\u00e7l\u00fc ama esnek malzeme, hipoalerjenik olup sa\u00e7 ve sa\u00e7 derisine nazik bir \u015fekilde davran\u0131r. T\u00fcm sa\u00e7 tipleri i\u00e7in m\u00fckemmel bir tamamlay\u0131c\u0131 aksesuard\u0131r.<\/p>\n","protected":false},"featured_media":521705,"template":"","meta":{"_acf_changed":false},"product_brand":[2249,2252],"product_cat":[1561,362,2137,2165],"product_tag":[1328],"class_list":{"0":"post-516234","1":"product","2":"type-product","3":"status-publish","4":"has-post-thumbnail","6":"product_brand-balmain","7":"product_brand-balmain-en","8":"product_cat-accessories-en","9":"product_cat-accessories","10":"product_cat-others-accessories","11":"product_cat-others-accessories-en","12":"product_tag-beyaz","14":"first","15":"outofstock","16":"shipping-taxable","17":"product-type-variable"},"acf":[],"_links":{"self":[{"href":"https:\/\/sutore.com\/en\/wp-json\/wp\/v2\/product\/516234","targetHints":{"allow":["GET"]}}],"collection":[{"href":"https:\/\/sutore.com\/en\/wp-json\/wp\/v2\/product"}],"about":[{"href":"https:\/\/sutore.com\/en\/wp-json\/wp\/v2\/types\/product"}],"wp:featuredmedia":[{"embeddable":true,"href":"https:\/\/sutore.com\/en\/wp-json\/wp\/v2\/media\/521705"}],"wp:attachment":[{"href":"https:\/\/sutore.com\/en\/wp-json\/wp\/v2\/media?parent=516234"}],"wp:term":[{"taxonomy":"product_brand","embeddable":true,"href":"https:\/\/sutore.com\/en\/wp-json\/wp\/v2\/product_brand?post=516234"},{"taxonomy":"product_cat","embeddable":true,"href":"https:\/\/sutore.com\/en\/wp-json\/wp\/v2\/product_cat?post=516234"},{"taxonomy":"product_tag","embeddable":true,"href":"https:\/\/sutore.com\/en\/wp-json\/wp\/v2\/product_tag?post=516234"}],"curies":[{"name":"wp","href":"https:\/\/api.w.org\/{rel}","templated":true}]}}