{"id":517496,"date":"2025-10-13T12:21:43","date_gmt":"2025-10-13T09:21:43","guid":{"rendered":"https:\/\/sutore.com\/?post_type=product&#038;p=517496"},"modified":"2026-03-29T17:04:38","modified_gmt":"2026-03-29T14:04:38","slug":"new-balance-860v2-kith-espresso","status":"publish","type":"product","link":"https:\/\/sutore.com\/en\/product\/new-balance-860v2-kith-espresso\/","title":{"rendered":"New Balance 860v2 Kith Espresso"},"content":{"rendered":"<p style=\"text-align: center;\">New Balance 860v2 Kith Espresso, retro ko\u015fu DNA\u2019s\u0131n\u0131 modern sokak stiliyle bulu\u015fturuyor. Kith imzal\u0131 Espresso paleti, kahverengi ve n\u00f6tr tonlarla her kombinle uyum sa\u011flar. Nefes alabilen mesh ve premium s\u00fcet \u00fcst, g\u00fcn boyu konfor sunar; destekleyici orta taban ve tutu\u015flu d\u0131\u015f taban stabil ad\u0131mlar sa\u011flar. S\u0131n\u0131rl\u0131 i\u015f birli\u011fi, koleksiyonluk de\u011fer ve g\u00fcnl\u00fck kullan\u0131m i\u00e7in ideal. New Balance 860v2 sneaker arayanlar i\u00e7in \u015f\u0131k, dayan\u0131kl\u0131 ve \u00e7ok y\u00f6nl\u00fc bir se\u00e7enek.<\/p>\n","protected":false},"excerpt":{"rendered":"<p style=\"text-align: center;\">New Balance 860v2 Kith Espresso, retro ko\u015fu DNA\u2019s\u0131n\u0131 modern sokak stiliyle bulu\u015fturuyor. Kith imzal\u0131 Espresso paleti, kahverengi ve n\u00f6tr tonlarla her kombinle uyum sa\u011flar. Nefes alabilen mesh ve premium s\u00fcet \u00fcst, g\u00fcn boyu konfor sunar; destekleyici orta taban ve tutu\u015flu d\u0131\u015f taban stabil ad\u0131mlar sa\u011flar. S\u0131n\u0131rl\u0131 i\u015f birli\u011fi, koleksiyonluk de\u011fer ve g\u00fcnl\u00fck kullan\u0131m i\u00e7in ideal. New Balance 860v2 sneaker arayanlar i\u00e7in \u015f\u0131k, dayan\u0131kl\u0131 ve \u00e7ok y\u00f6nl\u00fc bir se\u00e7enek.<\/p>\n","protected":false},"featured_media":517647,"template":"","meta":{"_acf_changed":false},"product_brand":[1980,2086],"product_cat":[1588,109,74,1569],"product_tag":[1338],"class_list":{"0":"post-517496","1":"product","2":"type-product","3":"status-publish","4":"has-post-thumbnail","6":"product_brand-new-balance","7":"product_brand-new-balance-en","8":"product_cat-new-balance-en","9":"product_cat-new-balance","10":"product_cat-sneakers","11":"product_cat-sneakers-en","12":"product_tag-kahverengi","14":"first","15":"instock","16":"shipping-taxable","17":"purchasable","18":"product-type-variable"},"acf":[],"_links":{"self":[{"href":"https:\/\/sutore.com\/en\/wp-json\/wp\/v2\/product\/517496","targetHints":{"allow":["GET"]}}],"collection":[{"href":"https:\/\/sutore.com\/en\/wp-json\/wp\/v2\/product"}],"about":[{"href":"https:\/\/sutore.com\/en\/wp-json\/wp\/v2\/types\/product"}],"wp:featuredmedia":[{"embeddable":true,"href":"https:\/\/sutore.com\/en\/wp-json\/wp\/v2\/media\/517647"}],"wp:attachment":[{"href":"https:\/\/sutore.com\/en\/wp-json\/wp\/v2\/media?parent=517496"}],"wp:term":[{"taxonomy":"product_brand","embeddable":true,"href":"https:\/\/sutore.com\/en\/wp-json\/wp\/v2\/product_brand?post=517496"},{"taxonomy":"product_cat","embeddable":true,"href":"https:\/\/sutore.com\/en\/wp-json\/wp\/v2\/product_cat?post=517496"},{"taxonomy":"product_tag","embeddable":true,"href":"https:\/\/sutore.com\/en\/wp-json\/wp\/v2\/product_tag?post=517496"}],"curies":[{"name":"wp","href":"https:\/\/api.w.org\/{rel}","templated":true}]}}