{"id":518138,"date":"2025-10-16T14:40:54","date_gmt":"2025-10-16T11:40:54","guid":{"rendered":"https:\/\/sutore.com\/?post_type=product&#038;p=518138"},"modified":"2025-12-26T00:10:49","modified_gmt":"2025-12-25T21:10:49","slug":"kujten-petit-bandana-hachi-sign-cancer","status":"publish","type":"product","link":"https:\/\/sutore.com\/en\/product\/kujten-petit-bandana-hachi-sign-cancer\/","title":{"rendered":"Kujten Small Bandana Hachi Sign Cancer"},"content":{"rendered":"<p style=\"text-align: center;\">Kujten Petit Bandana Hachi Sign \u201cCancer\u201d,\u00a0 ka\u015fmir kuma\u015ftan \u00fcretilmi\u015f l\u00fcks bir bandanad\u0131r. 56 \u00d7 56 cm \u00f6l\u00e7\u00fclerindeki kare formda tasarlanm\u0131\u015f bu model, \u00e7ift iplik jerse \u00f6rg\u00fcs\u00fc sayesinde yumu\u015fak ama dayan\u0131kl\u0131 yap\u0131ya sahiptir. Astrolojik \u201cYenge\u00e7\u201d burcu temas\u0131n\u0131 ta\u015f\u0131yan bu tasar\u0131m, stilinize zarif bir dokunu\u015f katar.<\/p>\n","protected":false},"excerpt":{"rendered":"<p>Kujten Petit Bandana Hachi Sign \u201cCancer\u201d,\u00a0 ka\u015fmir kuma\u015ftan \u00fcretilmi\u015f l\u00fcks bir bandanad\u0131r. 56 \u00d7 56 cm \u00f6l\u00e7\u00fclerindeki kare formda tasarlanm\u0131\u015f bu model, \u00e7ift iplik jerse \u00f6rg\u00fcs\u00fc sayesinde yumu\u015fak ama dayan\u0131kl\u0131 yap\u0131ya sahiptir. Astrolojik \u201cYenge\u00e7\u201d burcu temas\u0131n\u0131 ta\u015f\u0131yan bu tasar\u0131m, stilinize zarif bir dokunu\u015f katar.<\/p>\n","protected":false},"featured_media":518495,"template":"","meta":{"_acf_changed":false},"product_brand":[2018,2075],"product_cat":[1561,362,2140,2174],"product_tag":[1328],"class_list":{"0":"post-518138","1":"product","2":"type-product","3":"status-publish","4":"has-post-thumbnail","6":"product_brand-kujten","7":"product_brand-kujten-en","8":"product_cat-accessories-en","9":"product_cat-accessories","10":"product_cat-scarves","11":"product_cat-scarves-en","12":"product_tag-beyaz","14":"first","15":"outofstock","16":"shipping-taxable","17":"product-type-variable"},"acf":[],"_links":{"self":[{"href":"https:\/\/sutore.com\/en\/wp-json\/wp\/v2\/product\/518138","targetHints":{"allow":["GET"]}}],"collection":[{"href":"https:\/\/sutore.com\/en\/wp-json\/wp\/v2\/product"}],"about":[{"href":"https:\/\/sutore.com\/en\/wp-json\/wp\/v2\/types\/product"}],"wp:featuredmedia":[{"embeddable":true,"href":"https:\/\/sutore.com\/en\/wp-json\/wp\/v2\/media\/518495"}],"wp:attachment":[{"href":"https:\/\/sutore.com\/en\/wp-json\/wp\/v2\/media?parent=518138"}],"wp:term":[{"taxonomy":"product_brand","embeddable":true,"href":"https:\/\/sutore.com\/en\/wp-json\/wp\/v2\/product_brand?post=518138"},{"taxonomy":"product_cat","embeddable":true,"href":"https:\/\/sutore.com\/en\/wp-json\/wp\/v2\/product_cat?post=518138"},{"taxonomy":"product_tag","embeddable":true,"href":"https:\/\/sutore.com\/en\/wp-json\/wp\/v2\/product_tag?post=518138"}],"curies":[{"name":"wp","href":"https:\/\/api.w.org\/{rel}","templated":true}]}}