{"id":518144,"date":"2024-07-22T14:50:46","date_gmt":"2024-07-22T11:50:46","guid":{"rendered":"https:\/\/sutore.com\/?post_type=product&#038;p=518144"},"modified":"2025-12-12T00:07:53","modified_gmt":"2025-12-11T21:07:53","slug":"birkenstock-solana-shearling-slide-stussy-bone","status":"publish","type":"product","link":"https:\/\/sutore.com\/en\/product\/birkenstock-solana-shearling-slide-stussy-bone\/","title":{"rendered":"Birkenstock Solana Shearling Slide Stussy Bone"},"content":{"rendered":"<p style=\"text-align: center;\">Birkenstock Solana Shearling Slide St\u00fcssy Bone, ikonik konforu sokak modas\u0131yla bulu\u015fturan \u00f6zel bir i\u015f birli\u011fi. Yumu\u015fak s\u00fcet \u00fcst y\u00fczey ve hakiki shearling astar, d\u00f6rt mevsim s\u0131cakl\u0131k ve konfor sunar. Anatomik Birkenstock taban, do\u011fal kavisi destekler; EVA d\u0131\u015f taban ise hafif ve dayan\u0131kl\u0131d\u0131r. N\u00f6tr Bone tonu, her kombinle uyum sa\u011flar. Unisex tasar\u0131m, g\u00fcnl\u00fck kullan\u0131m ve \u015fehir y\u00fcr\u00fcy\u00fc\u015fleri i\u00e7in idealdir.<\/p>\n","protected":false},"excerpt":{"rendered":"<p style=\"text-align: center;\">Birkenstock Solana Shearling Slide St\u00fcssy Bone, ikonik konforu sokak modas\u0131yla bulu\u015fturan \u00f6zel bir i\u015f birli\u011fi. Yumu\u015fak s\u00fcet \u00fcst y\u00fczey ve hakiki shearling astar, d\u00f6rt mevsim s\u0131cakl\u0131k ve konfor sunar. Anatomik Birkenstock taban, do\u011fal kavisi destekler; EVA d\u0131\u015f taban ise hafif ve dayan\u0131kl\u0131d\u0131r. N\u00f6tr Bone tonu, her kombinle uyum sa\u011flar. Unisex tasar\u0131m, g\u00fcnl\u00fck kullan\u0131m ve \u015fehir y\u00fcr\u00fcy\u00fc\u015fleri i\u00e7in idealdir.<\/p>\n","protected":false},"featured_media":518429,"template":"","meta":{"_acf_changed":false},"product_brand":[2248,2247,1983,2111],"product_cat":[2158,2182,74,1569],"product_tag":[1328],"class_list":{"0":"post-518144","1":"product","2":"type-product","3":"status-publish","4":"has-post-thumbnail","6":"product_brand-birkenstock-en","7":"product_brand-birkenstock","8":"product_brand-stussy","9":"product_brand-stussy-en","10":"product_cat-others","11":"product_cat-others-en","12":"product_cat-sneakers","13":"product_cat-sneakers-en","14":"product_tag-beyaz","16":"first","17":"outofstock","18":"shipping-taxable","19":"product-type-variable"},"acf":[],"_links":{"self":[{"href":"https:\/\/sutore.com\/en\/wp-json\/wp\/v2\/product\/518144","targetHints":{"allow":["GET"]}}],"collection":[{"href":"https:\/\/sutore.com\/en\/wp-json\/wp\/v2\/product"}],"about":[{"href":"https:\/\/sutore.com\/en\/wp-json\/wp\/v2\/types\/product"}],"wp:featuredmedia":[{"embeddable":true,"href":"https:\/\/sutore.com\/en\/wp-json\/wp\/v2\/media\/518429"}],"wp:attachment":[{"href":"https:\/\/sutore.com\/en\/wp-json\/wp\/v2\/media?parent=518144"}],"wp:term":[{"taxonomy":"product_brand","embeddable":true,"href":"https:\/\/sutore.com\/en\/wp-json\/wp\/v2\/product_brand?post=518144"},{"taxonomy":"product_cat","embeddable":true,"href":"https:\/\/sutore.com\/en\/wp-json\/wp\/v2\/product_cat?post=518144"},{"taxonomy":"product_tag","embeddable":true,"href":"https:\/\/sutore.com\/en\/wp-json\/wp\/v2\/product_tag?post=518144"}],"curies":[{"name":"wp","href":"https:\/\/api.w.org\/{rel}","templated":true}]}}