{"id":522824,"date":"2025-11-07T12:21:38","date_gmt":"2025-11-07T09:21:38","guid":{"rendered":"https:\/\/sutore.com\/?post_type=product&#038;p=522824"},"modified":"2026-03-30T16:39:13","modified_gmt":"2026-03-30T13:39:13","slug":"nike-air-max-95-sb-eric-koston-obsidian-speed-yellow","status":"publish","type":"product","link":"https:\/\/sutore.com\/en\/product\/nike-air-max-95-sb-eric-koston-obsidian-speed-yellow\/","title":{"rendered":"Nike Air Max 95 SB Eric Koston Obsidian Speed Yellow"},"content":{"rendered":"<p style=\"text-align: center;\">Nike Air Max 95 SB Eric Koston Obsidian Speed Yellow, ikonik 95 \u00e7izgilerini kaykay odakl\u0131 SB dokunu\u015flar\u0131yla bulu\u015fturur. Obsidian \u00fcst y\u00fczey, Speed Yellow vurgularla g\u00fc\u00e7lenirken, g\u00f6r\u00fcn\u00fcr Air yast\u0131klama g\u00fcn boyu konfor sunar. Dayan\u0131kl\u0131 malzemeler, tutu\u015flu taban ve destekleyici yap\u0131 hem parkta hem sokakta g\u00fcven verir. Nefes alabilir paneller, esnek ge\u00e7i\u015f ve hafif his, tempolu g\u00fcnlere e\u015flik eder. Klasik-street esteti\u011fi, Eric Koston ilham\u0131 ve \u00e7ok y\u00f6nl\u00fc performans arayan sneaker severler i\u00e7in g\u00fc\u00e7l\u00fc bir se\u00e7enek.<\/p>\n","protected":false},"excerpt":{"rendered":"<p style=\"text-align: center;\">Nike Air Max 95 SB Eric Koston Obsidian Speed Yellow, ikonik 95 \u00e7izgilerini kaykay odakl\u0131 SB dokunu\u015flar\u0131yla bulu\u015fturur. Obsidian \u00fcst y\u00fczey, Speed Yellow vurgularla g\u00fc\u00e7lenirken, g\u00f6r\u00fcn\u00fcr Air yast\u0131klama g\u00fcn boyu konfor sunar. Dayan\u0131kl\u0131 malzemeler, tutu\u015flu taban ve destekleyici yap\u0131 hem parkta hem sokakta g\u00fcven verir. Nefes alabilir paneller, esnek ge\u00e7i\u015f ve hafif his, tempolu g\u00fcnlere e\u015flik eder. Klasik-street esteti\u011fi, Eric Koston ilham\u0131 ve \u00e7ok y\u00f6nl\u00fc performans arayan sneaker severler i\u00e7in g\u00fc\u00e7l\u00fc bir se\u00e7enek.<\/p>\n","protected":false},"featured_media":522852,"template":"","meta":{"_acf_changed":false},"product_brand":[1928,2087],"product_cat":[99,1584,98,1582,74,1569],"product_tag":[1327],"class_list":{"0":"post-522824","1":"product","2":"type-product","3":"status-publish","4":"has-post-thumbnail","6":"product_brand-nike","7":"product_brand-nike-en","8":"product_cat-air-max","9":"product_cat-air-max-en","10":"product_cat-nike","11":"product_cat-nike-en","12":"product_cat-sneakers","13":"product_cat-sneakers-en","14":"product_tag-siyah","16":"first","17":"instock","18":"shipping-taxable","19":"purchasable","20":"product-type-variable"},"acf":[],"_links":{"self":[{"href":"https:\/\/sutore.com\/en\/wp-json\/wp\/v2\/product\/522824","targetHints":{"allow":["GET"]}}],"collection":[{"href":"https:\/\/sutore.com\/en\/wp-json\/wp\/v2\/product"}],"about":[{"href":"https:\/\/sutore.com\/en\/wp-json\/wp\/v2\/types\/product"}],"wp:featuredmedia":[{"embeddable":true,"href":"https:\/\/sutore.com\/en\/wp-json\/wp\/v2\/media\/522852"}],"wp:attachment":[{"href":"https:\/\/sutore.com\/en\/wp-json\/wp\/v2\/media?parent=522824"}],"wp:term":[{"taxonomy":"product_brand","embeddable":true,"href":"https:\/\/sutore.com\/en\/wp-json\/wp\/v2\/product_brand?post=522824"},{"taxonomy":"product_cat","embeddable":true,"href":"https:\/\/sutore.com\/en\/wp-json\/wp\/v2\/product_cat?post=522824"},{"taxonomy":"product_tag","embeddable":true,"href":"https:\/\/sutore.com\/en\/wp-json\/wp\/v2\/product_tag?post=522824"}],"curies":[{"name":"wp","href":"https:\/\/api.w.org\/{rel}","templated":true}]}}