{"id":52989,"date":"2022-01-20T16:09:23","date_gmt":"2022-01-20T13:09:23","guid":{"rendered":"https:\/\/sutore.com\/?post_type=product&#038;p=52989"},"modified":"2026-04-02T17:59:38","modified_gmt":"2026-04-02T14:59:38","slug":"nike-air-jordan-1-retro-low-golf-shadow","status":"publish","type":"product","link":"https:\/\/sutore.com\/en\/product\/nike-air-jordan-1-retro-low-golf-shadow\/","title":{"rendered":"Nike Air Jordan 1 Retro Low Golf Shadow"},"content":{"rendered":"<p style=\"text-align: center;\">Jordan Ailesi, \u015fimdi sutore&#8217;de bulunan Nike Air Jordan 1 Low Court Purple Black ile klasik siluetine yeni bir renk grubu ekliyor. Chicago 1 gibi benzer tasar\u0131m \u00f6\u011felerini izleyen bu model, sadece bu kez k\u0131rm\u0131z\u0131n\u0131n yerini Court Purple\u2019a b\u0131rak\u0131yor.<\/p>\n<p style=\"text-align: center;\">Bu Jordan 1, mor kaplamalar\u0131 olan siyah deri bir \u00fcst i\u00e7eriyor. Yandaki beyaz Nike logosu, diki\u015fli orta taban ve mor d\u0131\u015f taban tasar\u0131m\u0131 tamaml\u0131yor. Nisan 2020&#8217;de piyasaya s\u00fcr\u00fclen bu model 90 dolar fiyat etiketiyle vitrinlerdeki yerini ald\u0131. Bu etkileyici modeli stoklar t\u00fckenmeden hemen sat\u0131n al.<\/p>\n<p style=\"text-align: center;\">\u00dcr\u00fcn hakk\u0131nda daha fazla bilgi almak ve \u00fcr\u00fcn\u00fcn g\u00fcncel global piyasa de\u011ferini takip etmek i\u00e7in <a href=\"https:\/\/stockx.com\/air-jordan-1-retro-low-golf-shadow\" target=\"_blank\" rel=\"noopener noreferrer\">StockX<\/a> adresini ziyaret edebilirsiniz.<\/p>\n","protected":false},"excerpt":{"rendered":"<p style=\"text-align: center;\">\u00dcr\u00fcn hakk\u0131nda daha fazla bilgi almak ve \u00fcr\u00fcn\u00fcn g\u00fcncel global piyasa de\u011ferini takip etmek i\u00e7in <a href=\"https:\/\/stockx.com\/air-jordan-1-retro-low-golf-shadow\" target=\"_blank\" rel=\"noopener noreferrer\">StockX<\/a> adresini ziyaret edebilirsiniz.<\/p>\n","protected":false},"featured_media":53013,"template":"","meta":{"_acf_changed":false},"product_brand":[2041,2019,2087,1928],"product_cat":[74,96,1577,943,1579,1569],"product_tag":[1334],"class_list":{"0":"post-52989","1":"product","2":"type-product","3":"status-publish","4":"has-post-thumbnail","6":"product_brand-air-jordan-en","7":"product_brand-air-jordan","8":"product_brand-nike-en","9":"product_brand-nike","10":"product_cat-sneakers","11":"product_cat-air-jordan","12":"product_cat-air-jordan-en","13":"product_cat-low","14":"product_cat-low-en","15":"product_cat-sneakers-en","16":"product_tag-gri","18":"first","19":"instock","20":"shipping-taxable","21":"purchasable","22":"product-type-variable"},"acf":[],"_links":{"self":[{"href":"https:\/\/sutore.com\/en\/wp-json\/wp\/v2\/product\/52989","targetHints":{"allow":["GET"]}}],"collection":[{"href":"https:\/\/sutore.com\/en\/wp-json\/wp\/v2\/product"}],"about":[{"href":"https:\/\/sutore.com\/en\/wp-json\/wp\/v2\/types\/product"}],"wp:featuredmedia":[{"embeddable":true,"href":"https:\/\/sutore.com\/en\/wp-json\/wp\/v2\/media\/53013"}],"wp:attachment":[{"href":"https:\/\/sutore.com\/en\/wp-json\/wp\/v2\/media?parent=52989"}],"wp:term":[{"taxonomy":"product_brand","embeddable":true,"href":"https:\/\/sutore.com\/en\/wp-json\/wp\/v2\/product_brand?post=52989"},{"taxonomy":"product_cat","embeddable":true,"href":"https:\/\/sutore.com\/en\/wp-json\/wp\/v2\/product_cat?post=52989"},{"taxonomy":"product_tag","embeddable":true,"href":"https:\/\/sutore.com\/en\/wp-json\/wp\/v2\/product_tag?post=52989"}],"curies":[{"name":"wp","href":"https:\/\/api.w.org\/{rel}","templated":true}]}}