{"id":538874,"date":"2025-11-23T16:46:51","date_gmt":"2025-11-23T13:46:51","guid":{"rendered":"https:\/\/sutore.com\/?post_type=product&#038;p=538874"},"modified":"2026-04-04T04:43:44","modified_gmt":"2026-04-04T01:43:44","slug":"nike-air-zoom-gt-cut-white-photo-blue","status":"publish","type":"product","link":"https:\/\/sutore.com\/en\/product\/nike-air-zoom-gt-cut-white-photo-blue\/","title":{"rendered":"Nike Air Zoom GT Cut White Photo Blue"},"content":{"rendered":"<p style=\"text-align: center;\">Nike Air Zoom GT Cut White Photo Blue, h\u0131z ve ani y\u00f6n de\u011fi\u015fimleri i\u00e7in tasarlanm\u0131\u015f d\u00fc\u015f\u00fck profilli basketbol ayakkab\u0131s\u0131d\u0131r. Zoom Air yast\u0131klama ve zemine yak\u0131n ayar, patlay\u0131c\u0131 tepki ve \u00fcst\u00fcn zemin hissi sunar. Hafif, nefes alabilir saya, bilek \u00e7evresinde g\u00fcvenli kilitleme sa\u011flar. Dayan\u0131kl\u0131 d\u0131\u015f tabandaki \u00e7ok y\u00f6nl\u00fc desen, parke ve sokakta tutu\u015fu g\u00fc\u00e7lendirir. Beyaz g\u00f6vdeyi Photo Blue vurgular tamamlar; performans ve \u015f\u0131kl\u0131\u011f\u0131 tek modelde arayanlar i\u00e7in ideal.<\/p>\n","protected":false},"excerpt":{"rendered":"<p style=\"text-align: center;\">Nike Air Zoom GT Cut White Photo Blue, h\u0131z ve ani y\u00f6n de\u011fi\u015fimleri i\u00e7in tasarlanm\u0131\u015f d\u00fc\u015f\u00fck profilli basketbol ayakkab\u0131s\u0131d\u0131r. Zoom Air yast\u0131klama ve zemine yak\u0131n ayar, patlay\u0131c\u0131 tepki ve \u00fcst\u00fcn zemin hissi sunar. Hafif, nefes alabilir saya, bilek \u00e7evresinde g\u00fcvenli kilitleme sa\u011flar. Dayan\u0131kl\u0131 d\u0131\u015f tabandaki \u00e7ok y\u00f6nl\u00fc desen, parke ve sokakta tutu\u015fu g\u00fc\u00e7lendirir. Beyaz g\u00f6vdeyi Photo Blue vurgular tamamlar; performans ve \u015f\u0131kl\u0131\u011f\u0131 tek modelde arayanlar i\u00e7in ideal.<\/p>\n","protected":false},"featured_media":539056,"template":"","meta":{"_acf_changed":false},"product_brand":[1928,2087],"product_cat":[101,98,1582,1586,74,1569],"product_tag":[1328],"class_list":{"0":"post-538874","1":"product","2":"type-product","3":"status-publish","4":"has-post-thumbnail","6":"product_brand-nike","7":"product_brand-nike-en","8":"product_cat-others-nike","9":"product_cat-nike","10":"product_cat-nike-en","11":"product_cat-others-nike-en","12":"product_cat-sneakers","13":"product_cat-sneakers-en","14":"product_tag-beyaz","16":"first","17":"instock","18":"shipping-taxable","19":"purchasable","20":"product-type-variable"},"acf":[],"_links":{"self":[{"href":"https:\/\/sutore.com\/en\/wp-json\/wp\/v2\/product\/538874","targetHints":{"allow":["GET"]}}],"collection":[{"href":"https:\/\/sutore.com\/en\/wp-json\/wp\/v2\/product"}],"about":[{"href":"https:\/\/sutore.com\/en\/wp-json\/wp\/v2\/types\/product"}],"wp:featuredmedia":[{"embeddable":true,"href":"https:\/\/sutore.com\/en\/wp-json\/wp\/v2\/media\/539056"}],"wp:attachment":[{"href":"https:\/\/sutore.com\/en\/wp-json\/wp\/v2\/media?parent=538874"}],"wp:term":[{"taxonomy":"product_brand","embeddable":true,"href":"https:\/\/sutore.com\/en\/wp-json\/wp\/v2\/product_brand?post=538874"},{"taxonomy":"product_cat","embeddable":true,"href":"https:\/\/sutore.com\/en\/wp-json\/wp\/v2\/product_cat?post=538874"},{"taxonomy":"product_tag","embeddable":true,"href":"https:\/\/sutore.com\/en\/wp-json\/wp\/v2\/product_tag?post=538874"}],"curies":[{"name":"wp","href":"https:\/\/api.w.org\/{rel}","templated":true}]}}