{"id":538927,"date":"2025-11-12T17:50:47","date_gmt":"2025-11-12T14:50:47","guid":{"rendered":"https:\/\/sutore.com\/?post_type=product&#038;p=538927"},"modified":"2026-04-03T16:45:12","modified_gmt":"2026-04-03T13:45:12","slug":"fear-of-god-essentials-90s-tee-smoke-grey","status":"publish","type":"product","link":"https:\/\/sutore.com\/en\/product\/fear-of-god-essentials-90s-tee-smoke-grey\/","title":{"rendered":"Fear of God Essentials 90&#8217;s Tee Smoke Grey"},"content":{"rendered":"<p style=\"text-align: center;\">Fear of God Essentials 90\u2019s Tee Smoke Grey, g\u00fcnl\u00fck stilini y\u00fckselten minimalist, oversize bir ti\u015f\u00f6rt. Yumu\u015fak, premium pamuk kar\u0131\u015f\u0131m\u0131; d\u00fc\u015f\u00fck omuzlar ve ribanal\u0131 bisiklet yaka ile konfor ve hareket \u00f6zg\u00fcrl\u00fc\u011f\u00fc sunar. G\u00f6\u011f\u00fcs ve yaka arkas\u0131ndaki Essentials logolar\u0131 modern bir dokunu\u015f katar. N\u00f6tr Smoke Grey tonu ile jean, jogger ve sneaker\u2019larla kolayca kombinlenir. Unisex kesim, d\u00f6rt mevsim katmanlamaya uygun. Sokak modas\u0131, kaliteli i\u015f\u00e7ilik ve zamans\u0131z tasar\u0131m arayanlar i\u00e7in ideal.<\/p>\n","protected":false},"excerpt":{"rendered":"<p style=\"text-align: center;\">Fear of God Essentials 90\u2019s Tee Smoke Grey, g\u00fcnl\u00fck stilini y\u00fckselten minimalist, oversize bir ti\u015f\u00f6rt. Yumu\u015fak, premium pamuk kar\u0131\u015f\u0131m\u0131; d\u00fc\u015f\u00fck omuzlar ve ribanal\u0131 bisiklet yaka ile konfor ve hareket \u00f6zg\u00fcrl\u00fc\u011f\u00fc sunar. G\u00f6\u011f\u00fcs ve yaka arkas\u0131ndaki Essentials logolar\u0131 modern bir dokunu\u015f katar. N\u00f6tr Smoke Grey tonu ile jean, jogger ve sneaker\u2019larla kolayca kombinlenir. Unisex kesim, d\u00f6rt mevsim katmanlamaya uygun. Sokak modas\u0131, kaliteli i\u015f\u00e7ilik ve zamans\u0131z tasar\u0131m arayanlar i\u00e7in ideal.<\/p>\n","protected":false},"featured_media":538975,"template":"","meta":{"_acf_changed":false},"product_brand":[2063,1973,2064,1974],"product_cat":[1564,714,2179,2155],"product_tag":[1334],"class_list":{"0":"post-538927","1":"product","2":"type-product","3":"status-publish","4":"has-post-thumbnail","6":"product_brand-essentials-en","7":"product_brand-essentials","8":"product_brand-fear-of-god-en","9":"product_brand-fear-of-god","10":"product_cat-apparels-en","11":"product_cat-apparels","12":"product_cat-tops-en","13":"product_cat-tops","14":"product_tag-gri","16":"first","17":"outofstock","18":"shipping-taxable","19":"product-type-variable"},"acf":[],"_links":{"self":[{"href":"https:\/\/sutore.com\/en\/wp-json\/wp\/v2\/product\/538927","targetHints":{"allow":["GET"]}}],"collection":[{"href":"https:\/\/sutore.com\/en\/wp-json\/wp\/v2\/product"}],"about":[{"href":"https:\/\/sutore.com\/en\/wp-json\/wp\/v2\/types\/product"}],"wp:featuredmedia":[{"embeddable":true,"href":"https:\/\/sutore.com\/en\/wp-json\/wp\/v2\/media\/538975"}],"wp:attachment":[{"href":"https:\/\/sutore.com\/en\/wp-json\/wp\/v2\/media?parent=538927"}],"wp:term":[{"taxonomy":"product_brand","embeddable":true,"href":"https:\/\/sutore.com\/en\/wp-json\/wp\/v2\/product_brand?post=538927"},{"taxonomy":"product_cat","embeddable":true,"href":"https:\/\/sutore.com\/en\/wp-json\/wp\/v2\/product_cat?post=538927"},{"taxonomy":"product_tag","embeddable":true,"href":"https:\/\/sutore.com\/en\/wp-json\/wp\/v2\/product_tag?post=538927"}],"curies":[{"name":"wp","href":"https:\/\/api.w.org\/{rel}","templated":true}]}}