{"id":541962,"date":"2025-11-20T12:12:10","date_gmt":"2025-11-20T09:12:10","guid":{"rendered":"https:\/\/sutore.com\/?post_type=product&#038;p=541962"},"modified":"2026-04-03T16:45:10","modified_gmt":"2026-04-03T13:45:10","slug":"supreme-textured-cardigan-navy","status":"publish","type":"product","link":"https:\/\/sutore.com\/en\/product\/supreme-textured-cardigan-navy\/","title":{"rendered":"Supreme Textured Cardigan Navy"},"content":{"rendered":"<p style=\"text-align: center;\">Supreme Textured Cardigan Navy, sofistike lacivert tonu ve zengin dokulu \u00f6rg\u00fcs\u00fcyle gard\u0131robunun zamans\u0131z y\u0131ld\u0131z\u0131. D\u00fc\u011fmeli \u00f6n tasar\u0131m, katmanlamay\u0131 kolayla\u015ft\u0131r\u0131rken ribana man\u015fet ve etek ucu temiz bir form sunar. Yumu\u015fak, dayan\u0131kl\u0131 kuma\u015f\u0131 g\u00fcn boyu konfor sa\u011flar. Minimal logo detaylar\u0131yla \u015f\u0131k, sokak ilhaml\u0131 g\u00f6r\u00fcn\u00fcm\u00fc tamamlar. Jean, chino veya g\u00f6mleklerle zahmetsizce e\u015fle\u015fir; ofisten hafta sonuna kusursuz ge\u00e7i\u015f yapar. Mevsim ge\u00e7i\u015fleri i\u00e7in ideal, \u00e7ok y\u00f6nl\u00fc bu cardigan, stil ve kaliteyi tek par\u00e7ada bulu\u015fturur.<\/p>\n","protected":false},"excerpt":{"rendered":"<p style=\"text-align: center;\">Supreme Textured Cardigan Navy, sofistike lacivert tonu ve zengin dokulu \u00f6rg\u00fcs\u00fcyle gard\u0131robunun zamans\u0131z y\u0131ld\u0131z\u0131. D\u00fc\u011fmeli \u00f6n tasar\u0131m, katmanlamay\u0131 kolayla\u015ft\u0131r\u0131rken ribana man\u015fet ve etek ucu temiz bir form sunar. Yumu\u015fak, dayan\u0131kl\u0131 kuma\u015f\u0131 g\u00fcn boyu konfor sa\u011flar. Minimal logo detaylar\u0131yla \u015f\u0131k, sokak ilhaml\u0131 g\u00f6r\u00fcn\u00fcm\u00fc tamamlar. Jean, chino veya g\u00f6mleklerle zahmetsizce e\u015fle\u015fir; ofisten hafta sonuna kusursuz ge\u00e7i\u015f yapar. Mevsim ge\u00e7i\u015fleri i\u00e7in ideal, \u00e7ok y\u00f6nl\u00fc bu cardigan, stil ve kaliteyi tek par\u00e7ada bulu\u015fturur.<\/p>\n","protected":false},"featured_media":542007,"template":"","meta":{"_acf_changed":false},"product_brand":[1942,1986],"product_cat":[1564,2154,714,2178],"product_tag":[1334],"class_list":{"0":"post-541962","1":"product","2":"type-product","3":"status-publish","4":"has-post-thumbnail","6":"product_brand-supreme","7":"product_brand-supreme-en","8":"product_cat-apparels-en","9":"product_cat-outerwear","10":"product_cat-apparels","11":"product_cat-outerwear-en","12":"product_tag-gri","14":"first","15":"outofstock","16":"shipping-taxable","17":"product-type-variable"},"acf":[],"_links":{"self":[{"href":"https:\/\/sutore.com\/en\/wp-json\/wp\/v2\/product\/541962","targetHints":{"allow":["GET"]}}],"collection":[{"href":"https:\/\/sutore.com\/en\/wp-json\/wp\/v2\/product"}],"about":[{"href":"https:\/\/sutore.com\/en\/wp-json\/wp\/v2\/types\/product"}],"wp:featuredmedia":[{"embeddable":true,"href":"https:\/\/sutore.com\/en\/wp-json\/wp\/v2\/media\/542007"}],"wp:attachment":[{"href":"https:\/\/sutore.com\/en\/wp-json\/wp\/v2\/media?parent=541962"}],"wp:term":[{"taxonomy":"product_brand","embeddable":true,"href":"https:\/\/sutore.com\/en\/wp-json\/wp\/v2\/product_brand?post=541962"},{"taxonomy":"product_cat","embeddable":true,"href":"https:\/\/sutore.com\/en\/wp-json\/wp\/v2\/product_cat?post=541962"},{"taxonomy":"product_tag","embeddable":true,"href":"https:\/\/sutore.com\/en\/wp-json\/wp\/v2\/product_tag?post=541962"}],"curies":[{"name":"wp","href":"https:\/\/api.w.org\/{rel}","templated":true}]}}