{"id":542037,"date":"2025-11-26T13:00:19","date_gmt":"2025-11-26T10:00:19","guid":{"rendered":"https:\/\/sutore.com\/?post_type=product&#038;p=542037"},"modified":"2026-03-30T16:39:12","modified_gmt":"2026-03-30T13:39:12","slug":"puma-tyrese-haliburton-hali-1-hibiscus","status":"publish","type":"product","link":"https:\/\/sutore.com\/en\/product\/puma-tyrese-haliburton-hali-1-hibiscus\/","title":{"rendered":"Puma Tyrese Haliburton Hali 1 Hibiscus"},"content":{"rendered":"<p style=\"text-align: center;\">Tyrese Haliburton imzal\u0131 Puma Hali 1 Hibiscus, sahada h\u0131z ve kontrol arayan basketbolcular i\u00e7in tasarland\u0131. Hafif, nefes alabilen \u00fcst y\u00fczey ve destekleyici yap\u0131 \u00e7eviklik sunarken, duyarl\u0131 yast\u0131klama uzun ma\u00e7larda konfor sa\u011flar. Yap\u0131\u015fkan kau\u00e7uk d\u0131\u015f taban, \u00e7ok y\u00f6nl\u00fc tutu\u015fla h\u0131zl\u0131 duru\u015f-kalk\u0131\u015flar\u0131 g\u00fcvene al\u0131r. G\u00fc\u00e7lendirilmi\u015f yan duvarlar ve bilek deste\u011fi keskin y\u00f6n de\u011fi\u015fimlerinde stabilite verir. Cesur Hibiscus renk d\u00fczeni stilini \u00f6ne \u00e7\u0131kar\u0131r. \u0130dman ve ma\u00e7lara uygun, performans odakl\u0131 bir basketbol ayakkab\u0131s\u0131.<\/p>\n","protected":false},"excerpt":{"rendered":"<p style=\"text-align: center;\">Tyrese Haliburton imzal\u0131 Puma Hali 1 Hibiscus, sahada h\u0131z ve kontrol arayan basketbolcular i\u00e7in tasarland\u0131. Hafif, nefes alabilen \u00fcst y\u00fczey ve destekleyici yap\u0131 \u00e7eviklik sunarken, duyarl\u0131 yast\u0131klama uzun ma\u00e7larda konfor sa\u011flar. Yap\u0131\u015fkan kau\u00e7uk d\u0131\u015f taban, \u00e7ok y\u00f6nl\u00fc tutu\u015fla h\u0131zl\u0131 duru\u015f-kalk\u0131\u015flar\u0131 g\u00fcvene al\u0131r. G\u00fc\u00e7lendirilmi\u015f yan duvarlar ve bilek deste\u011fi keskin y\u00f6n de\u011fi\u015fimlerinde stabilite verir. Cesur Hibiscus renk d\u00fczeni stilini \u00f6ne \u00e7\u0131kar\u0131r. \u0130dman ve ma\u00e7lara uygun, performans odakl\u0131 bir basketbol ayakkab\u0131s\u0131.<\/p>\n","protected":false},"featured_media":542039,"template":"","meta":{"_acf_changed":false},"product_brand":[1907,2099],"product_cat":[2158,2182,74,1569],"product_tag":[1330],"class_list":{"0":"post-542037","1":"product","2":"type-product","3":"status-publish","4":"has-post-thumbnail","6":"product_brand-puma","7":"product_brand-puma-en","8":"product_cat-others","9":"product_cat-others-en","10":"product_cat-sneakers","11":"product_cat-sneakers-en","12":"product_tag-pembe","14":"first","15":"instock","16":"shipping-taxable","17":"purchasable","18":"product-type-variable"},"acf":[],"_links":{"self":[{"href":"https:\/\/sutore.com\/en\/wp-json\/wp\/v2\/product\/542037","targetHints":{"allow":["GET"]}}],"collection":[{"href":"https:\/\/sutore.com\/en\/wp-json\/wp\/v2\/product"}],"about":[{"href":"https:\/\/sutore.com\/en\/wp-json\/wp\/v2\/types\/product"}],"wp:featuredmedia":[{"embeddable":true,"href":"https:\/\/sutore.com\/en\/wp-json\/wp\/v2\/media\/542039"}],"wp:attachment":[{"href":"https:\/\/sutore.com\/en\/wp-json\/wp\/v2\/media?parent=542037"}],"wp:term":[{"taxonomy":"product_brand","embeddable":true,"href":"https:\/\/sutore.com\/en\/wp-json\/wp\/v2\/product_brand?post=542037"},{"taxonomy":"product_cat","embeddable":true,"href":"https:\/\/sutore.com\/en\/wp-json\/wp\/v2\/product_cat?post=542037"},{"taxonomy":"product_tag","embeddable":true,"href":"https:\/\/sutore.com\/en\/wp-json\/wp\/v2\/product_tag?post=542037"}],"curies":[{"name":"wp","href":"https:\/\/api.w.org\/{rel}","templated":true}]}}