{"id":542851,"date":"2025-11-15T18:07:51","date_gmt":"2025-11-15T15:07:51","guid":{"rendered":"https:\/\/sutore.com\/?post_type=product&#038;p=542851"},"modified":"2026-02-16T00:06:46","modified_gmt":"2026-02-15T21:06:46","slug":"ganni-graphic-wool-jumper-phantom-baby-blue","status":"publish","type":"product","link":"https:\/\/sutore.com\/en\/product\/ganni-graphic-wool-jumper-phantom-baby-blue\/","title":{"rendered":"GANNI Graphic Wool Jumper Phantom Baby Blue"},"content":{"rendered":"<p style=\"text-align: center;\">Y\u00fcn ve geri d\u00f6n\u00fc\u015ft\u00fcr\u00fclm\u00fc\u015f y\u00fcn\u2013polyamid kar\u0131\u015f\u0131m\u0131 triko kuma\u015f\u0131yla, \u201cBaby Blue\u201d tonundaki bu kazak yuvarlak yaka, uzun kol ve ribanal\u0131 bilek-etek u\u00e7lar\u0131yla rahat, g\u00fcnl\u00fck kullan\u0131m i\u00e7in ideal. \u00dczerindeki grafik bask\u0131 ve GANNI logosu ile markan\u0131n karakteristik stilini yans\u0131t\u0131r.<\/p>\n","protected":false},"excerpt":{"rendered":"<p style=\"text-align: center;\">Y\u00fcn ve geri d\u00f6n\u00fc\u015ft\u00fcr\u00fclm\u00fc\u015f y\u00fcn\u2013polyamid kar\u0131\u015f\u0131m\u0131 triko kuma\u015f\u0131yla, \u201cBaby Blue\u201d tonundaki bu kazak yuvarlak yaka, uzun kol ve ribanal\u0131 bilek-etek u\u00e7lar\u0131yla rahat, g\u00fcnl\u00fck kullan\u0131m i\u00e7in ideal. \u00dczerindeki grafik bask\u0131 ve GANNI logosu ile markan\u0131n karakteristik stilini yans\u0131t\u0131r.<\/p>\n","protected":false},"featured_media":542967,"template":"","meta":{"_acf_changed":false},"product_brand":[2357,2358],"product_cat":[1564,714,2179,2155],"product_tag":[1332],"class_list":{"0":"post-542851","1":"product","2":"type-product","3":"status-publish","4":"has-post-thumbnail","6":"product_brand-ganni","7":"product_brand-ganni-en","8":"product_cat-apparels-en","9":"product_cat-apparels","10":"product_cat-tops-en","11":"product_cat-tops","12":"product_tag-mavi","14":"first","15":"outofstock","16":"shipping-taxable","17":"product-type-variable"},"acf":[],"_links":{"self":[{"href":"https:\/\/sutore.com\/en\/wp-json\/wp\/v2\/product\/542851","targetHints":{"allow":["GET"]}}],"collection":[{"href":"https:\/\/sutore.com\/en\/wp-json\/wp\/v2\/product"}],"about":[{"href":"https:\/\/sutore.com\/en\/wp-json\/wp\/v2\/types\/product"}],"wp:featuredmedia":[{"embeddable":true,"href":"https:\/\/sutore.com\/en\/wp-json\/wp\/v2\/media\/542967"}],"wp:attachment":[{"href":"https:\/\/sutore.com\/en\/wp-json\/wp\/v2\/media?parent=542851"}],"wp:term":[{"taxonomy":"product_brand","embeddable":true,"href":"https:\/\/sutore.com\/en\/wp-json\/wp\/v2\/product_brand?post=542851"},{"taxonomy":"product_cat","embeddable":true,"href":"https:\/\/sutore.com\/en\/wp-json\/wp\/v2\/product_cat?post=542851"},{"taxonomy":"product_tag","embeddable":true,"href":"https:\/\/sutore.com\/en\/wp-json\/wp\/v2\/product_tag?post=542851"}],"curies":[{"name":"wp","href":"https:\/\/api.w.org\/{rel}","templated":true}]}}