{"id":542904,"date":"2025-07-30T23:40:42","date_gmt":"2025-07-30T20:40:42","guid":{"rendered":"https:\/\/sutore.com\/?post_type=product&#038;p=542904"},"modified":"2026-04-04T04:55:58","modified_gmt":"2026-04-04T01:55:58","slug":"new-balance-1906l-olive-khaki","status":"publish","type":"product","link":"https:\/\/sutore.com\/en\/product\/new-balance-1906l-olive-khaki\/","title":{"rendered":"New Balance 1906L Olive Khaki"},"content":{"rendered":"<p style=\"text-align: center;\">New Balance 1906L Olive Khaki, retro ko\u015fu esintili sneaker sil\u00fcetiyle g\u00fcnl\u00fck stile modern bir yorum katar. Zeytin ye\u015fili\u2013haki paleti her kombinle uyum sa\u011flarken, yumu\u015fak yast\u0131klama ve destekli orta taban g\u00fcn boyu konfor sunar. Konfor odakl\u0131 \u00fcst y\u00fczey ve dayan\u0131kl\u0131 d\u0131\u015f taban uzun \u00f6m\u00fcr sa\u011flar. Unisex tasar\u0131m\u0131yla spor, \u015fehir ve ofis ge\u00e7i\u015flerinde \u00e7ok y\u00f6nl\u00fcd\u00fcr. New Balance 1906L Olive Khaki ile zamans\u0131z g\u00f6r\u00fcn\u00fcm, hafiflik ve g\u00fcvenilir tutu\u015f bir araya gelir.<\/p>\n","protected":false},"excerpt":{"rendered":"<p style=\"text-align: center;\">New Balance 1906L Olive Khaki, retro ko\u015fu esintili sneaker sil\u00fcetiyle g\u00fcnl\u00fck stile modern bir yorum katar. Zeytin ye\u015fili\u2013haki paleti her kombinle uyum sa\u011flarken, yumu\u015fak yast\u0131klama ve destekli orta taban g\u00fcn boyu konfor sunar. Konfor odakl\u0131 \u00fcst y\u00fczey ve dayan\u0131kl\u0131 d\u0131\u015f taban uzun \u00f6m\u00fcr sa\u011flar. Unisex tasar\u0131m\u0131yla spor, \u015fehir ve ofis ge\u00e7i\u015flerinde \u00e7ok y\u00f6nl\u00fcd\u00fcr. New Balance 1906L Olive Khaki ile zamans\u0131z g\u00f6r\u00fcn\u00fcm, hafiflik ve g\u00fcvenilir tutu\u015f bir araya gelir.<\/p>\n","protected":false},"featured_media":543116,"template":"","meta":{"_acf_changed":false},"product_brand":[1980,2086],"product_cat":[1588,109,74,1569],"product_tag":[1331],"class_list":{"0":"post-542904","1":"product","2":"type-product","3":"status-publish","4":"has-post-thumbnail","6":"product_brand-new-balance","7":"product_brand-new-balance-en","8":"product_cat-new-balance-en","9":"product_cat-new-balance","10":"product_cat-sneakers","11":"product_cat-sneakers-en","12":"product_tag-yesil","14":"first","15":"instock","16":"shipping-taxable","17":"purchasable","18":"product-type-variable"},"acf":[],"_links":{"self":[{"href":"https:\/\/sutore.com\/en\/wp-json\/wp\/v2\/product\/542904","targetHints":{"allow":["GET"]}}],"collection":[{"href":"https:\/\/sutore.com\/en\/wp-json\/wp\/v2\/product"}],"about":[{"href":"https:\/\/sutore.com\/en\/wp-json\/wp\/v2\/types\/product"}],"wp:featuredmedia":[{"embeddable":true,"href":"https:\/\/sutore.com\/en\/wp-json\/wp\/v2\/media\/543116"}],"wp:attachment":[{"href":"https:\/\/sutore.com\/en\/wp-json\/wp\/v2\/media?parent=542904"}],"wp:term":[{"taxonomy":"product_brand","embeddable":true,"href":"https:\/\/sutore.com\/en\/wp-json\/wp\/v2\/product_brand?post=542904"},{"taxonomy":"product_cat","embeddable":true,"href":"https:\/\/sutore.com\/en\/wp-json\/wp\/v2\/product_cat?post=542904"},{"taxonomy":"product_tag","embeddable":true,"href":"https:\/\/sutore.com\/en\/wp-json\/wp\/v2\/product_tag?post=542904"}],"curies":[{"name":"wp","href":"https:\/\/api.w.org\/{rel}","templated":true}]}}