{"id":543371,"date":"2024-02-15T23:08:47","date_gmt":"2024-02-15T20:08:47","guid":{"rendered":"https:\/\/sutore.com\/?post_type=product&#038;p=543371"},"modified":"2026-04-02T17:28:36","modified_gmt":"2026-04-02T14:28:36","slug":"new-balance-2002r-gore-tex-jjjjound-charcoal","status":"publish","type":"product","link":"https:\/\/sutore.com\/en\/product\/new-balance-2002r-gore-tex-jjjjound-charcoal\/","title":{"rendered":"New Balance 2002R Gore-Tex JJJJound Charcoal"},"content":{"rendered":"<p style=\"text-align: center;\">New Balance 2002R Gore\u2011Tex JJJJound Charcoal, minimalist estetik ile her hava ko\u015fuluna uygun performans\u0131 bulu\u015fturur. GORE\u2011TEX membran su ge\u00e7irmez ve nefes alabilir koruma sunarken, premium s\u00fcet\/mesh \u00fcst y\u00fczey ve JJJJound imzal\u0131 sade detaylar \u015f\u0131kl\u0131\u011f\u0131 \u00f6ne \u00e7\u0131kar\u0131r. ABZORB yast\u0131klama ve N\u2011ergy d\u0131\u015f taban uzun s\u00fcreli konfor ile \u00fcst\u00fcn darbe emilimi sa\u011flar; dayan\u0131kl\u0131 tutu\u015f \u015fehir y\u00fcr\u00fcy\u00fc\u015flerinden g\u00fcnl\u00fck kullan\u0131ma idealdir.<\/p>\n","protected":false},"excerpt":{"rendered":"<p style=\"text-align: center;\">New Balance 2002R Gore\u2011Tex JJJJound Charcoal, minimalist estetik ile her hava ko\u015fuluna uygun performans\u0131 bulu\u015fturur. GORE\u2011TEX membran su ge\u00e7irmez ve nefes alabilir koruma sunarken, premium s\u00fcet\/mesh \u00fcst y\u00fczey ve JJJJound imzal\u0131 sade detaylar \u015f\u0131kl\u0131\u011f\u0131 \u00f6ne \u00e7\u0131kar\u0131r. ABZORB yast\u0131klama ve N\u2011ergy d\u0131\u015f taban uzun s\u00fcreli konfor ile \u00fcst\u00fcn darbe emilimi sa\u011flar; dayan\u0131kl\u0131 tutu\u015f \u015fehir y\u00fcr\u00fcy\u00fc\u015flerinden g\u00fcnl\u00fck kullan\u0131ma idealdir.<\/p>\n","protected":false},"featured_media":543409,"template":"","meta":{"_acf_changed":false},"product_brand":[1980,2086],"product_cat":[1803,1805,109,1588,74,1569],"product_tag":[1334],"class_list":{"0":"post-543371","1":"product","2":"type-product","3":"status-publish","4":"has-post-thumbnail","6":"product_brand-new-balance","7":"product_brand-new-balance-en","8":"product_cat-2002r","9":"product_cat-2002r-en","10":"product_cat-new-balance","11":"product_cat-new-balance-en","12":"product_cat-sneakers","13":"product_cat-sneakers-en","14":"product_tag-gri","16":"first","17":"instock","18":"shipping-taxable","19":"purchasable","20":"product-type-variable"},"acf":[],"_links":{"self":[{"href":"https:\/\/sutore.com\/en\/wp-json\/wp\/v2\/product\/543371","targetHints":{"allow":["GET"]}}],"collection":[{"href":"https:\/\/sutore.com\/en\/wp-json\/wp\/v2\/product"}],"about":[{"href":"https:\/\/sutore.com\/en\/wp-json\/wp\/v2\/types\/product"}],"wp:featuredmedia":[{"embeddable":true,"href":"https:\/\/sutore.com\/en\/wp-json\/wp\/v2\/media\/543409"}],"wp:attachment":[{"href":"https:\/\/sutore.com\/en\/wp-json\/wp\/v2\/media?parent=543371"}],"wp:term":[{"taxonomy":"product_brand","embeddable":true,"href":"https:\/\/sutore.com\/en\/wp-json\/wp\/v2\/product_brand?post=543371"},{"taxonomy":"product_cat","embeddable":true,"href":"https:\/\/sutore.com\/en\/wp-json\/wp\/v2\/product_cat?post=543371"},{"taxonomy":"product_tag","embeddable":true,"href":"https:\/\/sutore.com\/en\/wp-json\/wp\/v2\/product_tag?post=543371"}],"curies":[{"name":"wp","href":"https:\/\/api.w.org\/{rel}","templated":true}]}}